{"id":90851,"date":"2022-07-17T15:57:53","date_gmt":"2022-07-17T20:57:53","guid":{"rendered":"https:\/\/defabrica.com.mx\/defabrica\/?post_type=product&#038;p=90851"},"modified":"2023-01-18T15:35:42","modified_gmt":"2023-01-18T21:35:42","slug":"nuevo-super-mario-bros-u-deluxe-nintendo-switch","status":"publish","type":"product","link":"https:\/\/defabrica.com.mx\/defabrica\/producto\/nuevo-super-mario-bros-u-deluxe-nintendo-switch\/","title":{"rendered":"Nuevo Super Mario Bros. U Deluxe &#8211; Nintendo Switch"},"content":{"rendered":"<p>\u00danete a Mario, Luigi y amigos para divertirte en un solo jugador o multijugador en cualquier momento y en cualquier lugar.\u00a0Emb\u00e1rcate en dos aventuras de desplazamiento lateral para toda la familia con hasta tres amigos* mientras intentas salvar el Reino Champi\u00f1\u00f3n.\u00a0Incluye el juego New Super Mario Bros. U y un juego New Super Luigi U m\u00e1s dif\u00edcil y r\u00e1pido, que incluyen a Nabbit y Toadette como personajes jugables.<\/p>\n<h3 class=\"heading-5 v-fw-regular feature-heading\"><strong>Caracter\u00edsticas<\/strong><\/h3>\n<ul>\n<li><strong>Dos juegos de Super Mario Bros. en uno para duplicar la diversi\u00f3n<\/strong><\/li>\n<li><strong>Hay una variedad de personajes jugables disponibles, algunos con atributos \u00fanicos que afectan el juego y la f\u00edsica de las plataformas.<\/strong><\/li>\n<li><strong>A los jugadores m\u00e1s j\u00f3venes y menos experimentados les encantar\u00e1 jugar como Toadette, que es nuevo en ambos juegos, y Nabbit, que anteriormente solo se pod\u00eda jugar en New Super Luigi U. Ambos personajes ofrecen asistencia adicional durante el juego.<\/strong><\/li>\n<li><strong>Las sesiones multijugador son a\u00fan m\u00e1s divertidas, fren\u00e9ticas y emocionantes gracias a las entretenidas interacciones de los personajes. \u00bfNecesitas un impulso? Intenta saltar de la cabeza de un compa\u00f1ero de equipo o hacer que un compa\u00f1ero de equipo te lance<\/strong><\/li>\n<li><strong>Cuenta con una gran cantidad de funciones de ayuda, como una galer\u00eda de sugerencias, videos de referencia** y una S\u00faper gu\u00eda en New Super Mario Bros. U que puede completar niveles por ti si te causan problemas.<\/strong><\/li>\n<li><strong>Tres modos adicionales (Boost Rush, Challenges y Coin Battle) mezclan el juego y agregan rejugabilidad al mismo tiempo que aumentan la dificultad para los jugadores que quieren probar algo m\u00e1s dif\u00edcil. Los jugadores pueden usar sus personajes Mii en estos modos<\/strong><\/li>\n<li><strong>Comparte la aventura con un amigo. Durante el juego cooperativo de dos jugadores, cada jugador puede usar un solo controlador Joy-Con, por lo que no se requieren accesorios adicionales. Agregue dos jugadores m\u00e1s a la mezcla: todo lo que necesita es un juego adicional de controladores Joy-Con (se venden por separado)<\/strong><\/li>\n<\/ul>\n","protected":false},"excerpt":{"rendered":"<p>\u00danete a Mario, Luigi y amigos para divertirte en un solo jugador o multijugador en cualquier momento y en cualquier lugar.\u00a0Emb\u00e1rcate en dos aventuras de desplazamiento lateral para toda la<\/p>\n","protected":false},"featured_media":90852,"comment_status":"open","ping_status":"closed","template":"","meta":{"_acf_changed":false,"_joinchat":[]},"product_brand":[],"product_cat":[277,894],"product_tag":[],"class_list":{"0":"post-90851","1":"product","2":"type-product","3":"status-publish","4":"has-post-thumbnail","6":"product_cat-zona-gamer","7":"product_cat-videojuegos","9":"first","10":"instock","11":"sale","12":"shipping-taxable","13":"purchasable","14":"product-type-simple"},"acf":[],"_links":{"self":[{"href":"https:\/\/defabrica.com.mx\/defabrica\/wp-json\/wp\/v2\/product\/90851","targetHints":{"allow":["GET"]}}],"collection":[{"href":"https:\/\/defabrica.com.mx\/defabrica\/wp-json\/wp\/v2\/product"}],"about":[{"href":"https:\/\/defabrica.com.mx\/defabrica\/wp-json\/wp\/v2\/types\/product"}],"replies":[{"embeddable":true,"href":"https:\/\/defabrica.com.mx\/defabrica\/wp-json\/wp\/v2\/comments?post=90851"}],"wp:featuredmedia":[{"embeddable":true,"href":"https:\/\/defabrica.com.mx\/defabrica\/wp-json\/wp\/v2\/media\/90852"}],"wp:attachment":[{"href":"https:\/\/defabrica.com.mx\/defabrica\/wp-json\/wp\/v2\/media?parent=90851"}],"wp:term":[{"taxonomy":"product_brand","embeddable":true,"href":"https:\/\/defabrica.com.mx\/defabrica\/wp-json\/wp\/v2\/product_brand?post=90851"},{"taxonomy":"product_cat","embeddable":true,"href":"https:\/\/defabrica.com.mx\/defabrica\/wp-json\/wp\/v2\/product_cat?post=90851"},{"taxonomy":"product_tag","embeddable":true,"href":"https:\/\/defabrica.com.mx\/defabrica\/wp-json\/wp\/v2\/product_tag?post=90851"}],"curies":[{"name":"wp","href":"https:\/\/api.w.org\/{rel}","templated":true}]}}