{"id":90844,"date":"2022-07-17T15:53:54","date_gmt":"2022-07-17T20:53:54","guid":{"rendered":"https:\/\/defabrica.com.mx\/defabrica\/?post_type=product&#038;p=90844"},"modified":"2023-01-18T15:35:21","modified_gmt":"2023-01-18T21:35:21","slug":"mario-kart-8-deluxe-nintendo-switch","status":"publish","type":"product","link":"https:\/\/defabrica.com.mx\/defabrica\/producto\/mario-kart-8-deluxe-nintendo-switch\/","title":{"rendered":"Mario Kart 8 Deluxe &#8211; Nintendo Switch"},"content":{"rendered":"<p>\u00a1Sal a la carretera con la versi\u00f3n definitiva de Mario Kart 8 y juega en cualquier momento y en cualquier lugar!\u00a0Compite con tus amigos o enfr\u00e9ntate a ellos en un modo de batalla revisado en campos de batalla nuevos y antiguos.\u00a0Juega localmente en multijugador de hasta 4 jugadores en 1080p mientras juegas en modo TV.\u00a0Cada pista de la versi\u00f3n de Wii U, incluido el contenido descargable, regresa gloriosamente.<\/p>\n<h3 class=\"heading-5 v-fw-regular feature-heading\"><strong>Caracter\u00edsticas<\/strong><\/h3>\n<ul>\n<li><strong>\u00a1Sal a la carretera con la versi\u00f3n definitiva de Mario Kart 8 y juega en cualquier momento y en cualquier lugar! Compite con tus amigos o enfr\u00e9ntate a ellos en un modo de batalla revisado en campos de batalla nuevos y antiguos.<\/strong><\/li>\n<li><strong>Juega localmente en multijugador de hasta 4 jugadores en 1080p mientras juegas en modo TV. Cada pista de la versi\u00f3n de Wii U, incluido el contenido descargable, regresa gloriosamente.<\/strong><\/li>\n<li><strong>Adem\u00e1s, los Inklings aparecen como personajes invitados completamente nuevos, junto con los favoritos que regresan, como King Boo, Dry Bones y Bowser Jr.<\/strong><\/li>\n<li><strong>Los jugadores pueden elegir una nueva funci\u00f3n de direcci\u00f3n inteligente que facilita la conducci\u00f3n y la permanencia en la pista para los jugadores novatos y los ni\u00f1os, incluso a 200 cc.<\/strong><\/li>\n<li><strong>Elija una nueva funci\u00f3n de direcci\u00f3n inteligente que facilita la conducci\u00f3n y la permanencia en la pista incluso a 200 cc<\/strong><\/li>\n<li><strong>Se han agregado tres nuevos veh\u00edculos, dos incluso est\u00e1n inspirados en Splatoon<\/strong><\/li>\n<li><strong>Llevar dos art\u00edculos al mismo tiempo<\/strong><\/li>\n<li><strong>Los art\u00edculos que regresan incluyen a Boo, el fantasma que roba art\u00edculos, y la pluma, que te da un gran salto en el modo de batalla.<\/strong><\/li>\n<li><strong>Conduce en calidad HD de 1080p en modo TV<\/strong><\/li>\n<li><strong>Para 1 jugador o hasta 12 jugadores multijugador en l\u00ednea<\/strong><\/li>\n<\/ul>\n","protected":false},"excerpt":{"rendered":"<p>\u00a1Sal a la carretera con la versi\u00f3n definitiva de Mario Kart 8 y juega en cualquier momento y en cualquier lugar!\u00a0Compite con tus amigos o enfr\u00e9ntate a ellos en un<\/p>\n","protected":false},"featured_media":90846,"comment_status":"open","ping_status":"closed","template":"","meta":{"_acf_changed":false,"_joinchat":[]},"product_brand":[],"product_cat":[277,894],"product_tag":[],"class_list":{"0":"post-90844","1":"product","2":"type-product","3":"status-publish","4":"has-post-thumbnail","6":"product_cat-zona-gamer","7":"product_cat-videojuegos","9":"first","10":"instock","11":"sale","12":"shipping-taxable","13":"purchasable","14":"product-type-simple"},"acf":[],"_links":{"self":[{"href":"https:\/\/defabrica.com.mx\/defabrica\/wp-json\/wp\/v2\/product\/90844","targetHints":{"allow":["GET"]}}],"collection":[{"href":"https:\/\/defabrica.com.mx\/defabrica\/wp-json\/wp\/v2\/product"}],"about":[{"href":"https:\/\/defabrica.com.mx\/defabrica\/wp-json\/wp\/v2\/types\/product"}],"replies":[{"embeddable":true,"href":"https:\/\/defabrica.com.mx\/defabrica\/wp-json\/wp\/v2\/comments?post=90844"}],"wp:featuredmedia":[{"embeddable":true,"href":"https:\/\/defabrica.com.mx\/defabrica\/wp-json\/wp\/v2\/media\/90846"}],"wp:attachment":[{"href":"https:\/\/defabrica.com.mx\/defabrica\/wp-json\/wp\/v2\/media?parent=90844"}],"wp:term":[{"taxonomy":"product_brand","embeddable":true,"href":"https:\/\/defabrica.com.mx\/defabrica\/wp-json\/wp\/v2\/product_brand?post=90844"},{"taxonomy":"product_cat","embeddable":true,"href":"https:\/\/defabrica.com.mx\/defabrica\/wp-json\/wp\/v2\/product_cat?post=90844"},{"taxonomy":"product_tag","embeddable":true,"href":"https:\/\/defabrica.com.mx\/defabrica\/wp-json\/wp\/v2\/product_tag?post=90844"}],"curies":[{"name":"wp","href":"https:\/\/api.w.org\/{rel}","templated":true}]}}