{"id":90838,"date":"2022-07-17T15:47:46","date_gmt":"2022-07-17T20:47:46","guid":{"rendered":"https:\/\/defabrica.com.mx\/defabrica\/?post_type=product&#038;p=90838"},"modified":"2022-07-17T15:47:46","modified_gmt":"2022-07-17T20:47:46","slug":"fitness-boxing-2-ritmo-y-ejercicio-nintendo-switch","status":"publish","type":"product","link":"https:\/\/defabrica.com.mx\/defabrica\/producto\/fitness-boxing-2-ritmo-y-ejercicio-nintendo-switch\/","title":{"rendered":"Fitness Boxing 2: Ritmo y ejercicio &#8211; Nintendo Switch"},"content":{"rendered":"<p><span>\u00a1 Haz ejercicio en casa y golpea al ritmo de\u00a0<\/span><span>Jab, uppercut, dodge y m\u00e1s con pegadizas melod\u00edas pop en este r\u00edtmico juego de boxeo!\u00a0Esquivar, agacharse y moverse con pasos convierten el boxeo f\u00edsico en un entrenamiento para todo el cuerpo.\u00a0Pase un controlador Joy-Con\u2122 a un compa\u00f1ero de ejercicio y sigan el ritmo juntos.\u00a0<\/span><span>Personaliza tu entrenamiento con la ayuda de un instructor virtual.<\/span><\/p>\n<h3 class=\"heading-5 v-fw-regular feature-heading\"><strong>Caracter\u00edsticas<\/strong><\/h3>\n<div class=\"list-row\"><\/div>\n<div class=\"list-row\">\n<ul>\n<li><strong>Entrena en casa realizando movimientos de boxeo como jabs y uppercuts con pegadizas melod\u00edas pop.<\/strong><\/li>\n<li><strong>Pase un controlador Joy-Con\u2122 a un compa\u00f1ero de entrenamiento y disfrute de un entrenamiento de 2 jugadores<\/strong><\/li>\n<li><strong>Elija una configuraci\u00f3n de dificultad que se adapte a su capacidad y objetivos<\/strong><\/li>\n<li><strong>Los instructores en el juego le brindan comentarios y orientaci\u00f3n para ayudarlo a aprovechar al m\u00e1ximo su ejercicio.<\/strong><\/li>\n<li><strong>Vea ejemplos \u00fatiles o practique movimientos espec\u00edficos para mejorar su forma<\/strong><\/li>\n<li><strong>Transfiera datos del juego Fitness Boxing a Fitness Boxing 2: Rhythm &amp; Exercise, una vez comprado, para mantener su perfil y progreso<\/strong><\/li>\n<\/ul>\n<\/div>\n","protected":false},"excerpt":{"rendered":"<p>\u00a1 Haz ejercicio en casa y golpea al ritmo de\u00a0Jab, uppercut, dodge y m\u00e1s con pegadizas melod\u00edas pop en este r\u00edtmico juego de boxeo!\u00a0Esquivar, agacharse y moverse con pasos convierten<\/p>\n","protected":false},"featured_media":90841,"comment_status":"open","ping_status":"closed","template":"","meta":{"_acf_changed":false,"_joinchat":[]},"product_brand":[],"product_cat":[277,894],"product_tag":[],"class_list":{"0":"post-90838","1":"product","2":"type-product","3":"status-publish","4":"has-post-thumbnail","6":"product_cat-zona-gamer","7":"product_cat-videojuegos","9":"first","10":"instock","11":"sale","12":"shipping-taxable","13":"purchasable","14":"product-type-simple"},"acf":[],"_links":{"self":[{"href":"https:\/\/defabrica.com.mx\/defabrica\/wp-json\/wp\/v2\/product\/90838","targetHints":{"allow":["GET"]}}],"collection":[{"href":"https:\/\/defabrica.com.mx\/defabrica\/wp-json\/wp\/v2\/product"}],"about":[{"href":"https:\/\/defabrica.com.mx\/defabrica\/wp-json\/wp\/v2\/types\/product"}],"replies":[{"embeddable":true,"href":"https:\/\/defabrica.com.mx\/defabrica\/wp-json\/wp\/v2\/comments?post=90838"}],"wp:featuredmedia":[{"embeddable":true,"href":"https:\/\/defabrica.com.mx\/defabrica\/wp-json\/wp\/v2\/media\/90841"}],"wp:attachment":[{"href":"https:\/\/defabrica.com.mx\/defabrica\/wp-json\/wp\/v2\/media?parent=90838"}],"wp:term":[{"taxonomy":"product_brand","embeddable":true,"href":"https:\/\/defabrica.com.mx\/defabrica\/wp-json\/wp\/v2\/product_brand?post=90838"},{"taxonomy":"product_cat","embeddable":true,"href":"https:\/\/defabrica.com.mx\/defabrica\/wp-json\/wp\/v2\/product_cat?post=90838"},{"taxonomy":"product_tag","embeddable":true,"href":"https:\/\/defabrica.com.mx\/defabrica\/wp-json\/wp\/v2\/product_tag?post=90838"}],"curies":[{"name":"wp","href":"https:\/\/api.w.org\/{rel}","templated":true}]}}