{"id":90831,"date":"2022-07-17T15:39:47","date_gmt":"2022-07-17T20:39:47","guid":{"rendered":"https:\/\/defabrica.com.mx\/defabrica\/?post_type=product&#038;p=90831"},"modified":"2023-01-18T15:34:37","modified_gmt":"2023-01-18T21:34:37","slug":"warioware-get-it-together-nintendo-switch-nintendo-switch-lite","status":"publish","type":"product","link":"https:\/\/defabrica.com.mx\/defabrica\/producto\/warioware-get-it-together-nintendo-switch-nintendo-switch-lite\/","title":{"rendered":"WarioWare: Get It Together! &#8211; Nintendo Switch, Nintendo Switch Lite"},"content":{"rendered":"<p>El caos de los microjuegos llega al sistema Nintendo Switch\u00a0Enfr\u00e9ntate a m\u00e1s de 200 microjuegos r\u00e1pidos y extravagantes, minijuegos ultrarr\u00e1pidos llenos de diversi\u00f3n fren\u00e9tica, \u00a1solo o con amigos!\u00a0Cuando su \u00faltimo plan de negocios descabellado sale mal, Wario debe usar su estilo caracter\u00edstico (y olor) para arreglarlo.\u00a0\u00bfC\u00f3mo?\u00a0\u00a1Jugando una colecci\u00f3n retorcida de microjuegos, por supuesto!\u00a0Desde ensamblar un robot hasta arrancarle el vello de la axila a una estatua, WarioWare\u2122: Get It Together!\u00a0El juego es una combinaci\u00f3n de microjuegos cooperativa y c\u00f3mica.<\/p>\n<h3 class=\"heading-5 v-fw-regular feature-heading\"><strong>Caracter\u00edsticas<\/strong><\/h3>\n<ul>\n<li><strong>La alocada serie WarioWare\u2122 llega a la consola Nintendo Switch\u2122<\/strong><\/li>\n<li><strong>Enfr\u00e9ntate a m\u00e1s de 200 microjuegos, minijuegos ultrarr\u00e1pidos llenos de diversi\u00f3n fren\u00e9tica, solo o con amigos*<\/strong><\/li>\n<li><strong>Juega cooperativo en el modo Historia o prueba el paquete variado para disfrutar de un juego c\u00f3mico y competitivo.<\/strong><\/li>\n<li><strong>Elige un personaje y usa sus distintas habilidades para completar microjuegos.<\/strong><\/li>\n<li><strong>Canjea la moneda del juego y dale art\u00edculos a los personajes para mejorar sus estad\u00edsticas.<\/strong><\/li>\n<li><strong>Reg\u00edstrese semanalmente y obtenga el puntaje m\u00e1s alto en Wario Cup, un conjunto rotativo semanal de desaf\u00edos<\/strong><\/li>\n<\/ul>\n","protected":false},"excerpt":{"rendered":"<p>El caos de los microjuegos llega al sistema Nintendo Switch\u00a0Enfr\u00e9ntate a m\u00e1s de 200 microjuegos r\u00e1pidos y extravagantes, minijuegos ultrarr\u00e1pidos llenos de diversi\u00f3n fren\u00e9tica, \u00a1solo o con amigos!\u00a0Cuando su \u00faltimo<\/p>\n","protected":false},"featured_media":90833,"comment_status":"open","ping_status":"closed","template":"","meta":{"_acf_changed":false,"_joinchat":[]},"product_brand":[],"product_cat":[277,894],"product_tag":[],"class_list":{"0":"post-90831","1":"product","2":"type-product","3":"status-publish","4":"has-post-thumbnail","6":"product_cat-zona-gamer","7":"product_cat-videojuegos","9":"first","10":"instock","11":"sale","12":"shipping-taxable","13":"purchasable","14":"product-type-simple"},"acf":[],"_links":{"self":[{"href":"https:\/\/defabrica.com.mx\/defabrica\/wp-json\/wp\/v2\/product\/90831","targetHints":{"allow":["GET"]}}],"collection":[{"href":"https:\/\/defabrica.com.mx\/defabrica\/wp-json\/wp\/v2\/product"}],"about":[{"href":"https:\/\/defabrica.com.mx\/defabrica\/wp-json\/wp\/v2\/types\/product"}],"replies":[{"embeddable":true,"href":"https:\/\/defabrica.com.mx\/defabrica\/wp-json\/wp\/v2\/comments?post=90831"}],"wp:featuredmedia":[{"embeddable":true,"href":"https:\/\/defabrica.com.mx\/defabrica\/wp-json\/wp\/v2\/media\/90833"}],"wp:attachment":[{"href":"https:\/\/defabrica.com.mx\/defabrica\/wp-json\/wp\/v2\/media?parent=90831"}],"wp:term":[{"taxonomy":"product_brand","embeddable":true,"href":"https:\/\/defabrica.com.mx\/defabrica\/wp-json\/wp\/v2\/product_brand?post=90831"},{"taxonomy":"product_cat","embeddable":true,"href":"https:\/\/defabrica.com.mx\/defabrica\/wp-json\/wp\/v2\/product_cat?post=90831"},{"taxonomy":"product_tag","embeddable":true,"href":"https:\/\/defabrica.com.mx\/defabrica\/wp-json\/wp\/v2\/product_tag?post=90831"}],"curies":[{"name":"wp","href":"https:\/\/api.w.org\/{rel}","templated":true}]}}