{"id":90816,"date":"2022-07-17T15:28:45","date_gmt":"2022-07-17T20:28:45","guid":{"rendered":"https:\/\/defabrica.com.mx\/defabrica\/?post_type=product&#038;p=90816"},"modified":"2022-07-17T15:28:46","modified_gmt":"2022-07-17T20:28:46","slug":"miitopia-nintendo-switch-lite-nintendo-switch","status":"publish","type":"product","link":"https:\/\/defabrica.com.mx\/defabrica\/producto\/miitopia-nintendo-switch-lite-nintendo-switch\/","title":{"rendered":"Miitopia &#8211; Nintendo Switch Lite, Nintendo Switch"},"content":{"rendered":"<p><span>\u00a1Empieza una divertida aventura junto a tu familia y amigos!\u00a0<\/span><span>Re\u00fane a tus amigos, familiares o cualquier persona que elijas en una aventura llena de comedia para derrotar al Se\u00f1or Oscuro que te roba la cara.\u00a0Crea y personaliza los personajes Mii\u2122 de quien quieras y as\u00edgnales roles en la aventura de fantas\u00eda de tu vida.\u00a0Con la personalizaci\u00f3n ampliada en Miitopia, incluso puedes agregar pelucas y maquillaje para dar a tus personajes m\u00e1s&#8230; car\u00e1cter.\u00a0<\/span><\/p>\n<h3 class=\"heading-5 v-fw-regular feature-heading\"><strong>Caracter\u00edsticas<\/strong><\/h3>\n<ul>\n<li><strong>Una aventura con un elenco de personajes Mii de tu elecci\u00f3n<\/strong><\/li>\n<li><strong>Usa pelucas y maquillaje y asigna personalidades para dar vida a los personajes Mii\u2122.<\/strong><\/li>\n<li><strong>Construye relaciones entre personajes para di\u00e1logos hilarantes y bonificaciones en batalla.<\/strong><\/li>\n<li><strong>Asigna trabajos a tus personajes, s\u00fabelos de nivel y participa en batallas por turnos.<\/strong><\/li>\n<\/ul>\n","protected":false},"excerpt":{"rendered":"<p>\u00a1Empieza una divertida aventura junto a tu familia y amigos!\u00a0Re\u00fane a tus amigos, familiares o cualquier persona que elijas en una aventura llena de comedia para derrotar al Se\u00f1or Oscuro<\/p>\n","protected":false},"featured_media":90817,"comment_status":"open","ping_status":"closed","template":"","meta":{"_acf_changed":false,"_joinchat":[]},"product_brand":[],"product_cat":[277,894],"product_tag":[],"class_list":{"0":"post-90816","1":"product","2":"type-product","3":"status-publish","4":"has-post-thumbnail","6":"product_cat-zona-gamer","7":"product_cat-videojuegos","9":"first","10":"instock","11":"sale","12":"shipping-taxable","13":"purchasable","14":"product-type-simple"},"acf":[],"_links":{"self":[{"href":"https:\/\/defabrica.com.mx\/defabrica\/wp-json\/wp\/v2\/product\/90816","targetHints":{"allow":["GET"]}}],"collection":[{"href":"https:\/\/defabrica.com.mx\/defabrica\/wp-json\/wp\/v2\/product"}],"about":[{"href":"https:\/\/defabrica.com.mx\/defabrica\/wp-json\/wp\/v2\/types\/product"}],"replies":[{"embeddable":true,"href":"https:\/\/defabrica.com.mx\/defabrica\/wp-json\/wp\/v2\/comments?post=90816"}],"wp:featuredmedia":[{"embeddable":true,"href":"https:\/\/defabrica.com.mx\/defabrica\/wp-json\/wp\/v2\/media\/90817"}],"wp:attachment":[{"href":"https:\/\/defabrica.com.mx\/defabrica\/wp-json\/wp\/v2\/media?parent=90816"}],"wp:term":[{"taxonomy":"product_brand","embeddable":true,"href":"https:\/\/defabrica.com.mx\/defabrica\/wp-json\/wp\/v2\/product_brand?post=90816"},{"taxonomy":"product_cat","embeddable":true,"href":"https:\/\/defabrica.com.mx\/defabrica\/wp-json\/wp\/v2\/product_cat?post=90816"},{"taxonomy":"product_tag","embeddable":true,"href":"https:\/\/defabrica.com.mx\/defabrica\/wp-json\/wp\/v2\/product_tag?post=90816"}],"curies":[{"name":"wp","href":"https:\/\/api.w.org\/{rel}","templated":true}]}}