{"id":90810,"date":"2022-07-17T15:23:12","date_gmt":"2022-07-17T20:23:12","guid":{"rendered":"https:\/\/defabrica.com.mx\/defabrica\/?post_type=product&#038;p=90810"},"modified":"2022-07-20T17:41:25","modified_gmt":"2022-07-20T22:41:25","slug":"paper-mario-el-rey-del-origami-nintendo-switch-nintendo-switch-lite","status":"publish","type":"product","link":"https:\/\/defabrica.com.mx\/defabrica\/producto\/paper-mario-el-rey-del-origami-nintendo-switch-nintendo-switch-lite\/","title":{"rendered":"Paper Mario: El Rey del Origami &#8211; Nintendo Switch, Nintendo Switch Lite"},"content":{"rendered":"<p>\u00a1Se desarrolla una nueva aventura de Mario hecha en papel en Nintendo Switch!\u00a0\u00a1El reino ha sido devastado por una amenaza de origami!\u00a0\u00danete a Mario y su nueva compa\u00f1era, Olivia, mientras luchan contra los malvados Folded Soldiers, reparan el paisaje da\u00f1ado e intentan liberar el castillo de Princess Peach de las garras del Rey Olly en esta aventura llena de comedia, solo en el sistema Nintendo Switch\u2122.<\/p>\n<h3 class=\"heading-5 v-fw-regular feature-heading\"><strong>Caracter\u00edsticas<\/strong><\/h3>\n<ul>\n<li><strong>\u00a1Se desarrolla una nueva aventura de Mario hecha en papel en Nintendo Switch!<\/strong><\/li>\n<li><strong>\u00a1El reino ha sido devastado por una amenaza de origami! \u00danete a Mario y su nueva compa\u00f1era, Olivia, mientras luchan contra los malvados Folded Soldiers, reparan el paisaje da\u00f1ado e intentan liberar el castillo de la princesa Peach de las garras del rey Olly en esta aventura llena de comedia.<\/strong><\/li>\n<li><strong>Domine las batallas estrat\u00e9gicas basadas en anillos: alinee enemigos dispersos y planifique su ataque para maximizar el da\u00f1o con el nuevo sistema de batalla basado en anillos que requiere habilidades para resolver acertijos y un ingenio r\u00e1pido.<\/strong><\/li>\n<li><strong>\u00danase a Mario, Olivia y sus compa\u00f1eros en un viaje de risas y emociones, emociones y mucho plegado.<\/strong><\/li>\n<\/ul>\n","protected":false},"excerpt":{"rendered":"<p>\u00a1Se desarrolla una nueva aventura de Mario hecha en papel en Nintendo Switch!\u00a0\u00a1El reino ha sido devastado por una amenaza de origami!\u00a0\u00danete a Mario y su nueva compa\u00f1era, Olivia, mientras<\/p>\n","protected":false},"featured_media":90811,"comment_status":"open","ping_status":"closed","template":"","meta":{"_acf_changed":false,"_joinchat":[]},"product_brand":[],"product_cat":[277,894],"product_tag":[],"class_list":{"0":"post-90810","1":"product","2":"type-product","3":"status-publish","4":"has-post-thumbnail","6":"product_cat-zona-gamer","7":"product_cat-videojuegos","9":"first","10":"instock","11":"sale","12":"shipping-taxable","13":"purchasable","14":"product-type-simple"},"acf":[],"_links":{"self":[{"href":"https:\/\/defabrica.com.mx\/defabrica\/wp-json\/wp\/v2\/product\/90810","targetHints":{"allow":["GET"]}}],"collection":[{"href":"https:\/\/defabrica.com.mx\/defabrica\/wp-json\/wp\/v2\/product"}],"about":[{"href":"https:\/\/defabrica.com.mx\/defabrica\/wp-json\/wp\/v2\/types\/product"}],"replies":[{"embeddable":true,"href":"https:\/\/defabrica.com.mx\/defabrica\/wp-json\/wp\/v2\/comments?post=90810"}],"wp:featuredmedia":[{"embeddable":true,"href":"https:\/\/defabrica.com.mx\/defabrica\/wp-json\/wp\/v2\/media\/90811"}],"wp:attachment":[{"href":"https:\/\/defabrica.com.mx\/defabrica\/wp-json\/wp\/v2\/media?parent=90810"}],"wp:term":[{"taxonomy":"product_brand","embeddable":true,"href":"https:\/\/defabrica.com.mx\/defabrica\/wp-json\/wp\/v2\/product_brand?post=90810"},{"taxonomy":"product_cat","embeddable":true,"href":"https:\/\/defabrica.com.mx\/defabrica\/wp-json\/wp\/v2\/product_cat?post=90810"},{"taxonomy":"product_tag","embeddable":true,"href":"https:\/\/defabrica.com.mx\/defabrica\/wp-json\/wp\/v2\/product_tag?post=90810"}],"curies":[{"name":"wp","href":"https:\/\/api.w.org\/{rel}","templated":true}]}}