{"id":90709,"date":"2022-07-17T01:01:47","date_gmt":"2022-07-17T06:01:47","guid":{"rendered":"https:\/\/defabrica.com.mx\/defabrica\/?post_type=product&#038;p=90709"},"modified":"2023-01-18T15:29:27","modified_gmt":"2023-01-18T21:29:27","slug":"dc-league-of-super-pets-las-aventuras-de-krypto-y-ace-nintendo-switch","status":"publish","type":"product","link":"https:\/\/defabrica.com.mx\/defabrica\/producto\/dc-league-of-super-pets-las-aventuras-de-krypto-y-ace-nintendo-switch\/","title":{"rendered":"DC League of Super Pets: Las aventuras de Krypto y Ace &#8211; Nintendo Switch"},"content":{"rendered":"<div class=\"embedded-component-container lv product-description\">\n<div>\n<div id=\"shop-product-description-58736277\" class=\"_none\" data-version=\"1.3.46\">\n<div class=\"shop-product-description\">\n<section class=\"align-heading-left\" data-reactroot=\"\">\n<div class=\"long-description-container body-copy \">\n<div class=\"html-fragment\">V\u00edstete como los superperros Krypto y Ace y vuela por las calles de Metr\u00f3polis, en un juego de acci\u00f3n y aventuras sobre ra\u00edles que destroza bots.\u00a0El videojuego &#8216;DC League of Super-Pets&#8217; pondr\u00e1 a los jugadores en las patas de Krypto y Ace mientras surcan los cielos para proteger a la poblaci\u00f3n animal de Metr\u00f3polis de una nueva y inminente amenaza.<\/div>\n<\/div>\n<\/section>\n<\/div>\n<\/div>\n<\/div>\n<\/div>\n<div class=\"embedded-component-container lv product-features\">\n<h3><\/h3>\n<h3 class=\"heading-5 v-fw-regular feature-heading\"><strong>Caracter\u00edsticas<\/strong><\/h3>\n<ul>\n<li><strong>V\u00edstete como los superperros Krypto y Ace y vuela por las calles de Metr\u00f3polis, en una aventura de DC Super-Pets repleta de acci\u00f3n y destructora de bots.<\/strong><\/li>\n<\/ul>\n<\/div>\n","protected":false},"excerpt":{"rendered":"<p>V\u00edstete como los superperros Krypto y Ace y vuela por las calles de Metr\u00f3polis, en un juego de acci\u00f3n y aventuras sobre ra\u00edles que destroza bots.\u00a0El videojuego &#8216;DC League of<\/p>\n","protected":false},"featured_media":90710,"comment_status":"open","ping_status":"closed","template":"","meta":{"_acf_changed":false,"_joinchat":[]},"product_brand":[],"product_cat":[1515,277,894],"product_tag":[],"class_list":{"0":"post-90709","1":"product","2":"type-product","3":"status-publish","4":"has-post-thumbnail","6":"product_cat-ofetas-zonagamer","7":"product_cat-zona-gamer","8":"product_cat-videojuegos","10":"first","11":"instock","12":"sale","13":"shipping-taxable","14":"purchasable","15":"product-type-simple"},"acf":[],"_links":{"self":[{"href":"https:\/\/defabrica.com.mx\/defabrica\/wp-json\/wp\/v2\/product\/90709","targetHints":{"allow":["GET"]}}],"collection":[{"href":"https:\/\/defabrica.com.mx\/defabrica\/wp-json\/wp\/v2\/product"}],"about":[{"href":"https:\/\/defabrica.com.mx\/defabrica\/wp-json\/wp\/v2\/types\/product"}],"replies":[{"embeddable":true,"href":"https:\/\/defabrica.com.mx\/defabrica\/wp-json\/wp\/v2\/comments?post=90709"}],"wp:featuredmedia":[{"embeddable":true,"href":"https:\/\/defabrica.com.mx\/defabrica\/wp-json\/wp\/v2\/media\/90710"}],"wp:attachment":[{"href":"https:\/\/defabrica.com.mx\/defabrica\/wp-json\/wp\/v2\/media?parent=90709"}],"wp:term":[{"taxonomy":"product_brand","embeddable":true,"href":"https:\/\/defabrica.com.mx\/defabrica\/wp-json\/wp\/v2\/product_brand?post=90709"},{"taxonomy":"product_cat","embeddable":true,"href":"https:\/\/defabrica.com.mx\/defabrica\/wp-json\/wp\/v2\/product_cat?post=90709"},{"taxonomy":"product_tag","embeddable":true,"href":"https:\/\/defabrica.com.mx\/defabrica\/wp-json\/wp\/v2\/product_tag?post=90709"}],"curies":[{"name":"wp","href":"https:\/\/api.w.org\/{rel}","templated":true}]}}