{"id":90698,"date":"2022-07-17T00:53:37","date_gmt":"2022-07-17T05:53:37","guid":{"rendered":"https:\/\/defabrica.com.mx\/defabrica\/?post_type=product&#038;p=90698"},"modified":"2023-01-18T15:28:46","modified_gmt":"2023-01-18T21:28:46","slug":"the-walking-dead-onslaught-edicion-de-lujo-playstation-4-playstation-5","status":"publish","type":"product","link":"https:\/\/defabrica.com.mx\/defabrica\/producto\/the-walking-dead-onslaught-edicion-de-lujo-playstation-4-playstation-5\/","title":{"rendered":"The Walking Dead Onslaught Edici\u00f3n de lujo &#8211; PlayStation 4, PlayStation 5"},"content":{"rendered":"<p>Ingrese al mundo apocal\u00edptico de The Walking Dead con el juego de realidad virtual oficial para el fen\u00f3meno global de AMC, The Walking Dead Onslaught, y a trav\u00e9s del sistema visceral Progressive Dismemberment de los juegos, experimente ataques realistas y sangrientos contra los muertos vivientes.\u00a0Emb\u00e1rcate en una historia original que sigue los eventos de la guerra con los salvadores.<\/p>\n<h3 class=\"heading-5 v-fw-regular feature-heading\"><strong>Caracter\u00edsticas<\/strong><\/h3>\n<ul>\n<li><strong>Historia de la campa\u00f1a<\/strong><br \/>\nJuega como Daryl Dixon a trav\u00e9s de una historia de campa\u00f1a original<\/li>\n<li><strong>Supervivencia de acci\u00f3n r\u00e1pida y m\u00e1xima libertad de combate<\/strong><br \/>\nPon a prueba los l\u00edmites del f\u00edsico de combate de realidad virtual para disparar, cortar y decapitar hordas de caminantes en encuentros a distancia y cuerpo a cuerpo.<\/li>\n<li><strong>Zona segura de Alejandr\u00eda<\/strong><br \/>\nObserve la transformaci\u00f3n de Alejandr\u00eda a medida que el asentamiento se reconstruye en una fortaleza de esperanza. Gaste los recursos sabiamente para crear estructuras para aumentos de estad\u00edsticas \u00fanicos, actualizaciones esenciales y m\u00e1s<\/li>\n<\/ul>\n","protected":false},"excerpt":{"rendered":"<p>Ingrese al mundo apocal\u00edptico de The Walking Dead con el juego de realidad virtual oficial para el fen\u00f3meno global de AMC, The Walking Dead Onslaught, y a trav\u00e9s del sistema<\/p>\n","protected":false},"featured_media":90700,"comment_status":"open","ping_status":"closed","template":"","meta":{"_acf_changed":false,"_joinchat":[]},"product_brand":[],"product_cat":[277,894],"product_tag":[],"class_list":{"0":"post-90698","1":"product","2":"type-product","3":"status-publish","4":"has-post-thumbnail","6":"product_cat-zona-gamer","7":"product_cat-videojuegos","9":"first","10":"instock","11":"sale","12":"shipping-taxable","13":"purchasable","14":"product-type-simple"},"acf":[],"_links":{"self":[{"href":"https:\/\/defabrica.com.mx\/defabrica\/wp-json\/wp\/v2\/product\/90698","targetHints":{"allow":["GET"]}}],"collection":[{"href":"https:\/\/defabrica.com.mx\/defabrica\/wp-json\/wp\/v2\/product"}],"about":[{"href":"https:\/\/defabrica.com.mx\/defabrica\/wp-json\/wp\/v2\/types\/product"}],"replies":[{"embeddable":true,"href":"https:\/\/defabrica.com.mx\/defabrica\/wp-json\/wp\/v2\/comments?post=90698"}],"wp:featuredmedia":[{"embeddable":true,"href":"https:\/\/defabrica.com.mx\/defabrica\/wp-json\/wp\/v2\/media\/90700"}],"wp:attachment":[{"href":"https:\/\/defabrica.com.mx\/defabrica\/wp-json\/wp\/v2\/media?parent=90698"}],"wp:term":[{"taxonomy":"product_brand","embeddable":true,"href":"https:\/\/defabrica.com.mx\/defabrica\/wp-json\/wp\/v2\/product_brand?post=90698"},{"taxonomy":"product_cat","embeddable":true,"href":"https:\/\/defabrica.com.mx\/defabrica\/wp-json\/wp\/v2\/product_cat?post=90698"},{"taxonomy":"product_tag","embeddable":true,"href":"https:\/\/defabrica.com.mx\/defabrica\/wp-json\/wp\/v2\/product_tag?post=90698"}],"curies":[{"name":"wp","href":"https:\/\/api.w.org\/{rel}","templated":true}]}}