{"id":90694,"date":"2022-07-17T00:47:38","date_gmt":"2022-07-17T05:47:38","guid":{"rendered":"https:\/\/defabrica.com.mx\/defabrica\/?post_type=product&#038;p=90694"},"modified":"2022-07-17T00:47:38","modified_gmt":"2022-07-17T05:47:38","slug":"ratchet-clank-edicion-de-lanzamiento-de-rift-apart-playstation-5","status":"publish","type":"product","link":"https:\/\/defabrica.com.mx\/defabrica\/producto\/ratchet-clank-edicion-de-lanzamiento-de-rift-apart-playstation-5\/","title":{"rendered":"Ratchet &#038; Clank: Edici\u00f3n de lanzamiento de Rift Apart &#8211; PlayStation 5"},"content":{"rendered":"<p><span>La edici\u00f3n de lanzamiento de Ratchet &amp; Clank: Rift Apart incluye: Ratchet &amp; Clank: Rift Apart, desbloqueo anticipado de Carbonox Armor Set y desbloqueo anticipado de Pixelizer Weapon.\u00a0<\/span><span>Los aventureros intergal\u00e1cticos est\u00e1n de vuelta con fuerza en Ratchet &amp; Clank: Rift Apart.\u00a0<\/span><span>Ay\u00fadalos a detener a un emperador rob\u00f3tico que intenta conquistar mundos interdimensionales, con su propio universo a continuaci\u00f3n en la l\u00ednea de fuego.\u00a0<\/span><span>Creado desde cero por el aclamado estudio Insomniac Games, vaya m\u00e1s all\u00e1 con la velocidad alucinante y las funciones envolventes de la consola PS5.<\/span><\/p>\n<h3 class=\"heading-5 v-fw-regular feature-heading\"><strong>Caracter\u00edsticas<\/strong><\/h3>\n<ul>\n<li><strong>Los aventureros intergal\u00e1cticos est\u00e1n de vuelta con fuerza. Ay\u00fadalos a detener a un emperador rob\u00f3tico que intenta conquistar mundos interdimensionales, con su propio universo a continuaci\u00f3n en la l\u00ednea de fuego.<\/strong><\/li>\n<li><strong>\u00c1brete camino a casa con un arsenal de armas escandalosas.<\/strong><\/li>\n<li><strong>Experimenta la mezcla de grietas dimensionales y un juego din\u00e1mico<\/strong><\/li>\n<li><strong>Explore planetas nunca antes vistos y versiones de dimensiones alternativas de viejos favoritos.<\/strong><\/li>\n<\/ul>\n","protected":false},"excerpt":{"rendered":"<p>La edici\u00f3n de lanzamiento de Ratchet &amp; Clank: Rift Apart incluye: Ratchet &amp; Clank: Rift Apart, desbloqueo anticipado de Carbonox Armor Set y desbloqueo anticipado de Pixelizer Weapon.\u00a0Los aventureros intergal\u00e1cticos<\/p>\n","protected":false},"featured_media":90695,"comment_status":"open","ping_status":"closed","template":"","meta":{"_acf_changed":false,"_joinchat":[]},"product_brand":[],"product_cat":[277,894],"product_tag":[],"class_list":{"0":"post-90694","1":"product","2":"type-product","3":"status-publish","4":"has-post-thumbnail","6":"product_cat-zona-gamer","7":"product_cat-videojuegos","9":"first","10":"instock","11":"sale","12":"shipping-taxable","13":"purchasable","14":"product-type-simple"},"acf":[],"_links":{"self":[{"href":"https:\/\/defabrica.com.mx\/defabrica\/wp-json\/wp\/v2\/product\/90694","targetHints":{"allow":["GET"]}}],"collection":[{"href":"https:\/\/defabrica.com.mx\/defabrica\/wp-json\/wp\/v2\/product"}],"about":[{"href":"https:\/\/defabrica.com.mx\/defabrica\/wp-json\/wp\/v2\/types\/product"}],"replies":[{"embeddable":true,"href":"https:\/\/defabrica.com.mx\/defabrica\/wp-json\/wp\/v2\/comments?post=90694"}],"wp:featuredmedia":[{"embeddable":true,"href":"https:\/\/defabrica.com.mx\/defabrica\/wp-json\/wp\/v2\/media\/90695"}],"wp:attachment":[{"href":"https:\/\/defabrica.com.mx\/defabrica\/wp-json\/wp\/v2\/media?parent=90694"}],"wp:term":[{"taxonomy":"product_brand","embeddable":true,"href":"https:\/\/defabrica.com.mx\/defabrica\/wp-json\/wp\/v2\/product_brand?post=90694"},{"taxonomy":"product_cat","embeddable":true,"href":"https:\/\/defabrica.com.mx\/defabrica\/wp-json\/wp\/v2\/product_cat?post=90694"},{"taxonomy":"product_tag","embeddable":true,"href":"https:\/\/defabrica.com.mx\/defabrica\/wp-json\/wp\/v2\/product_tag?post=90694"}],"curies":[{"name":"wp","href":"https:\/\/api.w.org\/{rel}","templated":true}]}}