{"id":90688,"date":"2022-07-17T00:43:36","date_gmt":"2022-07-17T05:43:36","guid":{"rendered":"https:\/\/defabrica.com.mx\/defabrica\/?post_type=product&#038;p=90688"},"modified":"2023-01-18T15:28:04","modified_gmt":"2023-01-18T21:28:04","slug":"nioh-la-coleccion-playstation-5","status":"publish","type":"product","link":"https:\/\/defabrica.com.mx\/defabrica\/producto\/nioh-la-coleccion-playstation-5\/","title":{"rendered":"Nioh La colecci\u00f3n &#8211; PlayStation 5"},"content":{"rendered":"<div class=\"embedded-component-container lv product-description\">\n<div>\n<div id=\"shop-product-description-46977908\" class=\"_none\" data-version=\"1.3.46\">\n<div class=\"shop-product-description\">\n<section class=\"align-heading-left\" data-reactroot=\"\">\n<div class=\"long-description-container body-copy \">\n<div class=\"html-fragment\">En esta amplia colecci\u00f3n, viaja a trav\u00e9s del Jap\u00f3n de la era Sengoku para enfrentarte a enemigos de pesadilla y guerreros legendarios en combates duros vertiginosamente r\u00e1pidos.\u00a0Domina el camino de los samur\u00e1is en Nioh, luego libera tu oscuridad interior en Nioh 2, cada uno remasterizado y mejorado por expertos para PS5\u2122.<\/div>\n<\/div>\n<\/section>\n<\/div>\n<\/div>\n<\/div>\n<\/div>\n<div class=\"embedded-component-container lv product-features\">\n<h3><\/h3>\n<h3 class=\"heading-5 v-fw-regular feature-heading\"><strong>Caracter\u00edsticas<\/strong><\/h3>\n<ul>\n<li><strong>Remasterizado y mejorado para PS5\u2122.<\/strong><\/li>\n<li><strong>Descubre la saga completa de Nioh con las seis expansiones principales incluidas.<\/strong><\/li>\n<li><strong>Enfr\u00e9ntate a la amenaza Yokai a 120 fps* con tiempos de carga ultrarr\u00e1pidos.<\/strong><\/li>\n<li><strong>*El juego a 120 fps requiere un monitor compatible que admita esta funci\u00f3n<\/strong><\/li>\n<\/ul>\n<\/div>\n","protected":false},"excerpt":{"rendered":"<p>En esta amplia colecci\u00f3n, viaja a trav\u00e9s del Jap\u00f3n de la era Sengoku para enfrentarte a enemigos de pesadilla y guerreros legendarios en combates duros vertiginosamente r\u00e1pidos.\u00a0Domina el camino de<\/p>\n","protected":false},"featured_media":90689,"comment_status":"open","ping_status":"closed","template":"","meta":{"_acf_changed":false,"_joinchat":[]},"product_brand":[],"product_cat":[277,894],"product_tag":[],"class_list":{"0":"post-90688","1":"product","2":"type-product","3":"status-publish","4":"has-post-thumbnail","6":"product_cat-zona-gamer","7":"product_cat-videojuegos","9":"first","10":"instock","11":"sale","12":"shipping-taxable","13":"purchasable","14":"product-type-simple"},"acf":[],"_links":{"self":[{"href":"https:\/\/defabrica.com.mx\/defabrica\/wp-json\/wp\/v2\/product\/90688","targetHints":{"allow":["GET"]}}],"collection":[{"href":"https:\/\/defabrica.com.mx\/defabrica\/wp-json\/wp\/v2\/product"}],"about":[{"href":"https:\/\/defabrica.com.mx\/defabrica\/wp-json\/wp\/v2\/types\/product"}],"replies":[{"embeddable":true,"href":"https:\/\/defabrica.com.mx\/defabrica\/wp-json\/wp\/v2\/comments?post=90688"}],"wp:featuredmedia":[{"embeddable":true,"href":"https:\/\/defabrica.com.mx\/defabrica\/wp-json\/wp\/v2\/media\/90689"}],"wp:attachment":[{"href":"https:\/\/defabrica.com.mx\/defabrica\/wp-json\/wp\/v2\/media?parent=90688"}],"wp:term":[{"taxonomy":"product_brand","embeddable":true,"href":"https:\/\/defabrica.com.mx\/defabrica\/wp-json\/wp\/v2\/product_brand?post=90688"},{"taxonomy":"product_cat","embeddable":true,"href":"https:\/\/defabrica.com.mx\/defabrica\/wp-json\/wp\/v2\/product_cat?post=90688"},{"taxonomy":"product_tag","embeddable":true,"href":"https:\/\/defabrica.com.mx\/defabrica\/wp-json\/wp\/v2\/product_tag?post=90688"}],"curies":[{"name":"wp","href":"https:\/\/api.w.org\/{rel}","templated":true}]}}