{"id":90678,"date":"2022-07-17T00:35:54","date_gmt":"2022-07-17T05:35:54","guid":{"rendered":"https:\/\/defabrica.com.mx\/defabrica\/?post_type=product&#038;p=90678"},"modified":"2023-01-18T15:26:46","modified_gmt":"2023-01-18T21:26:46","slug":"version-del-director-de-ghost-of-tsushima-playstation-5","status":"publish","type":"product","link":"https:\/\/defabrica.com.mx\/defabrica\/producto\/version-del-director-de-ghost-of-tsushima-playstation-5\/","title":{"rendered":"Versi\u00f3n del director de Ghost of Tsushima &#8211; PlayStation 5"},"content":{"rendered":"<div class=\"embedded-component-container lv product-description\">\n<div>\n<div id=\"shop-product-description-46728859\" class=\"_none\" data-version=\"1.3.46\">\n<div class=\"shop-product-description\">\n<section class=\"align-heading-left\" data-reactroot=\"\">\n<div class=\"long-description-container body-copy \">\n<div class=\"html-fragment\">Ghost of Tsushima DIRECTOR&#8217;S CUT incluye: 1) Juego completo.\u00a02) Expansi\u00f3n Iki Island: nueva historia, minijuegos, tipos de enemigos y m\u00e1s.\u00a03) Modo cooperativo en l\u00ednea Legends.\u00a04) Mini libro de arte digital de Dark Horse.\u00a05) Comentario del director: el equipo creativo se sienta con un renombrado historiador japon\u00e9s para ver el mundo de Ghost of Tsushima y c\u00f3mo se compara con los eventos de la vida real que lo inspiraron.\u00a06) Un Punto de T\u00e9cnica.\u00a07) Encanto del favor de Hachiman.\u00a08) Conjunto de aspectos de H\u00e9roe de Tsushima: m\u00e1scara dorada, kit de espada, caballo, silla de montar.<\/div>\n<\/div>\n<\/section>\n<\/div>\n<\/div>\n<\/div>\n<\/div>\n<div class=\"embedded-component-container lv product-features\">\n<h3><\/h3>\n<h3 class=\"heading-5 v-fw-regular feature-heading\"><strong>Caracter\u00edsticas<\/strong><\/h3>\n<ul>\n<li><strong>Resoluci\u00f3n din\u00e1mica 4K dirigida a 60 fps: experimente Ghost of Tsushima como nunca antes con las nuevas opciones de resoluci\u00f3n 4K<\/strong><\/li>\n<li><strong>Carga r\u00e1pida: aproveche los tiempos de carga casi instant\u00e1neos con el SSD ultrarr\u00e1pido de la consola PlayStation\u00ae5.<\/strong><\/li>\n<li><strong>Retroalimentaci\u00f3n h\u00e1ptica: domine su hoja a trav\u00e9s de la retroalimentaci\u00f3n h\u00e1ptica inmersiva del controlador inal\u00e1mbrico DualSense\u2122.<\/strong><\/li>\n<li><strong>Gatillos adaptables: mejore su precisi\u00f3n con un arco con la resistencia de gatillo adaptable del controlador inal\u00e1mbrico DualSense.<\/strong><\/li>\n<li><strong>Audio 3D: aumente su conciencia al escuchar los peligros a su alrededor en audio espacial 3D cuando usa auriculares est\u00e9reo<\/strong><\/li>\n<\/ul>\n<\/div>\n","protected":false},"excerpt":{"rendered":"<p>Ghost of Tsushima DIRECTOR&#8217;S CUT incluye: 1) Juego completo.\u00a02) Expansi\u00f3n Iki Island: nueva historia, minijuegos, tipos de enemigos y m\u00e1s.\u00a03) Modo cooperativo en l\u00ednea Legends.\u00a04) Mini libro de arte digital<\/p>\n","protected":false},"featured_media":90679,"comment_status":"open","ping_status":"closed","template":"","meta":{"_acf_changed":false,"_joinchat":[]},"product_brand":[],"product_cat":[277,894],"product_tag":[],"class_list":{"0":"post-90678","1":"product","2":"type-product","3":"status-publish","4":"has-post-thumbnail","6":"product_cat-zona-gamer","7":"product_cat-videojuegos","9":"first","10":"instock","11":"sale","12":"shipping-taxable","13":"purchasable","14":"product-type-simple"},"acf":[],"_links":{"self":[{"href":"https:\/\/defabrica.com.mx\/defabrica\/wp-json\/wp\/v2\/product\/90678","targetHints":{"allow":["GET"]}}],"collection":[{"href":"https:\/\/defabrica.com.mx\/defabrica\/wp-json\/wp\/v2\/product"}],"about":[{"href":"https:\/\/defabrica.com.mx\/defabrica\/wp-json\/wp\/v2\/types\/product"}],"replies":[{"embeddable":true,"href":"https:\/\/defabrica.com.mx\/defabrica\/wp-json\/wp\/v2\/comments?post=90678"}],"wp:featuredmedia":[{"embeddable":true,"href":"https:\/\/defabrica.com.mx\/defabrica\/wp-json\/wp\/v2\/media\/90679"}],"wp:attachment":[{"href":"https:\/\/defabrica.com.mx\/defabrica\/wp-json\/wp\/v2\/media?parent=90678"}],"wp:term":[{"taxonomy":"product_brand","embeddable":true,"href":"https:\/\/defabrica.com.mx\/defabrica\/wp-json\/wp\/v2\/product_brand?post=90678"},{"taxonomy":"product_cat","embeddable":true,"href":"https:\/\/defabrica.com.mx\/defabrica\/wp-json\/wp\/v2\/product_cat?post=90678"},{"taxonomy":"product_tag","embeddable":true,"href":"https:\/\/defabrica.com.mx\/defabrica\/wp-json\/wp\/v2\/product_tag?post=90678"}],"curies":[{"name":"wp","href":"https:\/\/api.w.org\/{rel}","templated":true}]}}