{"id":90644,"date":"2022-07-16T23:58:09","date_gmt":"2022-07-17T04:58:09","guid":{"rendered":"https:\/\/defabrica.com.mx\/defabrica\/?post_type=product&#038;p=90644"},"modified":"2023-01-18T15:23:53","modified_gmt":"2023-01-18T21:23:53","slug":"metal-max-xeno-reborn-playstation-4","status":"publish","type":"product","link":"https:\/\/defabrica.com.mx\/defabrica\/producto\/metal-max-xeno-reborn-playstation-4\/","title":{"rendered":"Metal Max Xeno Reborn &#8211; PlayStation 4"},"content":{"rendered":"<p>Metal Max Xeno Reborn es un JRPG de acci\u00f3n con batallas en tiempo real y elementos de combate de veh\u00edculos.\u00a0\u00danete a Talis, un cazador solitario, y busca aliados en una guerra cargada de venganza contra monstruos y enemigos rob\u00f3ticos.\u00a0Aprende nuevas habilidades y recolecta y personaliza tanques mientras viajas por un mundo devastado.\u00a0La humanidad est\u00e1 al borde de la extinci\u00f3n y los \u00faltimos supervivientes buscan hacer retroceder a las m\u00e1quinas.<\/p>\n<h3 class=\"heading-5 v-fw-regular feature-heading\"><strong>Caracter\u00edsticas<\/strong><\/h3>\n<ul>\n<li><strong>Acci\u00f3n JRPG<\/strong><\/li>\n<\/ul>\n","protected":false},"excerpt":{"rendered":"<p>Metal Max Xeno Reborn es un JRPG de acci\u00f3n con batallas en tiempo real y elementos de combate de veh\u00edculos.\u00a0\u00danete a Talis, un cazador solitario, y busca aliados en una<\/p>\n","protected":false},"featured_media":90645,"comment_status":"open","ping_status":"closed","template":"","meta":{"_acf_changed":false,"_joinchat":[]},"product_brand":[],"product_cat":[277,894],"product_tag":[],"class_list":{"0":"post-90644","1":"product","2":"type-product","3":"status-publish","4":"has-post-thumbnail","6":"product_cat-zona-gamer","7":"product_cat-videojuegos","9":"first","10":"instock","11":"sale","12":"shipping-taxable","13":"purchasable","14":"product-type-simple"},"acf":[],"_links":{"self":[{"href":"https:\/\/defabrica.com.mx\/defabrica\/wp-json\/wp\/v2\/product\/90644","targetHints":{"allow":["GET"]}}],"collection":[{"href":"https:\/\/defabrica.com.mx\/defabrica\/wp-json\/wp\/v2\/product"}],"about":[{"href":"https:\/\/defabrica.com.mx\/defabrica\/wp-json\/wp\/v2\/types\/product"}],"replies":[{"embeddable":true,"href":"https:\/\/defabrica.com.mx\/defabrica\/wp-json\/wp\/v2\/comments?post=90644"}],"wp:featuredmedia":[{"embeddable":true,"href":"https:\/\/defabrica.com.mx\/defabrica\/wp-json\/wp\/v2\/media\/90645"}],"wp:attachment":[{"href":"https:\/\/defabrica.com.mx\/defabrica\/wp-json\/wp\/v2\/media?parent=90644"}],"wp:term":[{"taxonomy":"product_brand","embeddable":true,"href":"https:\/\/defabrica.com.mx\/defabrica\/wp-json\/wp\/v2\/product_brand?post=90644"},{"taxonomy":"product_cat","embeddable":true,"href":"https:\/\/defabrica.com.mx\/defabrica\/wp-json\/wp\/v2\/product_cat?post=90644"},{"taxonomy":"product_tag","embeddable":true,"href":"https:\/\/defabrica.com.mx\/defabrica\/wp-json\/wp\/v2\/product_tag?post=90644"}],"curies":[{"name":"wp","href":"https:\/\/api.w.org\/{rel}","templated":true}]}}