{"id":90622,"date":"2022-07-16T22:04:54","date_gmt":"2022-07-17T03:04:54","guid":{"rendered":"https:\/\/defabrica.com.mx\/defabrica\/?post_type=product&#038;p=90622"},"modified":"2022-07-16T23:43:35","modified_gmt":"2022-07-17T04:43:35","slug":"galgun-doble-paz-nintendo-switch","status":"publish","type":"product","link":"https:\/\/defabrica.com.mx\/defabrica\/producto\/galgun-doble-paz-nintendo-switch\/","title":{"rendered":"Gal Gun: Doble paz &#8211; Nintendo Switch"},"content":{"rendered":"<div class=\"embedded-component-container lv product-description\">\n<div>\n<div id=\"shop-product-description-27851080\" class=\"_none\" data-version=\"1.3.46\">\n<div class=\"shop-product-description\">\n<section class=\"align-heading-left\" data-reactroot=\"\">\n<div class=\"long-description-container body-copy \">\n<div class=\"html-fragment\">Cuando el estudiante desprevenido, Houdai, es disparado por las flechas de Cupido, \u00a1se convierte en el chico m\u00e1s irresistible de la escuela!\u00a0\u00a1Solo mediante el uso de su inyecci\u00f3n de feromonas de confianza puede defenderse de las hordas de chicas que avanzan y encontrar a su verdadero amor!\u00a0Escandalosamente colorido e hilarantemente lascivo, Gal*Gun: Double Peace es uno de los juegos de disparos m\u00e1s queridos y aclamados por la cr\u00edtica de Jap\u00f3n.<\/div>\n<\/div>\n<\/section>\n<\/div>\n<\/div>\n<\/div>\n<\/div>\n<div class=\"embedded-component-container lv product-features\">\n<h3><\/h3>\n<h3 class=\"heading-5 v-fw-regular feature-heading\"><strong>Caracter\u00edsticas<\/strong><\/h3>\n<ul>\n<li><strong>\u00a1Encuentra el amor verdadero en un d\u00eda o qu\u00e9date solo para siempre!<\/strong><\/li>\n<li><strong>Divertid\u00edsimo elenco de personajes y una conmovedora historia en la que tus elecciones importan.<\/strong><\/li>\n<li><strong>Desbloquea y mejora tu conjunto de habilidades para mejorar tus habilidades.<\/strong><\/li>\n<li><strong>M\u00faltiples finales mientras luchas por el afecto de tu mejor chica.<\/strong><\/li>\n<li><strong>\u00a1Usa tus tiros bien colocados para llevarlos a ataques de \u00e9xtasis!<\/strong><\/li>\n<\/ul>\n<\/div>\n","protected":false},"excerpt":{"rendered":"<p>Cuando el estudiante desprevenido, Houdai, es disparado por las flechas de Cupido, \u00a1se convierte en el chico m\u00e1s irresistible de la escuela!\u00a0\u00a1Solo mediante el uso de su inyecci\u00f3n de feromonas<\/p>\n","protected":false},"featured_media":90623,"comment_status":"open","ping_status":"closed","template":"","meta":{"_acf_changed":false,"_joinchat":[]},"product_brand":[],"product_cat":[277,894],"product_tag":[],"class_list":{"0":"post-90622","1":"product","2":"type-product","3":"status-publish","4":"has-post-thumbnail","6":"product_cat-zona-gamer","7":"product_cat-videojuegos","9":"first","10":"instock","11":"sale","12":"shipping-taxable","13":"purchasable","14":"product-type-simple"},"acf":[],"_links":{"self":[{"href":"https:\/\/defabrica.com.mx\/defabrica\/wp-json\/wp\/v2\/product\/90622","targetHints":{"allow":["GET"]}}],"collection":[{"href":"https:\/\/defabrica.com.mx\/defabrica\/wp-json\/wp\/v2\/product"}],"about":[{"href":"https:\/\/defabrica.com.mx\/defabrica\/wp-json\/wp\/v2\/types\/product"}],"replies":[{"embeddable":true,"href":"https:\/\/defabrica.com.mx\/defabrica\/wp-json\/wp\/v2\/comments?post=90622"}],"wp:featuredmedia":[{"embeddable":true,"href":"https:\/\/defabrica.com.mx\/defabrica\/wp-json\/wp\/v2\/media\/90623"}],"wp:attachment":[{"href":"https:\/\/defabrica.com.mx\/defabrica\/wp-json\/wp\/v2\/media?parent=90622"}],"wp:term":[{"taxonomy":"product_brand","embeddable":true,"href":"https:\/\/defabrica.com.mx\/defabrica\/wp-json\/wp\/v2\/product_brand?post=90622"},{"taxonomy":"product_cat","embeddable":true,"href":"https:\/\/defabrica.com.mx\/defabrica\/wp-json\/wp\/v2\/product_cat?post=90622"},{"taxonomy":"product_tag","embeddable":true,"href":"https:\/\/defabrica.com.mx\/defabrica\/wp-json\/wp\/v2\/product_tag?post=90622"}],"curies":[{"name":"wp","href":"https:\/\/api.w.org\/{rel}","templated":true}]}}