{"id":90592,"date":"2022-07-16T18:04:27","date_gmt":"2022-07-16T23:04:27","guid":{"rendered":"https:\/\/defabrica.com.mx\/defabrica\/?post_type=product&#038;p=90592"},"modified":"2022-07-18T14:06:37","modified_gmt":"2022-07-18T19:06:37","slug":"adata-xpg-xenia-14-14-ultrabook-intel-i5-1135g7-intel-iris-xe-512gb-ssd-16gb-3200mhz-ddr4-1080p-full-hd-ips-gaming-laptop-negro","status":"publish","type":"product","link":"https:\/\/defabrica.com.mx\/defabrica\/producto\/adata-xpg-xenia-14-14-ultrabook-intel-i5-1135g7-intel-iris-xe-512gb-ssd-16gb-3200mhz-ddr4-1080p-full-hd-ips-gaming-laptop-negro\/","title":{"rendered":"ADATA &#8211; XPG Xenia 14 14&#8243; Ultrabook Intel i5-1135G7 Intel Iris Xe 512GB SSD, 16GB 3200MHz DDR4, 1080p Full HD IPS Gaming Laptop &#8211; Negro"},"content":{"rendered":"<div class=\"embedded-component-container lv product-description\">\n<div>\n<div id=\"shop-product-description-93796346\" class=\"_none\" data-version=\"1.3.46\">\n<div class=\"shop-product-description\">\n<section class=\"align-heading-left\" data-reactroot=\"\">\n<div class=\"long-description-container body-copy \">\n<div class=\"html-fragment\"><span>Experimente un nuevo nivel de rendimiento con el nuevo XPG Xenia 14 Lifestyle Ultrabook.\u00a0Alimentado por un procesador Intel Core i5 de 11.\u00aa generaci\u00f3n con 4 n\u00facleos y 8 subprocesos, el Xenia 14 le permite trabajar en proyectos exigentes que requieren el rendimiento de una computadora de escritorio y, al mismo tiempo, funciona lo suficientemente bien como para juegos livianos.\u00a0XPG trae la \u00faltima unidad de estado s\u00f3lido PCIe Gen4 al Xenia 14 con XPG GAMMIX S50 LITE de 512 GB.\u00a0La multitarea es muy sencilla gracias a los 16 GB de memoria DDR4 de 3200 MHz, ampliable hasta 64 GB de memoria SO-DIMM con sus ranuras de 2 dimm que pueden albergar una capacidad de 32 GB por ranura.\u00a0Con un grosor de solo 15 mm, el Xenia 14 est\u00e1 construido en un elegante y liviano chasis de aleaci\u00f3n de magnesio que pesa solo 0,99 kg (2,2 lb).\u00a0El Xenia 14 cuenta con: -CPU Tiger Lake Intel Core i5-1135G7 de 11.\u00aa generaci\u00f3n con 4 n\u00facleos y 8 subprocesos sincronizados a 2.\u00a0Base de 4GHz y turbos hasta 4.2GHz.\u00a0&#8211; Gr\u00e1ficos integrados Intels Iris Xe &#8211; SSD XPG GAMMIX S50 LITE de 512 GB con velocidades de lectura\/escritura de hasta 3900\/3200 MB\/s &#8211; DDR4 SODIMM de 16 GB a 3200 MHz, ampliable hasta 64 GB &#8211; Panel de pantalla IPS Full HD 1080p de 14,0\u201d a 60 Hz, 2 mm Bisel estrecho con 100 % sRGB &#8211; Hasta 10 horas de duraci\u00f3n de la bater\u00eda con capacidad de carga r\u00e1pida &#8211; Tecnolog\u00eda Thunderbolt 4 (conexi\u00f3n USB-C) &#8211; Compatibilidad con Wi-Fi 6 y Bluetooth 5.1<\/span><\/div>\n<\/div>\n<\/section>\n<\/div>\n<\/div>\n<\/div>\n<\/div>\n<div class=\"embedded-component-container lv product-features\">\n<h3><\/h3>\n<h3 class=\"heading-5 v-fw-regular feature-heading\"><strong>Caracter\u00edsticas<\/strong><\/h3>\n<ul>\n<li><strong>Monitor<\/strong><br \/>\nIPS 14\u201d 16:10 FHD-60Hz, 1920 x 1080, 92 % Relaci\u00f3n de pantalla, 400 nits, sRGB 100 %<\/li>\n<li><strong>Procesador<\/strong><br \/>\nCPU Intel de 11.\u00aa generaci\u00f3n y GPU Intel Iris Xe<\/li>\n<li><strong>Almacenamiento<\/strong><br \/>\nSSD PCIe Gen 4 XPG GAMMIX S50 LITE de 512 GB, DRAM: DDR4-3200 MHz 16 GB*1 (ampliable hasta 64 GB a una velocidad de 3200 MHz)<\/li>\n<li><strong>Puertos IO vers\u00e1tiles<\/strong><br \/>\nThunderbolt\u2122 4 (USB 4.0) *1, USB 3.0 Gen 2 Tipo-C (con DP1.4)*1, USB 3 Gen1 Tipo-A *2, HDMI 2.0b, Lector de tarjetas (UHS-I, SD\/SDHC\/ SDXC), conector combinado de audio de 3,5 mm, conector de alimentaci\u00f3n<\/li>\n<li><strong>Caso<\/strong><br \/>\nChasis de aleaci\u00f3n de magnesio y peso de 970g<\/li>\n<\/ul>\n<\/div>\n","protected":false},"excerpt":{"rendered":"<p>Experimente un nuevo nivel de rendimiento con el nuevo XPG Xenia 14 Lifestyle Ultrabook.\u00a0Alimentado por un procesador Intel Core i5 de 11.\u00aa generaci\u00f3n con 4 n\u00facleos y 8 subprocesos, el<\/p>\n","protected":false},"featured_media":90593,"comment_status":"open","ping_status":"closed","template":"","meta":{"_acf_changed":false,"_joinchat":[]},"product_brand":[],"product_cat":[1515,277,280,432],"product_tag":[],"class_list":{"0":"post-90592","1":"product","2":"type-product","3":"status-publish","4":"has-post-thumbnail","6":"product_cat-ofetas-zonagamer","7":"product_cat-zona-gamer","8":"product_cat-pc-gaming","9":"product_cat-laptops-gamer","11":"first","12":"instock","13":"sale","14":"shipping-taxable","15":"purchasable","16":"product-type-simple"},"acf":[],"_links":{"self":[{"href":"https:\/\/defabrica.com.mx\/defabrica\/wp-json\/wp\/v2\/product\/90592","targetHints":{"allow":["GET"]}}],"collection":[{"href":"https:\/\/defabrica.com.mx\/defabrica\/wp-json\/wp\/v2\/product"}],"about":[{"href":"https:\/\/defabrica.com.mx\/defabrica\/wp-json\/wp\/v2\/types\/product"}],"replies":[{"embeddable":true,"href":"https:\/\/defabrica.com.mx\/defabrica\/wp-json\/wp\/v2\/comments?post=90592"}],"wp:featuredmedia":[{"embeddable":true,"href":"https:\/\/defabrica.com.mx\/defabrica\/wp-json\/wp\/v2\/media\/90593"}],"wp:attachment":[{"href":"https:\/\/defabrica.com.mx\/defabrica\/wp-json\/wp\/v2\/media?parent=90592"}],"wp:term":[{"taxonomy":"product_brand","embeddable":true,"href":"https:\/\/defabrica.com.mx\/defabrica\/wp-json\/wp\/v2\/product_brand?post=90592"},{"taxonomy":"product_cat","embeddable":true,"href":"https:\/\/defabrica.com.mx\/defabrica\/wp-json\/wp\/v2\/product_cat?post=90592"},{"taxonomy":"product_tag","embeddable":true,"href":"https:\/\/defabrica.com.mx\/defabrica\/wp-json\/wp\/v2\/product_tag?post=90592"}],"curies":[{"name":"wp","href":"https:\/\/api.w.org\/{rel}","templated":true}]}}