{"id":90574,"date":"2022-07-16T17:54:18","date_gmt":"2022-07-16T22:54:18","guid":{"rendered":"https:\/\/defabrica.com.mx\/defabrica\/?post_type=product&#038;p=90574"},"modified":"2023-01-18T16:27:09","modified_gmt":"2023-01-18T22:27:09","slug":"acer-predator-helios-300-laptop-para-juegos-fhd-de-15-6-intel-core-i7-nvidia-geforce-rtx-3060-16gb-ddr5-512gb-ssd","status":"publish","type":"product","link":"https:\/\/defabrica.com.mx\/defabrica\/producto\/acer-predator-helios-300-laptop-para-juegos-fhd-de-15-6-intel-core-i7-nvidia-geforce-rtx-3060-16gb-ddr5-512gb-ssd\/","title":{"rendered":"Acer &#8211; Predator Helios 300 &#8211; Laptop para juegos FHD de 15.6&#8243; &#8211; Intel Core i7 &#8211; NVIDIA GeForce RTX 3060 &#8211; 16GB DDR5 &#8211; 512GB SSD"},"content":{"rendered":"<div class=\"embedded-component-container lv product-description\">\n<div>\n<div id=\"shop-product-description-12594050\" class=\"_none\" data-version=\"1.3.46\">\n<div class=\"shop-product-description\">\n<section class=\"align-heading-left\" data-reactroot=\"\">\n<div class=\"long-description-container body-copy \">\n<div class=\"html-fragment\">V\u00edstete, ponte el cintur\u00f3n y deja que Helios allane el camino.\u00a0Equipada con una tecnolog\u00eda de refrigeraci\u00f3n superior y un tesoro de rendimiento como los gr\u00e1ficos para port\u00e1tiles NVIDIA GeForce RTX 3060 y el \u00faltimo procesador Intel\u00ae Core\u2122 i7 de 12.\u00aa generaci\u00f3n, esta port\u00e1til para juegos ser\u00e1 su gu\u00eda para disfrutar de los juegos.\u00a0Con el panel IPS Full HD de 165 Hz, la tecnolog\u00eda NVIDIA G-SYNC y el tiempo de respuesta Overdrive de 3 ms, puede decir adi\u00f3s a la borrosidad y dar la bienvenida a un juego claro, n\u00edtido y de alto octanaje.<\/div>\n<\/div>\n<\/section>\n<\/div>\n<\/div>\n<\/div>\n<\/div>\n<div class=\"embedded-component-container lv product-features\">\n<h3><\/h3>\n<h3 class=\"heading-5 v-fw-regular feature-heading\"><strong>Caracter\u00edsticas<\/strong><\/h3>\n<ul>\n<li><strong>Enciendan sus motores<\/strong><br \/>\nEsta computadora port\u00e1til Predator Helios tomar\u00e1 su biblioteca de juegos, la colocar\u00e1 frente a usted y lo desafiar\u00e1 a desafiarlo. Helios no solo se ve bien mientras reparte fotograma tras fotograma, sino que esta m\u00e1quina con tecnolog\u00eda RTX est\u00e1 totalmente optimizada para un uso m\u00e1ximo de MGP (140 W).<\/li>\n<li><strong>El juego definitivo<\/strong><br \/>\nLa GPU para port\u00e1tiles GeForce RTX\u2122 3060 ofrece el m\u00e1ximo rendimiento para jugadores y creadores. Desarrollado por Ampere, la arquitectura RTX de segunda generaci\u00f3n de NVIDIA, con nuevos RT Cores, Tensor Cores y multiprocesadores de transmisi\u00f3n para obtener los gr\u00e1ficos con trazado de rayos m\u00e1s realistas y funciones de IA de vanguardia.<\/li>\n<li><strong>Rendimiento extremo<\/strong><br \/>\nEl procesador de 12.\u00aa generaci\u00f3n de Intel distribuye el rendimiento donde m\u00e1s lo necesita, ahorr\u00e1ndole tiempo y aumentando su capacidad para hacer lo que quiere. Obtiene el rendimiento que necesita para jugar, grabar y transmitir juegos con FPS altos y cambiar sin esfuerzo a cargas de trabajo multitarea pesadas.<\/li>\n<li><strong>Una velocidad: R\u00c1PIDO<\/strong><br \/>\nDisfrute de una frecuencia de actualizaci\u00f3n r\u00e1pida de 165 Hz y un tiempo de respuesta de sobremarcha de 3 ms, mantiene su juego fluido y acelerado, mientras que NVIDIA G-SYNC elimina cualquier posible desgarro. C\u00fabralo con soporte para NVIDIA Advanced Optimus y DDS (Dynamic Display Switch). Lo \u00faltimo en juegos para jugadores entusiastas.<\/li>\n<li><strong>Control total<\/strong><br \/>\nDale una vuelta al teclado RGB de 4 zonas, abre PredatorSense (a trav\u00e9s de la c\u00f3moda tecla de acceso r\u00e1pido) y ad\u00e1ptalo a tus preferencias precisas. La aplicaci\u00f3n de utilidad personalizada tambi\u00e9n le permite monitorear su sistema, hacer overclocking, crear macros y m\u00e1s<\/li>\n<li><strong>Enfriamiento perfeccionado<\/strong><br \/>\nEl Helios 300, como un port\u00e1til para juegos de alto rendimiento, incluye solo la mejor refrigeraci\u00f3n de \u00faltima generaci\u00f3n: tecnolog\u00eda de ventilador 3D AeroBlade de 5.\u00aa generaci\u00f3n dise\u00f1ada a medida y los efectos de refrigeraci\u00f3n de la grasa t\u00e9rmica de metal l\u00edquido en un sistema ya l\u00edder en la industria. CPU Intel de 12.\u00aa generaci\u00f3n.<\/li>\n<li><strong>matar el retraso<\/strong><br \/>\nCon el controlador Ethernet Killer\u2122 E2600, Killer\u2122 Wi-Fi 6E AX1675 y Control Center 2.0, tiene todas las herramientas que necesita para eliminar a la competencia en l\u00ednea. Controle la calidad del servicio dentro del Centro de control, que generalmente se realiza en el enrutador.<\/li>\n<li><strong>DTS X\u00ae Ultra<\/strong><br \/>\nConvierta cualquier par de auriculares o parlantes en un sistema de sonido envolvente de 360\u00b0 de gama alta, lo que le permite experimentar sus pel\u00edculas, m\u00fasica y juegos favoritos con un sonido espacial del mundo real. \u00a1Mejora y potencia lo que escuchas!<\/li>\n<li><strong>Personalice con PredatorSense\u2122<\/strong><br \/>\nAbre PredatorSense\u2122 y mezcla y combina colores a tu gusto. Ya sea que desee ajustar su RGB a trav\u00e9s de Pulsar Lighting para un tema en particular, administrar el overclocking o maximizar las velocidades de los ventiladores, puede hacerlo todo desde una aplicaci\u00f3n de f\u00e1cil acceso.<\/li>\n<\/ul>\n<\/div>\n","protected":false},"excerpt":{"rendered":"<p>V\u00edstete, ponte el cintur\u00f3n y deja que Helios allane el camino.\u00a0Equipada con una tecnolog\u00eda de refrigeraci\u00f3n superior y un tesoro de rendimiento como los gr\u00e1ficos para port\u00e1tiles NVIDIA GeForce RTX<\/p>\n","protected":false},"featured_media":90575,"comment_status":"open","ping_status":"closed","template":"","meta":{"_acf_changed":false,"_joinchat":[]},"product_brand":[],"product_cat":[277,280,432],"product_tag":[],"class_list":{"0":"post-90574","1":"product","2":"type-product","3":"status-publish","4":"has-post-thumbnail","6":"product_cat-zona-gamer","7":"product_cat-pc-gaming","8":"product_cat-laptops-gamer","10":"first","11":"instock","12":"sale","13":"shipping-taxable","14":"purchasable","15":"product-type-simple"},"acf":[],"_links":{"self":[{"href":"https:\/\/defabrica.com.mx\/defabrica\/wp-json\/wp\/v2\/product\/90574","targetHints":{"allow":["GET"]}}],"collection":[{"href":"https:\/\/defabrica.com.mx\/defabrica\/wp-json\/wp\/v2\/product"}],"about":[{"href":"https:\/\/defabrica.com.mx\/defabrica\/wp-json\/wp\/v2\/types\/product"}],"replies":[{"embeddable":true,"href":"https:\/\/defabrica.com.mx\/defabrica\/wp-json\/wp\/v2\/comments?post=90574"}],"wp:featuredmedia":[{"embeddable":true,"href":"https:\/\/defabrica.com.mx\/defabrica\/wp-json\/wp\/v2\/media\/90575"}],"wp:attachment":[{"href":"https:\/\/defabrica.com.mx\/defabrica\/wp-json\/wp\/v2\/media?parent=90574"}],"wp:term":[{"taxonomy":"product_brand","embeddable":true,"href":"https:\/\/defabrica.com.mx\/defabrica\/wp-json\/wp\/v2\/product_brand?post=90574"},{"taxonomy":"product_cat","embeddable":true,"href":"https:\/\/defabrica.com.mx\/defabrica\/wp-json\/wp\/v2\/product_cat?post=90574"},{"taxonomy":"product_tag","embeddable":true,"href":"https:\/\/defabrica.com.mx\/defabrica\/wp-json\/wp\/v2\/product_tag?post=90574"}],"curies":[{"name":"wp","href":"https:\/\/api.w.org\/{rel}","templated":true}]}}