{"id":90561,"date":"2022-07-16T17:47:51","date_gmt":"2022-07-16T22:47:51","guid":{"rendered":"https:\/\/defabrica.com.mx\/defabrica\/?post_type=product&#038;p=90561"},"modified":"2023-01-18T16:26:23","modified_gmt":"2023-01-18T22:26:23","slug":"acer-nitro-5-17-3-full-hd-ips-144hz-gaming-laptop-intel-core-i5-12500h-nvidia-geforce-rtx-3050-512gb-pcie-gen-4-ssd","status":"publish","type":"product","link":"https:\/\/defabrica.com.mx\/defabrica\/producto\/acer-nitro-5-17-3-full-hd-ips-144hz-gaming-laptop-intel-core-i5-12500h-nvidia-geforce-rtx-3050-512gb-pcie-gen-4-ssd\/","title":{"rendered":"Acer &#8211; Nitro 5 17.3&#8243; Full HD IPS 144Hz Gaming Laptop- Intel Core i5-12500H- NVIDIA GeForce RTX 3050-512GB PCIe Gen 4 SSD"},"content":{"rendered":"<div class=\"embedded-component-container lv product-description\">\n<div>\n<div id=\"shop-product-description-3699213\" class=\"_none\" data-version=\"1.3.46\">\n<div class=\"shop-product-description\">\n<section class=\"align-heading-left\" data-reactroot=\"\">\n<div class=\"long-description-container body-copy \">\n<div class=\"html-fragment\">Enci\u00e9ndalo y luego acelere a fondo m\u00e1s r\u00e1pido y de manera m\u00e1s efectiva que nunca con la pr\u00f3xima evoluci\u00f3n de Acer de su computadora port\u00e1til para juegos Nitro 5.\u00a0El nuevo Nitro 5 se eleva a nuevos niveles de rendimiento para jugadores y creadores, gracias a su procesador Intel\u00ae Core\u2122 de 12.\u00aa generaci\u00f3n y gr\u00e1ficos NVIDIA\u00ae GeForce RTX 3050, \u00a1con tecnolog\u00eda Ampere\u2122 de la arquitectura RTX de NVIDIA!\u00a0A continuaci\u00f3n, agregue la pantalla Full HD n\u00edtida y n\u00edtida de 17,3&#8243; con un panel IPS de 144 Hz, refrigeraci\u00f3n amplia y un teclado RGB de 4 zonas y podr\u00e1 ver por qu\u00e9 el Nitro 5 es un \u00e9xito rotundo para los jugadores de todos los niveles.<\/div>\n<\/div>\n<\/section>\n<\/div>\n<\/div>\n<\/div>\n<\/div>\n<div class=\"embedded-component-container lv product-features\">\n<h3><\/h3>\n<h3 class=\"heading-5 v-fw-regular feature-heading\"><strong>Caracter\u00edsticas<\/strong><\/h3>\n<ul>\n<li><strong>Especificaciones dominantes<\/strong><br \/>\nProcesador i5 y GPU NVIDIA\u00ae GeForce RTX\u2122 3050 (impulsada por la galardonada arquitectura Ampere, la segunda generaci\u00f3n de RTX de NVIDIA). Configure su computadora port\u00e1til para obtener la m\u00e1xima velocidad y almacenamiento masivo con dos ranuras para Gen 4 M.2 PCle y hasta 32 GB de DDR4 3200RAM.<\/li>\n<li><strong>Imagen perfecta. furiosamente rapido<\/strong><br \/>\nCon las im\u00e1genes n\u00edtidas de una pantalla IPS Full HD de 17,3&#8243; con una frecuencia de actualizaci\u00f3n ultrarr\u00e1pida de 144 Hz, sus sesiones de juego ser\u00e1n fluidas, ininterrumpidas e inigualables. Ahora puede aterrizar esos disparos reflexivos con una precisi\u00f3n milim\u00e9trica y un efecto fantasma m\u00ednimo.<\/li>\n<li><strong>Enfriado a la perfecci\u00f3n<\/strong><br \/>\nEl chasis recientemente refinado viene con algunos trucos adicionales bajo la manga en forma de refrigeraci\u00f3n de doble ventilador, entradas dobles (superior e inferior) y un dise\u00f1o de puerto de escape cu\u00e1druple. Abre la aplicaci\u00f3n de utilidad NitroSense para un control adicional y controla las velocidades de los ventiladores, la iluminaci\u00f3n y m\u00e1s<\/li>\n<li><strong>La clave de la victoria<\/strong><br \/>\nDale sabor a las cosas con el teclado RGB de 4 zonas y toma el control del funcionamiento interno de la computadora port\u00e1til a trav\u00e9s del NitroSense Kay dedicado. Las teclas WASD y de flecha tambi\u00e9n est\u00e1n resaltadas para una f\u00e1cil visibilidad en esos momentos cruciales.<\/li>\n<li><strong>Rompiendo la barrera del sonido<\/strong><br \/>\nUn mejor audio ofrece una ventaja competitiva, as\u00ed como una experiencia m\u00e1s inmersiva a trav\u00e9s de altavoces duales de 2 W. Con DTS:X\u00ae Ultra, los sonidos son claros y se pueden proporcionar en un paisaje sonoro espacial 3D, lo que le permite escuchar de d\u00f3nde vienen sus oponentes con precisi\u00f3n milim\u00e9trica.<\/li>\n<li><strong>Conectividad asesina<\/strong><br \/>\nObtenga una ventaja en l\u00ednea tomando el control de su red y priorizando su juego con Killer\u2122 Ethernet E2600 y Killer\u2122 Wi-Fi 6 AX1650. Conecte todos sus perif\u00e9ricos a la gama completa de puertos, incluidos HDMI 2.1 y el est\u00e1ndar USB 3.2 m\u00e1s nuevo compatible con Gen1 y 2.<\/li>\n<\/ul>\n<\/div>\n","protected":false},"excerpt":{"rendered":"<p>Enci\u00e9ndalo y luego acelere a fondo m\u00e1s r\u00e1pido y de manera m\u00e1s efectiva que nunca con la pr\u00f3xima evoluci\u00f3n de Acer de su computadora port\u00e1til para juegos Nitro 5.\u00a0El nuevo<\/p>\n","protected":false},"featured_media":90562,"comment_status":"open","ping_status":"closed","template":"","meta":{"_acf_changed":false,"_joinchat":[]},"product_brand":[],"product_cat":[277,280,432],"product_tag":[],"class_list":{"0":"post-90561","1":"product","2":"type-product","3":"status-publish","4":"has-post-thumbnail","6":"product_cat-zona-gamer","7":"product_cat-pc-gaming","8":"product_cat-laptops-gamer","10":"first","11":"instock","12":"sale","13":"shipping-taxable","14":"purchasable","15":"product-type-simple"},"acf":[],"_links":{"self":[{"href":"https:\/\/defabrica.com.mx\/defabrica\/wp-json\/wp\/v2\/product\/90561","targetHints":{"allow":["GET"]}}],"collection":[{"href":"https:\/\/defabrica.com.mx\/defabrica\/wp-json\/wp\/v2\/product"}],"about":[{"href":"https:\/\/defabrica.com.mx\/defabrica\/wp-json\/wp\/v2\/types\/product"}],"replies":[{"embeddable":true,"href":"https:\/\/defabrica.com.mx\/defabrica\/wp-json\/wp\/v2\/comments?post=90561"}],"wp:featuredmedia":[{"embeddable":true,"href":"https:\/\/defabrica.com.mx\/defabrica\/wp-json\/wp\/v2\/media\/90562"}],"wp:attachment":[{"href":"https:\/\/defabrica.com.mx\/defabrica\/wp-json\/wp\/v2\/media?parent=90561"}],"wp:term":[{"taxonomy":"product_brand","embeddable":true,"href":"https:\/\/defabrica.com.mx\/defabrica\/wp-json\/wp\/v2\/product_brand?post=90561"},{"taxonomy":"product_cat","embeddable":true,"href":"https:\/\/defabrica.com.mx\/defabrica\/wp-json\/wp\/v2\/product_cat?post=90561"},{"taxonomy":"product_tag","embeddable":true,"href":"https:\/\/defabrica.com.mx\/defabrica\/wp-json\/wp\/v2\/product_tag?post=90561"}],"curies":[{"name":"wp","href":"https:\/\/api.w.org\/{rel}","templated":true}]}}