{"id":90547,"date":"2022-07-16T17:41:50","date_gmt":"2022-07-16T22:41:50","guid":{"rendered":"https:\/\/defabrica.com.mx\/defabrica\/?post_type=product&#038;p=90547"},"modified":"2022-07-18T14:06:41","modified_gmt":"2022-07-18T19:06:41","slug":"laptop-para-juegos-acer-predator-triton-300-de-15-6-reacondicionada-intel-i7-memoria-de-16gb-nvidia-geforce-rtx-2070-ssd-de-512gb","status":"publish","type":"product","link":"https:\/\/defabrica.com.mx\/defabrica\/producto\/laptop-para-juegos-acer-predator-triton-300-de-15-6-reacondicionada-intel-i7-memoria-de-16gb-nvidia-geforce-rtx-2070-ssd-de-512gb\/","title":{"rendered":"Laptop para juegos Acer Predator Triton 300 de 15.6&#8243; reacondicionada &#8211; Intel i7 &#8211; Memoria de 16GB &#8211; NVIDIA GeForce RTX 2070 &#8211; SSD de 512GB"},"content":{"rendered":"<div class=\"embedded-component-container lv product-description\">\n<div>\n<div id=\"shop-product-description-32386468\" class=\"_none\" data-version=\"1.3.46\">\n<div class=\"shop-product-description\">\n<section class=\"align-heading-left\" data-reactroot=\"\">\n<div class=\"long-description-container body-copy \">\n<div class=\"html-fragment\"><span>El port\u00e1til para juegos Predator Triton 300 combina un potente procesador Intel Core i7 con gr\u00e1ficos NVIDIA de alto rendimiento.<\/span><\/div>\n<\/div>\n<\/section>\n<\/div>\n<\/div>\n<\/div>\n<\/div>\n<div class=\"embedded-component-container lv product-features\">\n<h3><\/h3>\n<h3 class=\"heading-5 v-fw-regular feature-heading\"><strong>Caracter\u00edsticas<\/strong><\/h3>\n<ul>\n<li><strong>Procesador<\/strong><br \/>\nIntel Core i7-10750H de d\u00e9cima generaci\u00f3n<\/li>\n<\/ul>\n<\/div>\n","protected":false},"excerpt":{"rendered":"<p>El port\u00e1til para juegos Predator Triton 300 combina un potente procesador Intel Core i7 con gr\u00e1ficos NVIDIA de alto rendimiento. Caracter\u00edsticas Procesador Intel Core i7-10750H de d\u00e9cima generaci\u00f3n<\/p>\n","protected":false},"featured_media":90548,"comment_status":"open","ping_status":"closed","template":"","meta":{"_acf_changed":false,"_joinchat":[]},"product_brand":[],"product_cat":[1515,277,280,432],"product_tag":[],"class_list":{"0":"post-90547","1":"product","2":"type-product","3":"status-publish","4":"has-post-thumbnail","6":"product_cat-ofetas-zonagamer","7":"product_cat-zona-gamer","8":"product_cat-pc-gaming","9":"product_cat-laptops-gamer","11":"first","12":"instock","13":"sale","14":"shipping-taxable","15":"purchasable","16":"product-type-simple"},"acf":[],"_links":{"self":[{"href":"https:\/\/defabrica.com.mx\/defabrica\/wp-json\/wp\/v2\/product\/90547","targetHints":{"allow":["GET"]}}],"collection":[{"href":"https:\/\/defabrica.com.mx\/defabrica\/wp-json\/wp\/v2\/product"}],"about":[{"href":"https:\/\/defabrica.com.mx\/defabrica\/wp-json\/wp\/v2\/types\/product"}],"replies":[{"embeddable":true,"href":"https:\/\/defabrica.com.mx\/defabrica\/wp-json\/wp\/v2\/comments?post=90547"}],"wp:featuredmedia":[{"embeddable":true,"href":"https:\/\/defabrica.com.mx\/defabrica\/wp-json\/wp\/v2\/media\/90548"}],"wp:attachment":[{"href":"https:\/\/defabrica.com.mx\/defabrica\/wp-json\/wp\/v2\/media?parent=90547"}],"wp:term":[{"taxonomy":"product_brand","embeddable":true,"href":"https:\/\/defabrica.com.mx\/defabrica\/wp-json\/wp\/v2\/product_brand?post=90547"},{"taxonomy":"product_cat","embeddable":true,"href":"https:\/\/defabrica.com.mx\/defabrica\/wp-json\/wp\/v2\/product_cat?post=90547"},{"taxonomy":"product_tag","embeddable":true,"href":"https:\/\/defabrica.com.mx\/defabrica\/wp-json\/wp\/v2\/product_tag?post=90547"}],"curies":[{"name":"wp","href":"https:\/\/api.w.org\/{rel}","templated":true}]}}