{"id":90535,"date":"2022-07-16T17:34:44","date_gmt":"2022-07-16T22:34:44","guid":{"rendered":"https:\/\/defabrica.com.mx\/defabrica\/?post_type=product&#038;p=90535"},"modified":"2022-07-18T14:06:41","modified_gmt":"2022-07-18T19:06:41","slug":"alienware-laptop-para-juegos-x17-r1-17-3-fhd-intel-core-i7-memoria-de-16-gb-nvidia-geforce-rtx-3070-unidad-de-estado-solido-de-1-tb-blanco-luz-lunar","status":"publish","type":"product","link":"https:\/\/defabrica.com.mx\/defabrica\/producto\/alienware-laptop-para-juegos-x17-r1-17-3-fhd-intel-core-i7-memoria-de-16-gb-nvidia-geforce-rtx-3070-unidad-de-estado-solido-de-1-tb-blanco-luz-lunar\/","title":{"rendered":"Alienware &#8211; Laptop para juegos x17 R1 17.3&#8243; FHD &#8211; Intel Core i7 &#8211; Memoria de 16 GB &#8211; NVIDIA GeForce RTX 3070 &#8211; Unidad de estado s\u00f3lido de 1 TB &#8211; Blanco, luz lunar"},"content":{"rendered":"<div class=\"embedded-component-container lv product-description\">\n<div>\n<div id=\"shop-product-description-34212384\" class=\"_none\" data-version=\"1.3.46\">\n<div class=\"shop-product-description\">\n<section class=\"align-heading-left\" data-reactroot=\"\">\n<div class=\"long-description-container body-copy \">\n<div class=\"html-fragment\"><span>La nueva Alienware x17 es una laptop s\u00faper delgada y extremadamente liviana.\u00a0Ahora es tu oportunidad de jugar con equipo que no conoce fronteras.\u00a0Las laptops para juegos Alienware x17 con enfriamiento avanzado Alienware Cryo-Tech\u2122 desaf\u00edan los l\u00edmites.\u00a0Presentamos el material de interfaz t\u00e9rmica Element 31 y un dise\u00f1o de cuatro ventiladores.\u00a0Estamos incorporando m\u00e1s aspas de ventilador, m\u00e1s materiales de cobre y c\u00e1maras de vapor para brindar una gran potencia mientras disipamos el calor de manera m\u00e1s eficiente y permitimos que los ventiladores funcionen menos, lo que reduce el ruido.\u00a0El x17 presenta cinco estados de energ\u00eda personalizados y otorga acceso a miles de juegos con Windows.\u00a0Las laptops Alienware traer\u00e1n sus juegos favoritos a la hiperrealidad con Windows DirectX 12 Ultimate.\u00a0Construido con aleaci\u00f3n de magnesio y piezas de aluminio, los jugadores pueden experimentar el dise\u00f1o industrial Legend evolucionado que reinventa la forma en que juegas.<\/span><\/div>\n<\/div>\n<\/section>\n<\/div>\n<\/div>\n<\/div>\n<\/div>\n<div class=\"embedded-component-container lv product-features\">\n<h3><\/h3>\n<h3 class=\"heading-5 v-fw-regular feature-heading\"><strong>Caracter\u00edsticas<\/strong><\/h3>\n<ul>\n<li><strong>Windows 11<\/strong><br \/>\nWindows 11 tiene toda la potencia y la seguridad de Windows 10 con un aspecto renovado y redise\u00f1ado. Tambi\u00e9n viene con nuevas herramientas, sonidos y aplicaciones. Cada detalle ha sido considerado. Todo se une para brindarle una experiencia refrescante en su PC<\/li>\n<li><strong>Pantalla FHD de 17,3&#8243; y 360 Hz<\/strong><br \/>\nResoluci\u00f3n de 1920 x 1080 con soporte nativo de 1080p para exhibir sus juegos y pel\u00edculas HD con colores y claridad impresionantes. Retroiluminaci\u00f3n LED de bajo consumo.<\/li>\n<li><strong>Unidad de estado s\u00f3lido PCIe NVMe M.2 de 1 TB<\/strong><br \/>\nSi bien ofrece menos espacio de almacenamiento que un disco duro, un SSD basado en flash no tiene partes m\u00f3viles, lo que resulta en tiempos de inicio y acceso a datos m\u00e1s r\u00e1pidos, sin ruido y menos producci\u00f3n de calor y consumo de energ\u00eda de la bater\u00eda.<\/li>\n<li><strong>Memoria del sistema de 16 GB para multitarea y juegos intensos<\/strong><br \/>\nMontones de RAM DDR4 de alto ancho de banda para ejecutar sin problemas sus juegos de PC con muchos gr\u00e1ficos y aplicaciones de edici\u00f3n de video, as\u00ed como numerosos programas y pesta\u00f1as del navegador, todo a la vez.<\/li>\n<li><strong>Gr\u00e1ficos NVIDIA GeForce RTX 3070<\/strong><br \/>\nRespaldado por una memoria de video dedicada GDDR6 de 8 GB para una GPU r\u00e1pida y avanzada para alimentar sus juegos.<\/li>\n<li><strong>Procesador Intel Core i7 de 11.\u00aa generaci\u00f3n<\/strong><br \/>\nLa combinaci\u00f3n perfecta de rendimiento y capacidad de respuesta. Disfrute de un rendimiento sin precedentes con el procesador Intel Core i7 de 11.\u00aa generaci\u00f3n. Mant\u00e9ngase productivo con una bater\u00eda de carga r\u00e1pida y larga duraci\u00f3n.<\/li>\n<li><strong>Tecnolog\u00eda de refrigeraci\u00f3n Alienware Cryo-Tech\u2122<\/strong><br \/>\nCuatro ventiladores programables \u00fanicos y controlados de forma inteligente para ayudar a disipar el calor. Juega durante m\u00e1s tiempo gracias a Element 31, un material de interfaz t\u00e9rmica de galio-silicona.<\/li>\n<li><strong>Centro de comando de Alienware<\/strong><br \/>\nLos jugadores pueden configurar, activar y administrar cinco estados de energ\u00eda \u00fanicos en el Centro de Comando de Alienware.<\/li>\n<li><strong>Leyenda 2.0 Dise\u00f1o Industrial<\/strong><br \/>\nUna nueva y fresca evoluci\u00f3n en el dise\u00f1o con un acabado de alta resistencia e iluminaci\u00f3n AlienFX personalizable.<\/li>\n<li><strong>Xbox Game Pass Ultimate: descubre tu pr\u00f3ximo juego favorito.<\/strong><br \/>\n1 mes de Xbox Game Pass Ultimate incluido. Juega m\u00e1s de 100 juegos de alta calidad en Windows 10, consola y dispositivo m\u00f3vil. Incluye nuevos t\u00edtulos del primer d\u00eda, juegos ic\u00f3nicos de Bethesda y EA Play para PC.<\/li>\n<\/ul>\n<\/div>\n","protected":false},"excerpt":{"rendered":"<p>La nueva Alienware x17 es una laptop s\u00faper delgada y extremadamente liviana.\u00a0Ahora es tu oportunidad de jugar con equipo que no conoce fronteras.\u00a0Las laptops para juegos Alienware x17 con enfriamiento<\/p>\n","protected":false},"featured_media":90536,"comment_status":"open","ping_status":"closed","template":"","meta":{"_acf_changed":false,"_joinchat":[]},"product_brand":[],"product_cat":[1515,277,280,432],"product_tag":[],"class_list":{"0":"post-90535","1":"product","2":"type-product","3":"status-publish","4":"has-post-thumbnail","6":"product_cat-ofetas-zonagamer","7":"product_cat-zona-gamer","8":"product_cat-pc-gaming","9":"product_cat-laptops-gamer","11":"first","12":"instock","13":"sale","14":"shipping-taxable","15":"purchasable","16":"product-type-simple"},"acf":[],"_links":{"self":[{"href":"https:\/\/defabrica.com.mx\/defabrica\/wp-json\/wp\/v2\/product\/90535","targetHints":{"allow":["GET"]}}],"collection":[{"href":"https:\/\/defabrica.com.mx\/defabrica\/wp-json\/wp\/v2\/product"}],"about":[{"href":"https:\/\/defabrica.com.mx\/defabrica\/wp-json\/wp\/v2\/types\/product"}],"replies":[{"embeddable":true,"href":"https:\/\/defabrica.com.mx\/defabrica\/wp-json\/wp\/v2\/comments?post=90535"}],"wp:featuredmedia":[{"embeddable":true,"href":"https:\/\/defabrica.com.mx\/defabrica\/wp-json\/wp\/v2\/media\/90536"}],"wp:attachment":[{"href":"https:\/\/defabrica.com.mx\/defabrica\/wp-json\/wp\/v2\/media?parent=90535"}],"wp:term":[{"taxonomy":"product_brand","embeddable":true,"href":"https:\/\/defabrica.com.mx\/defabrica\/wp-json\/wp\/v2\/product_brand?post=90535"},{"taxonomy":"product_cat","embeddable":true,"href":"https:\/\/defabrica.com.mx\/defabrica\/wp-json\/wp\/v2\/product_cat?post=90535"},{"taxonomy":"product_tag","embeddable":true,"href":"https:\/\/defabrica.com.mx\/defabrica\/wp-json\/wp\/v2\/product_tag?post=90535"}],"curies":[{"name":"wp","href":"https:\/\/api.w.org\/{rel}","templated":true}]}}