{"id":90529,"date":"2022-07-16T17:29:12","date_gmt":"2022-07-16T22:29:12","guid":{"rendered":"https:\/\/defabrica.com.mx\/defabrica\/?post_type=product&#038;p=90529"},"modified":"2022-07-18T14:06:42","modified_gmt":"2022-07-18T19:06:42","slug":"alienware-laptop-para-juegos-m15-r5-15-6-fhd-amd-ryzen-r9-memoria-de-16-gb-nvidia-geforce-rtx-3070-unidad-de-estado-solido-de-1-tb-el-lado-oscuro-de-la-luna","status":"publish","type":"product","link":"https:\/\/defabrica.com.mx\/defabrica\/producto\/alienware-laptop-para-juegos-m15-r5-15-6-fhd-amd-ryzen-r9-memoria-de-16-gb-nvidia-geforce-rtx-3070-unidad-de-estado-solido-de-1-tb-el-lado-oscuro-de-la-luna\/","title":{"rendered":"Alienware &#8211; Laptop para juegos m15 R5 15.6&#8243; FHD &#8211; AMD Ryzen R9 &#8211; Memoria de 16 GB &#8211; NVIDIA GeForce RTX 3070 &#8211; Unidad de estado s\u00f3lido de 1 TB &#8211; El lado oscuro de la luna"},"content":{"rendered":"<div class=\"embedded-component-container lv product-description\">\n<div>\n<div id=\"shop-product-description-22574784\" class=\"_none\" data-version=\"1.3.46\">\n<div class=\"shop-product-description\">\n<section class=\"align-heading-left\" data-reactroot=\"\">\n<div class=\"long-description-container body-copy \">\n<div class=\"html-fragment\"><span>La computadora port\u00e1til para juegos Alienware m15 Ryzen Edition R5 es nuestra primera computadora port\u00e1til con procesadores AMD Ryzen\u2122 serie 5000 y gr\u00e1ficos NVIDIA\u00ae GeForce RTX\u2122 serie 30.\u00a0Para mantener el rendimiento priorizado y las temperaturas bajo control, nuestra tecnolog\u00eda de enfriamiento Alienware Cryo-tech\u2122 ayuda y est\u00e1 dise\u00f1ada para mantener el juego y la confianza en un nivel alto.\u00a0Cada experiencia de juego en el m15 tiene como objetivo sorprender a los jugadores visualmente, construida alrededor de una pantalla de 15 \u201d, esta nueva generaci\u00f3n de m15 se enfoca en brindar una experiencia visual sin concesiones.\u00a0Incluso la identificaci\u00f3n visual ha dado un paso adelante e introduce el dise\u00f1o industrial Legend recientemente evolucionado.<\/span><\/div>\n<\/div>\n<\/section>\n<\/div>\n<\/div>\n<\/div>\n<\/div>\n<div class=\"embedded-component-container lv product-features\">\n<h3><\/h3>\n<h3 class=\"heading-5 v-fw-regular feature-heading\"><strong>Caracter\u00edsticas<\/strong><\/h3>\n<ul>\n<li><strong>Windows 11<\/strong><br \/>\nWindows 11 tiene toda la potencia y la seguridad de Windows 10 con un aspecto renovado y redise\u00f1ado. Tambi\u00e9n viene con nuevas herramientas, sonidos y aplicaciones. Cada detalle ha sido considerado. Todo se une para brindarle una experiencia refrescante en su PC.<\/li>\n<li><strong>Pantalla FHD de 15,6&#8243;<\/strong><br \/>\nLa resoluci\u00f3n de 1920 x 1080 muestra sus juegos y pel\u00edculas HD con colores y claridad impresionantes. 360 Hz 1 ms con ComfortView Plus, NVIDIA G-SYNC y Advanced Optimus.<\/li>\n<li><strong>Procesador m\u00f3vil AMD Ryzen\u2122 9 5900HX<\/strong><br \/>\nCon 8 n\u00facleos ultrarr\u00e1pidos, los procesadores m\u00f3viles de primera l\u00ednea AMD Ryzen\u2122 9 5000 Series ofrecen juegos de \u00e9lite y capacidades de edici\u00f3n, renderizado y transmisi\u00f3n de clase profesional para los usuarios que exigen lo mejor.<\/li>\n<li><strong>Memoria del sistema de 16 GB para multitarea y juegos intensos<\/strong><br \/>\nMontones de RAM DDR4 de alto ancho de banda para ejecutar sin problemas sus juegos de PC con muchos gr\u00e1ficos y aplicaciones de edici\u00f3n de video, as\u00ed como numerosos programas y pesta\u00f1as del navegador, todo a la vez.<\/li>\n<li><strong>Unidad de estado s\u00f3lido (SSD) de 1 TB<\/strong><br \/>\nSi bien ofrece menos espacio de almacenamiento que un disco duro, un SSD basado en flash no tiene partes m\u00f3viles, lo que resulta en tiempos de inicio y acceso a datos m\u00e1s r\u00e1pidos, sin ruido y menos producci\u00f3n de calor y consumo de energ\u00eda de la bater\u00eda.<\/li>\n<li><strong>Gr\u00e1ficos NVIDIA GeForce RTX 3070<\/strong><br \/>\nRespaldado por una memoria de video dedicada GDDR6 de 8 GB para una GPU r\u00e1pida y avanzada para alimentar sus juegos. La tecnolog\u00eda NVIDIA Optimus optimiza la computadora port\u00e1til tanto para el rendimiento de gr\u00e1ficos como para la conservaci\u00f3n de la vida \u00fatil de la bater\u00eda.<\/li>\n<li><strong>Conectividad inal\u00e1mbrica\/por cable<\/strong><br \/>\nConectividad flexible de doble banda con mayor confiabilidad gracias a dos flujos de datos y antenas.<\/li>\n<li><strong>C\u00e1mara web HD integrada con micr\u00f3fono<\/strong><br \/>\nFacilita el chat de video con familiares y amigos o la teleconferencia con colegas a trav\u00e9s de Skype u otras aplicaciones populares.<\/li>\n<li><strong>Paquete de software b\u00e1sico incluido<\/strong><br \/>\n1 mes de prueba de Microsoft Office 365<\/li>\n<\/ul>\n<\/div>\n","protected":false},"excerpt":{"rendered":"<p>La computadora port\u00e1til para juegos Alienware m15 Ryzen Edition R5 es nuestra primera computadora port\u00e1til con procesadores AMD Ryzen\u2122 serie 5000 y gr\u00e1ficos NVIDIA\u00ae GeForce RTX\u2122 serie 30.\u00a0Para mantener el<\/p>\n","protected":false},"featured_media":90530,"comment_status":"open","ping_status":"closed","template":"","meta":{"_acf_changed":false,"_joinchat":[]},"product_brand":[],"product_cat":[1515,277,280,432],"product_tag":[],"class_list":{"0":"post-90529","1":"product","2":"type-product","3":"status-publish","4":"has-post-thumbnail","6":"product_cat-ofetas-zonagamer","7":"product_cat-zona-gamer","8":"product_cat-pc-gaming","9":"product_cat-laptops-gamer","11":"first","12":"instock","13":"sale","14":"shipping-taxable","15":"purchasable","16":"product-type-simple"},"acf":[],"_links":{"self":[{"href":"https:\/\/defabrica.com.mx\/defabrica\/wp-json\/wp\/v2\/product\/90529","targetHints":{"allow":["GET"]}}],"collection":[{"href":"https:\/\/defabrica.com.mx\/defabrica\/wp-json\/wp\/v2\/product"}],"about":[{"href":"https:\/\/defabrica.com.mx\/defabrica\/wp-json\/wp\/v2\/types\/product"}],"replies":[{"embeddable":true,"href":"https:\/\/defabrica.com.mx\/defabrica\/wp-json\/wp\/v2\/comments?post=90529"}],"wp:featuredmedia":[{"embeddable":true,"href":"https:\/\/defabrica.com.mx\/defabrica\/wp-json\/wp\/v2\/media\/90530"}],"wp:attachment":[{"href":"https:\/\/defabrica.com.mx\/defabrica\/wp-json\/wp\/v2\/media?parent=90529"}],"wp:term":[{"taxonomy":"product_brand","embeddable":true,"href":"https:\/\/defabrica.com.mx\/defabrica\/wp-json\/wp\/v2\/product_brand?post=90529"},{"taxonomy":"product_cat","embeddable":true,"href":"https:\/\/defabrica.com.mx\/defabrica\/wp-json\/wp\/v2\/product_cat?post=90529"},{"taxonomy":"product_tag","embeddable":true,"href":"https:\/\/defabrica.com.mx\/defabrica\/wp-json\/wp\/v2\/product_tag?post=90529"}],"curies":[{"name":"wp","href":"https:\/\/api.w.org\/{rel}","templated":true}]}}