{"id":90510,"date":"2022-07-16T17:18:33","date_gmt":"2022-07-16T22:18:33","guid":{"rendered":"https:\/\/defabrica.com.mx\/defabrica\/?post_type=product&#038;p=90510"},"modified":"2023-01-18T16:23:23","modified_gmt":"2023-01-18T22:23:23","slug":"alienware-laptop-para-juegos-m15-r7-15-6-qhd-amd-ryzen-7-memoria-de-16gb-nvidia-geforce-rtx-3070-ti-ssd-de-512gb-lado-oscuro-de-la-luna","status":"publish","type":"product","link":"https:\/\/defabrica.com.mx\/defabrica\/producto\/alienware-laptop-para-juegos-m15-r7-15-6-qhd-amd-ryzen-7-memoria-de-16gb-nvidia-geforce-rtx-3070-ti-ssd-de-512gb-lado-oscuro-de-la-luna\/","title":{"rendered":"Alienware &#8211; Laptop para juegos m15 R7 15.6&#8243; QHD &#8211; AMD Ryzen 7 &#8211; Memoria de 16GB &#8211; NVIDIA GeForce RTX 3070 Ti &#8211; SSD de 512GB &#8211; Lado oscuro de la luna"},"content":{"rendered":"<div class=\"embedded-component-container lv product-description\">\n<div>\n<div id=\"shop-product-description-36187087\" class=\"_none\" data-version=\"1.3.46\">\n<div class=\"shop-product-description\">\n<section class=\"align-heading-left\" data-reactroot=\"\">\n<div class=\"long-description-container body-copy \">\n<div class=\"html-fragment\">Presentamos la nueva Alienware m15 R7: la computadora port\u00e1til basada en AMD de 15 pulgadas m\u00e1s poderosa de Alienware.\u00a0Juegue, cree y transmita contenido con los potentes procesadores AMD Ryzen serie 6000 y hasta 64 GB de memoria DDR5 de doble canal a 4800 MHz.\u00a0Juegue con tecnolog\u00eda de punta utilizando hasta 170 W de potencia excepcional habilitada por el enfriamiento Alienware Cryo-tech actualizado que disipa el calor para mantener la estabilidad del sistema durante los estados de mayor rendimiento.<\/div>\n<\/div>\n<\/section>\n<\/div>\n<\/div>\n<\/div>\n<\/div>\n<div class=\"embedded-component-container lv product-features\">\n<h3><\/h3>\n<h3 class=\"heading-5 v-fw-regular feature-heading\"><strong>Caracter\u00edsticas<\/strong><\/h3>\n<ul>\n<li><strong>Sistema operativo Microsoft Windows 11<\/strong><br \/>\nWindows 11 tiene toda la potencia y la seguridad de Windows 10 con un aspecto renovado y redise\u00f1ado. Tambi\u00e9n viene con nuevas herramientas, sonidos y aplicaciones. Cada detalle ha sido considerado. Todo se une para brindarle una experiencia refrescante en su PC.<\/li>\n<li><strong>Pantalla QHD de 15,6&#8243; y 240 Hz<\/strong><br \/>\nResoluci\u00f3n de 2560 x 1440 con soporte nativo de 1440p para exhibir sus juegos y pel\u00edculas HD con colores y claridad impresionantes. Retroiluminaci\u00f3n LED de bajo consumo.<\/li>\n<li><strong>Procesador AMD Ryzen 7 6800H<\/strong><br \/>\nImagina, dise\u00f1a y crea sin l\u00edmites. El potente procesador AMD Ryzen 7 cuenta con inteligencia artificial que se anticipa a sus necesidades. Descubra la verdadera capacidad de respuesta con 8 n\u00facleos y 16 subprocesos para obtener el m\u00e1ximo rendimiento.<\/li>\n<li><strong>Memoria del sistema de 16 GB para multitarea y juegos intensos<\/strong><br \/>\nMontones de RAM DDR5 de alto ancho de banda para ejecutar sin problemas sus juegos de PC con muchos gr\u00e1ficos y aplicaciones de edici\u00f3n de video, as\u00ed como numerosos programas y pesta\u00f1as del navegador, todo a la vez.<\/li>\n<li><strong>Unidad de estado s\u00f3lido PCIe NVMe M.2 de 512 GB<\/strong><br \/>\nSi bien ofrece menos espacio de almacenamiento que un disco duro, un SSD basado en flash no tiene partes m\u00f3viles, lo que resulta en tiempos de inicio y acceso a datos m\u00e1s r\u00e1pidos, sin ruido y menos producci\u00f3n de calor y consumo de energ\u00eda de la bater\u00eda.<\/li>\n<li><strong>Gr\u00e1ficos NVIDIA GeForce RTX 3070 Ti<\/strong><br \/>\nRespaldado por una memoria de video dedicada GDDR6 de 8 GB para una GPU r\u00e1pida y avanzada para alimentar sus juegos.<\/li>\n<li><strong>Refrigeraci\u00f3n de \u00e9lite<\/strong><br \/>\nEl enfriamiento Alienware Cyro-tech actualizado disipa el calor para mantener la estabilidad del sistema durante los estados de mayor rendimiento.<\/li>\n<li><strong>Aspas de ventilador optimizadas<\/strong><br \/>\nCentrados en el rendimiento, nuestros ventiladores de nuevo dise\u00f1o contienen m\u00e1s del doble de aspas y son un 37,5 % m\u00e1s delgados que las generaciones anteriores.<\/li>\n<li><strong>Poder personalizado<\/strong><br \/>\nAproveche al m\u00e1ximo los cinco estados de energ\u00eda \u00fanicos y logre un rendimiento, una duraci\u00f3n de la bater\u00eda o una ac\u00fastica ideales.<\/li>\n<li><strong>dolby atmos<\/strong><br \/>\nCada sonido, voz e instrumento se ubican en su propio espacio, para que puedas experimentar los juegos exactamente como lo imaginaron los desarrolladores.<\/li>\n<li><strong>Visi\u00f3n Dolby<\/strong><br \/>\nSum\u00e9rjase en la tecnolog\u00eda que usa metadatos para implementar perfiles de color, para que pueda obtener la experiencia visual m\u00e1s aut\u00e9ntica.<\/li>\n<li><strong>Trazado de rayos<\/strong><br \/>\nLos gr\u00e1ficos de la serie NVIDIA GeForce RTX 30 permiten experiencias de trazado de rayos interactivos en tiempo real para una iluminaci\u00f3n m\u00e1s rica y entornos realistas.<\/li>\n<li><strong>Im\u00e1genes realistas<\/strong><br \/>\nAl sincronizar las frecuencias de actualizaci\u00f3n de su pantalla y su tarjeta gr\u00e1fica, NVIDIA G-SYNC proporciona gr\u00e1ficos fluidos y realistas durante las escenas de acci\u00f3n de alta velocidad.<\/li>\n<\/ul>\n<\/div>\n","protected":false},"excerpt":{"rendered":"<p>Presentamos la nueva Alienware m15 R7: la computadora port\u00e1til basada en AMD de 15 pulgadas m\u00e1s poderosa de Alienware.\u00a0Juegue, cree y transmita contenido con los potentes procesadores AMD Ryzen serie<\/p>\n","protected":false},"featured_media":90511,"comment_status":"open","ping_status":"closed","template":"","meta":{"_acf_changed":false,"_joinchat":[]},"product_brand":[],"product_cat":[277,280,432],"product_tag":[],"class_list":{"0":"post-90510","1":"product","2":"type-product","3":"status-publish","4":"has-post-thumbnail","6":"product_cat-zona-gamer","7":"product_cat-pc-gaming","8":"product_cat-laptops-gamer","10":"first","11":"instock","12":"sale","13":"shipping-taxable","14":"purchasable","15":"product-type-simple"},"acf":[],"_links":{"self":[{"href":"https:\/\/defabrica.com.mx\/defabrica\/wp-json\/wp\/v2\/product\/90510","targetHints":{"allow":["GET"]}}],"collection":[{"href":"https:\/\/defabrica.com.mx\/defabrica\/wp-json\/wp\/v2\/product"}],"about":[{"href":"https:\/\/defabrica.com.mx\/defabrica\/wp-json\/wp\/v2\/types\/product"}],"replies":[{"embeddable":true,"href":"https:\/\/defabrica.com.mx\/defabrica\/wp-json\/wp\/v2\/comments?post=90510"}],"wp:featuredmedia":[{"embeddable":true,"href":"https:\/\/defabrica.com.mx\/defabrica\/wp-json\/wp\/v2\/media\/90511"}],"wp:attachment":[{"href":"https:\/\/defabrica.com.mx\/defabrica\/wp-json\/wp\/v2\/media?parent=90510"}],"wp:term":[{"taxonomy":"product_brand","embeddable":true,"href":"https:\/\/defabrica.com.mx\/defabrica\/wp-json\/wp\/v2\/product_brand?post=90510"},{"taxonomy":"product_cat","embeddable":true,"href":"https:\/\/defabrica.com.mx\/defabrica\/wp-json\/wp\/v2\/product_cat?post=90510"},{"taxonomy":"product_tag","embeddable":true,"href":"https:\/\/defabrica.com.mx\/defabrica\/wp-json\/wp\/v2\/product_tag?post=90510"}],"curies":[{"name":"wp","href":"https:\/\/api.w.org\/{rel}","templated":true}]}}