{"id":90490,"date":"2022-07-16T17:03:46","date_gmt":"2022-07-16T22:03:46","guid":{"rendered":"https:\/\/defabrica.com.mx\/defabrica\/?post_type=product&#038;p=90490"},"modified":"2022-07-18T14:06:44","modified_gmt":"2022-07-18T19:06:44","slug":"lenovo-laptop-para-juegos-legion-slim-7-de-15-amd-ryzen-7-5800h-memoria-de-16-gb-nvidia-geforce-rtx-3060-ssd-de-512-gb-sombra-negra","status":"publish","type":"product","link":"https:\/\/defabrica.com.mx\/defabrica\/producto\/lenovo-laptop-para-juegos-legion-slim-7-de-15-amd-ryzen-7-5800h-memoria-de-16-gb-nvidia-geforce-rtx-3060-ssd-de-512-gb-sombra-negra\/","title":{"rendered":"Lenovo &#8211; Laptop para juegos Legion Slim 7 de 15&#8243; &#8211; AMD Ryzen 7 5800H &#8211; Memoria de 16 GB &#8211; NVIDIA GeForce RTX 3060 &#8211; SSD de 512 GB &#8211; sombra negra"},"content":{"rendered":"<div class=\"embedded-component-container lv product-description\">\n<div>\n<div id=\"shop-product-description-59004035\" class=\"_none\" data-version=\"1.3.46\">\n<div class=\"shop-product-description\">\n<section class=\"align-heading-left\" data-reactroot=\"\">\n<div class=\"long-description-container body-copy \">\n<div class=\"html-fragment\"><span>Lenovo\u2122 Legion Slim 7 fue dise\u00f1ado para jugadores que exigen movilidad y rendimiento para el d\u00eda y la noche.\u00a0Con un chasis finamente dise\u00f1ado fabricado 100 % en aluminio que es sorprendentemente delgado e impresionantemente liviano, el Legion Slim 7 fue dise\u00f1ado por expertos para los jugadores que exigen m\u00e1s.<\/span><\/div>\n<\/div>\n<\/section>\n<\/div>\n<\/div>\n<\/div>\n<\/div>\n<div class=\"embedded-component-container lv product-features\">\n<h3><\/h3>\n<h3 class=\"heading-5 v-fw-regular feature-heading\"><strong>Caracter\u00edsticas<\/strong><\/h3>\n<ul>\n<li><strong>Sistema operativo Windows 11<\/strong><br \/>\nWindows 11 tiene toda la potencia y la seguridad de Windows 10 con un aspecto renovado y redise\u00f1ado. Tambi\u00e9n viene con nuevas herramientas, sonidos y aplicaciones. Cada detalle ha sido considerado. Todo se une para brindarle una experiencia refrescante en su PC.<\/li>\n<li><strong>Pantalla Full HD de 15,6&#8243;<\/strong><br \/>\nLa resoluci\u00f3n de 1920 x 1080 cuenta con un color y una claridad impresionantes. Tecnolog\u00eda IPS para amplios \u00e1ngulos de visi\u00f3n. Retroiluminaci\u00f3n LED de bajo consumo.<\/li>\n<li><strong>Procesador AMD Ryzen 7 5800H<\/strong><br \/>\nImagina, dise\u00f1a y crea sin l\u00edmites. El potente procesador AMD Ryzen\u2122 7 cuenta con inteligencia artificial que se anticipa a sus necesidades. Descubra la verdadera capacidad de respuesta con ocho n\u00facleos y diecis\u00e9is subprocesos para obtener el m\u00e1ximo rendimiento.<\/li>\n<li><strong>Memoria del sistema de 16 GB para multitarea y juegos intensos<\/strong><br \/>\nMontones de RAM DDR4 de alto ancho de banda para ejecutar sin problemas sus juegos de PC con muchos gr\u00e1ficos y aplicaciones de edici\u00f3n de video, as\u00ed como numerosos programas y pesta\u00f1as del navegador, todo a la vez.<\/li>\n<li><strong>Unidad de estado s\u00f3lido de 512 GB<\/strong><br \/>\nSi bien ofrece menos espacio de almacenamiento que un disco duro, un SSD basado en flash no tiene partes m\u00f3viles, lo que resulta en tiempos de inicio y acceso a datos m\u00e1s r\u00e1pidos, sin ruido y menos producci\u00f3n de calor y consumo de energ\u00eda de la bater\u00eda.<\/li>\n<li><strong>Gr\u00e1ficos NVIDIA GeForce RTX 3060 Max-Q<\/strong><br \/>\nRespaldado por una memoria de video dedicada GDDR6 de 6GB para una GPU ultrarr\u00e1pida y avanzada para alimentar sus juegos.<\/li>\n<li><strong>Pesa 4,18 libras. y mide 0.7&#8243; de espesor<\/strong><br \/>\nDise\u00f1o delgado y liviano con unidad de DVD\/CD omitida para mejorar la portabilidad. Bater\u00eda de iones de litio.<\/li>\n<li><strong>Chasis de aluminio<\/strong><br \/>\nOfrece un aspecto elegante.<\/li>\n<li><strong>Lector de medios integrado para una transferencia de fotos sencilla<\/strong><br \/>\nAdmite formatos de tarjetas de memoria microSD.<\/li>\n<li><strong>Conectividad inal\u00e1mbrica\/al\u00e1mbrica (WiFi 6 &#8211; 802.11ax)<\/strong><br \/>\nConectividad flexible de doble banda con mayor confiabilidad gracias a dos flujos de datos y antenas. Con\u00e9ctese a un enrutador Wi-Fi para experimentar velocidades Wi-Fi GB casi 3 veces m\u00e1s r\u00e1pidas que Wi-Fi 5 est\u00e1ndar con capacidad de respuesta mejorada para a\u00fan m\u00e1s dispositivos.<\/li>\n<li><strong>C\u00e1mara web HD integrada con micr\u00f3fono de doble matriz<\/strong><br \/>\nFacilita el chat de video con familiares y amigos o la teleconferencia con colegas a trav\u00e9s de Skype u otras aplicaciones populares.<\/li>\n<li><strong>Teclado retroiluminado RGB<\/strong><br \/>\nLe permite disfrutar de una escritura c\u00f3moda y precisa, incluso con poca luz.<\/li>\n<li><strong>puerto adicional<\/strong><br \/>\nConector combinado de auriculares\/micr\u00f3fono.<\/li>\n<\/ul>\n<\/div>\n","protected":false},"excerpt":{"rendered":"<p>Lenovo\u2122 Legion Slim 7 fue dise\u00f1ado para jugadores que exigen movilidad y rendimiento para el d\u00eda y la noche.\u00a0Con un chasis finamente dise\u00f1ado fabricado 100 % en aluminio que es<\/p>\n","protected":false},"featured_media":90491,"comment_status":"open","ping_status":"closed","template":"","meta":{"_acf_changed":false,"_joinchat":[]},"product_brand":[],"product_cat":[1515,277,280,432],"product_tag":[],"class_list":{"0":"post-90490","1":"product","2":"type-product","3":"status-publish","4":"has-post-thumbnail","6":"product_cat-ofetas-zonagamer","7":"product_cat-zona-gamer","8":"product_cat-pc-gaming","9":"product_cat-laptops-gamer","11":"first","12":"instock","13":"sale","14":"shipping-taxable","15":"purchasable","16":"product-type-simple"},"acf":[],"_links":{"self":[{"href":"https:\/\/defabrica.com.mx\/defabrica\/wp-json\/wp\/v2\/product\/90490","targetHints":{"allow":["GET"]}}],"collection":[{"href":"https:\/\/defabrica.com.mx\/defabrica\/wp-json\/wp\/v2\/product"}],"about":[{"href":"https:\/\/defabrica.com.mx\/defabrica\/wp-json\/wp\/v2\/types\/product"}],"replies":[{"embeddable":true,"href":"https:\/\/defabrica.com.mx\/defabrica\/wp-json\/wp\/v2\/comments?post=90490"}],"wp:featuredmedia":[{"embeddable":true,"href":"https:\/\/defabrica.com.mx\/defabrica\/wp-json\/wp\/v2\/media\/90491"}],"wp:attachment":[{"href":"https:\/\/defabrica.com.mx\/defabrica\/wp-json\/wp\/v2\/media?parent=90490"}],"wp:term":[{"taxonomy":"product_brand","embeddable":true,"href":"https:\/\/defabrica.com.mx\/defabrica\/wp-json\/wp\/v2\/product_brand?post=90490"},{"taxonomy":"product_cat","embeddable":true,"href":"https:\/\/defabrica.com.mx\/defabrica\/wp-json\/wp\/v2\/product_cat?post=90490"},{"taxonomy":"product_tag","embeddable":true,"href":"https:\/\/defabrica.com.mx\/defabrica\/wp-json\/wp\/v2\/product_tag?post=90490"}],"curies":[{"name":"wp","href":"https:\/\/api.w.org\/{rel}","templated":true}]}}