{"id":90483,"date":"2022-07-16T17:00:17","date_gmt":"2022-07-16T22:00:17","guid":{"rendered":"https:\/\/defabrica.com.mx\/defabrica\/?post_type=product&#038;p=90483"},"modified":"2022-07-18T14:06:44","modified_gmt":"2022-07-18T19:06:44","slug":"lenovo-laptop-ideapad-gaming-3i-15-6-fhd-core-i5-11300h-memoria-de-8gb-nvidia-geforce-gtx-1650-ssd-de-256gb-sombra-negra","status":"publish","type":"product","link":"https:\/\/defabrica.com.mx\/defabrica\/producto\/lenovo-laptop-ideapad-gaming-3i-15-6-fhd-core-i5-11300h-memoria-de-8gb-nvidia-geforce-gtx-1650-ssd-de-256gb-sombra-negra\/","title":{"rendered":"Lenovo &#8211; Laptop Ideapad Gaming 3i 15.6&#8243; FHD &#8211; Core i5-11300H &#8211; Memoria de 8GB &#8211; NVIDIA GeForce GTX 1650 &#8211; SSD de 256GB &#8211; Sombra negra"},"content":{"rendered":"<div class=\"embedded-component-container lv product-description\">\n<div>\n<div id=\"shop-product-description-2218712\" class=\"_none\" data-version=\"1.3.46\">\n<div class=\"shop-product-description\">\n<section class=\"align-heading-left\" data-reactroot=\"\">\n<div class=\"long-description-container body-copy \">\n<div class=\"html-fragment\"><span>Con el \u00faltimo procesador Intel\u00ae Core\u2122 de 11.\u00aa generaci\u00f3n y los gr\u00e1ficos NVIDIA GeForce, obtenga el m\u00e1ximo valor del IdeaPad\u2122 Gaming 3i y alcance el m\u00e1ximo potencial de juego.\u00a0Ponte a la altura de los profesionales con gr\u00e1ficos n\u00edtidos, ultrasuaves y sin interrupciones en la pantalla FHD IPS, conduce m\u00e1s fuerte con el 100 % de rollover N-key en tu teclado, disipa el calor m\u00e1s r\u00e1pido con t\u00e9rmicas de alto rendimiento y se\u00f1ala la ubicaci\u00f3n de tus enemigos al instante con Nahimic audio de sonido envolvente.<\/span><\/div>\n<\/div>\n<\/section>\n<\/div>\n<\/div>\n<\/div>\n<\/div>\n<div class=\"embedded-component-container lv product-features\">\n<h3><\/h3>\n<h3 class=\"heading-5 v-fw-regular feature-heading\"><strong>Caracter\u00edsticas<\/strong><\/h3>\n<ul>\n<li><strong>sistema operativo Windows 11<\/strong><br \/>\nWindows 11 recupera el men\u00fa Inicio de Windows 7 e introduce nuevas caracter\u00edsticas, como el navegador web Edge que le permite marcar p\u00e1ginas web en su pantalla.<\/li>\n<li><strong>Pantalla Full HD de 15,6&#8243;<\/strong><br \/>\nLa resoluci\u00f3n de 1920 x 1080 cuenta con un color y una claridad impresionantes. Tecnolog\u00eda IPS para amplios \u00e1ngulos de visi\u00f3n. Retroiluminaci\u00f3n LED de bajo consumo.<\/li>\n<li><strong>Procesador Intel\u00ae Core i5-11300H de 11.\u00aa generaci\u00f3n<\/strong><br \/>\nRendimiento de procesamiento inteligente de cuatro n\u00facleos (4 n\u00facleos). La tecnolog\u00eda Intel Turbo Boost brinda potencia adicional din\u00e1mica cuando la necesita, al tiempo que aumenta la eficiencia energ\u00e9tica cuando no la necesita.<\/li>\n<li><strong>Memoria del sistema de 8 GB para multitarea avanzada<\/strong><br \/>\nGran cantidad de RAM de gran ancho de banda para ejecutar sin problemas sus juegos y aplicaciones de edici\u00f3n de fotos y videos, as\u00ed como m\u00faltiples programas y pesta\u00f1as del navegador, todo a la vez.<\/li>\n<li><strong>Unidad de estado s\u00f3lido (SSD) de 256 GB<\/strong><br \/>\nEste SSD basado en flash no tiene partes m\u00f3viles, lo que resulta en tiempos de inicio y acceso a datos m\u00e1s r\u00e1pidos, sin ruido, producci\u00f3n de calor y consumo de energ\u00eda reducidos en la bater\u00eda.<\/li>\n<li><strong>Gr\u00e1ficos NVIDIA GeForce GTX 1650<\/strong><br \/>\nImpulsado por una memoria de video dedicada de 4 GB para reproducir r\u00e1pidamente im\u00e1genes de alta calidad para videos y juegos.<\/li>\n<li><strong>Conectividad inal\u00e1mbrica\/al\u00e1mbrica (WiFi 6 &#8211; 802.11ax)<\/strong><br \/>\nConectividad flexible de doble banda con mayor confiabilidad gracias a dos flujos de datos y antenas. Con\u00e9ctese a un enrutador Wi-Fi para experimentar velocidades Wi-Fi GB casi 3 veces m\u00e1s r\u00e1pidas que Wi-Fi 5 est\u00e1ndar con capacidad de respuesta mejorada para a\u00fan m\u00e1s dispositivos.<\/li>\n<li><strong>Teclado retroiluminado para escribir f\u00e1cilmente en lugares oscuros o poco iluminados<\/strong><br \/>\nPanel t\u00e1ctil con capacidad de desplazamiento y multit\u00e1ctil.<\/li>\n<li><strong>Pesa 4,95 libras. y mide 0.92&#8243; de espesor<\/strong><br \/>\nDise\u00f1o liviano, con una pantalla un poco m\u00e1s peque\u00f1a y sin la unidad de DVD\/CD para mejorar la portabilidad. Bater\u00eda de iones de litio de 4 celdas.<\/li>\n<li><strong>puerto adicional<\/strong><br \/>\nConector combinado de auriculares\/micr\u00f3fono.<\/li>\n<\/ul>\n<\/div>\n","protected":false},"excerpt":{"rendered":"<p>Con el \u00faltimo procesador Intel\u00ae Core\u2122 de 11.\u00aa generaci\u00f3n y los gr\u00e1ficos NVIDIA GeForce, obtenga el m\u00e1ximo valor del IdeaPad\u2122 Gaming 3i y alcance el m\u00e1ximo potencial de juego.\u00a0Ponte a<\/p>\n","protected":false},"featured_media":90484,"comment_status":"open","ping_status":"closed","template":"","meta":{"_acf_changed":false,"_joinchat":[]},"product_brand":[],"product_cat":[1515,277,280,432],"product_tag":[],"class_list":{"0":"post-90483","1":"product","2":"type-product","3":"status-publish","4":"has-post-thumbnail","6":"product_cat-ofetas-zonagamer","7":"product_cat-zona-gamer","8":"product_cat-pc-gaming","9":"product_cat-laptops-gamer","11":"first","12":"instock","13":"sale","14":"shipping-taxable","15":"purchasable","16":"product-type-simple"},"acf":[],"_links":{"self":[{"href":"https:\/\/defabrica.com.mx\/defabrica\/wp-json\/wp\/v2\/product\/90483","targetHints":{"allow":["GET"]}}],"collection":[{"href":"https:\/\/defabrica.com.mx\/defabrica\/wp-json\/wp\/v2\/product"}],"about":[{"href":"https:\/\/defabrica.com.mx\/defabrica\/wp-json\/wp\/v2\/types\/product"}],"replies":[{"embeddable":true,"href":"https:\/\/defabrica.com.mx\/defabrica\/wp-json\/wp\/v2\/comments?post=90483"}],"wp:featuredmedia":[{"embeddable":true,"href":"https:\/\/defabrica.com.mx\/defabrica\/wp-json\/wp\/v2\/media\/90484"}],"wp:attachment":[{"href":"https:\/\/defabrica.com.mx\/defabrica\/wp-json\/wp\/v2\/media?parent=90483"}],"wp:term":[{"taxonomy":"product_brand","embeddable":true,"href":"https:\/\/defabrica.com.mx\/defabrica\/wp-json\/wp\/v2\/product_brand?post=90483"},{"taxonomy":"product_cat","embeddable":true,"href":"https:\/\/defabrica.com.mx\/defabrica\/wp-json\/wp\/v2\/product_cat?post=90483"},{"taxonomy":"product_tag","embeddable":true,"href":"https:\/\/defabrica.com.mx\/defabrica\/wp-json\/wp\/v2\/product_tag?post=90483"}],"curies":[{"name":"wp","href":"https:\/\/api.w.org\/{rel}","templated":true}]}}