{"id":90475,"date":"2022-07-16T16:42:46","date_gmt":"2022-07-16T21:42:46","guid":{"rendered":"https:\/\/defabrica.com.mx\/defabrica\/?post_type=product&#038;p=90475"},"modified":"2023-01-18T16:21:24","modified_gmt":"2023-01-18T22:21:24","slug":"lenovo-laptop-para-juegos-legion-slim-7i-16-wuxga-core-i7-12700h-memoria-de-16-gb-nvidia-geforce-rtx-3060-ssd-de-512-gb-gris-onix","status":"publish","type":"product","link":"https:\/\/defabrica.com.mx\/defabrica\/producto\/lenovo-laptop-para-juegos-legion-slim-7i-16-wuxga-core-i7-12700h-memoria-de-16-gb-nvidia-geforce-rtx-3060-ssd-de-512-gb-gris-onix\/","title":{"rendered":"Lenovo &#8211; Laptop para juegos Legion Slim 7i 16&#8243; WUXGA &#8211; Core i7-12700H &#8211; Memoria de 16 GB &#8211; NVIDIA GeForce RTX 3060 &#8211; SSD de 512 GB &#8211; Gris \u00f3nix"},"content":{"rendered":"<div class=\"embedded-component-container lv product-description\">\n<div>\n<div id=\"shop-product-description-81792331\" class=\"_none\" data-version=\"1.3.46\">\n<div class=\"shop-product-description\">\n<section class=\"align-heading-left\" data-reactroot=\"\">\n<div class=\"long-description-container body-copy \">\n<div class=\"html-fragment\">Dise\u00f1ado para aquellos que saben que los juegos son una forma de vida, el Lenovo\u2122 Legion Slim 7, en Onyx Grey, est\u00e1 calibrado para la creaci\u00f3n y los juegos de \u00faltima generaci\u00f3n por igual.\u00a0Redefina las experiencias de juego con el procesador Intel Core i7 de \u00faltima generaci\u00f3n y los gr\u00e1ficos NVIDIA GeForce RTX que est\u00e1n optimizados para IA a trav\u00e9s de Legion AI Engine, todo ello refrigerado por el sistema t\u00e9rmico de Legion Coldfront 3.0.\u00a0El dise\u00f1o ligero y emocionante del Legion Slim 7 se mecaniza a\u00fan m\u00e1s a partir de una mezcla de aluminio y magnesio que desaf\u00eda todas las leyes b\u00e1sicas de la ingenier\u00eda de port\u00e1tiles.\u00a0Aplasta a la competencia en WUXGA para juegos inmersivos donde sea que te lleve la vida.<\/div>\n<\/div>\n<\/section>\n<\/div>\n<\/div>\n<\/div>\n<\/div>\n<div class=\"embedded-component-container lv product-features\">\n<h3><\/h3>\n<h3 class=\"heading-5 v-fw-regular feature-heading\"><strong>Caracter\u00edsticas<\/strong><\/h3>\n<ul>\n<li><strong>sistema operativo Windows 11<\/strong><br \/>\nWindows 11 recupera el men\u00fa Inicio de Windows 7 e introduce nuevas caracter\u00edsticas, como el navegador web Edge que le permite marcar p\u00e1ginas web en su pantalla.<\/li>\n<li><strong>Pantalla WUXGA de 16&#8243; y 165 Hz<\/strong><br \/>\nLa pantalla de 350 nits ultrabrillante de 165 Hz cuenta con una resoluci\u00f3n de 1920 x 1200 de 16:10 que le brinda m\u00e1s espacio para barras de herramientas y pesta\u00f1as.<\/li>\n<li><strong>Procesador Intel Core i7-12700H<\/strong><br \/>\nImagine, dise\u00f1e y cree sin l\u00edmites con el potente procesador Intel Core i7 de 12.\u00aa generaci\u00f3n. Descubra la verdadera capacidad de respuesta con 14 n\u00facleos y 20 subprocesos para obtener el m\u00e1ximo rendimiento.<\/li>\n<li><strong>Memoria del sistema de 16 GB para multitarea avanzada<\/strong><br \/>\nGran cantidad de RAM de gran ancho de banda para ejecutar sin problemas sus juegos y aplicaciones de edici\u00f3n de fotos y videos, as\u00ed como m\u00faltiples programas y pesta\u00f1as del navegador, todo a la vez.<\/li>\n<li><strong>Unidad de estado s\u00f3lido (SSD) de 512 GB<\/strong><br \/>\nEste SSD basado en flash no tiene partes m\u00f3viles, lo que resulta en tiempos de inicio y acceso a datos m\u00e1s r\u00e1pidos, sin ruido, producci\u00f3n de calor y consumo de energ\u00eda reducidos en la bater\u00eda.<\/li>\n<li><strong>M\u00e1ximo rendimiento para jugadores y creadores<\/strong><br \/>\nLas GPU GeForce RTX Serie 30 impulsan las laptops m\u00e1s r\u00e1pidas del mundo para jugadores y creadores. Disfrute de los gr\u00e1ficos con trazado de rayos m\u00e1s realistas, las funciones de IA de vanguardia y las tecnolog\u00edas NVIDA Max-Q para optimizar el rendimiento, la potencia y la ac\u00fastica.<\/li>\n<li><strong>Conectividad inal\u00e1mbrica\/al\u00e1mbrica (WiFi 6 &#8211; 802.11ax)<\/strong><br \/>\nConectividad flexible de doble banda con mayor confiabilidad gracias a dos flujos de datos y antenas. Con\u00e9ctese a un enrutador Wi-Fi para experimentar velocidades Wi-Fi GB casi 3 veces m\u00e1s r\u00e1pidas que Wi-Fi 5 est\u00e1ndar con capacidad de respuesta mejorada para a\u00fan m\u00e1s dispositivos.<\/li>\n<li><strong>Teclado retroiluminado para escribir f\u00e1cilmente en lugares oscuros o poco iluminados.<\/strong><br \/>\nPanel t\u00e1ctil con capacidad de desplazamiento y multit\u00e1ctil.<\/li>\n<li><strong>Pesa 4,51 libras. y mide 0.83&#8243; de espesor<\/strong><br \/>\nDise\u00f1o liviano, con una pantalla un poco m\u00e1s peque\u00f1a y sin la unidad de DVD\/CD para mejorar la portabilidad. Bater\u00eda de iones de litio de 4 celdas.<\/li>\n<li><strong>puerto adicional<\/strong><br \/>\nConector combinado de auriculares\/micr\u00f3fono.<\/li>\n<\/ul>\n<\/div>\n","protected":false},"excerpt":{"rendered":"<p>Dise\u00f1ado para aquellos que saben que los juegos son una forma de vida, el Lenovo\u2122 Legion Slim 7, en Onyx Grey, est\u00e1 calibrado para la creaci\u00f3n y los juegos de<\/p>\n","protected":false},"featured_media":90478,"comment_status":"open","ping_status":"closed","template":"","meta":{"_acf_changed":false,"_joinchat":[]},"product_brand":[],"product_cat":[277,280,432],"product_tag":[],"class_list":{"0":"post-90475","1":"product","2":"type-product","3":"status-publish","4":"has-post-thumbnail","6":"product_cat-zona-gamer","7":"product_cat-pc-gaming","8":"product_cat-laptops-gamer","10":"first","11":"instock","12":"sale","13":"shipping-taxable","14":"purchasable","15":"product-type-simple"},"acf":[],"_links":{"self":[{"href":"https:\/\/defabrica.com.mx\/defabrica\/wp-json\/wp\/v2\/product\/90475","targetHints":{"allow":["GET"]}}],"collection":[{"href":"https:\/\/defabrica.com.mx\/defabrica\/wp-json\/wp\/v2\/product"}],"about":[{"href":"https:\/\/defabrica.com.mx\/defabrica\/wp-json\/wp\/v2\/types\/product"}],"replies":[{"embeddable":true,"href":"https:\/\/defabrica.com.mx\/defabrica\/wp-json\/wp\/v2\/comments?post=90475"}],"wp:featuredmedia":[{"embeddable":true,"href":"https:\/\/defabrica.com.mx\/defabrica\/wp-json\/wp\/v2\/media\/90478"}],"wp:attachment":[{"href":"https:\/\/defabrica.com.mx\/defabrica\/wp-json\/wp\/v2\/media?parent=90475"}],"wp:term":[{"taxonomy":"product_brand","embeddable":true,"href":"https:\/\/defabrica.com.mx\/defabrica\/wp-json\/wp\/v2\/product_brand?post=90475"},{"taxonomy":"product_cat","embeddable":true,"href":"https:\/\/defabrica.com.mx\/defabrica\/wp-json\/wp\/v2\/product_cat?post=90475"},{"taxonomy":"product_tag","embeddable":true,"href":"https:\/\/defabrica.com.mx\/defabrica\/wp-json\/wp\/v2\/product_tag?post=90475"}],"curies":[{"name":"wp","href":"https:\/\/api.w.org\/{rel}","templated":true}]}}