{"id":90460,"date":"2022-07-16T16:34:55","date_gmt":"2022-07-16T21:34:55","guid":{"rendered":"https:\/\/defabrica.com.mx\/defabrica\/?post_type=product&#038;p=90460"},"modified":"2022-07-18T14:06:45","modified_gmt":"2022-07-18T19:06:45","slug":"asus-portatil-tuf-gaming-f17-de-173-intel-core-i7-memoria-de-16-gb-nvidia-geforce-rtx-3060-ssd-de-1-tb-gris-eclipse","status":"publish","type":"product","link":"https:\/\/defabrica.com.mx\/defabrica\/producto\/asus-portatil-tuf-gaming-f17-de-173-intel-core-i7-memoria-de-16-gb-nvidia-geforce-rtx-3060-ssd-de-1-tb-gris-eclipse\/","title":{"rendered":"ASUS &#8211; Port\u00e1til TUF Gaming F17 de 17,3&#8243; &#8211; Intel Core i7 &#8211; Memoria de 16 GB &#8211; NVIDIA GeForce RTX 3060 &#8211; SSD de 1 TB &#8211; Gris Eclipse"},"content":{"rendered":"<p>Corre en c\u00edrculos alrededor de tus oponentes con esta computadora port\u00e1til para juegos ASUS TUF Full HD de 17.3 pulgadas.\u00a0El SSD de 1 TB ofrece una carga r\u00e1pida de aplicaciones y un amplio almacenamiento para su colecci\u00f3n, mientras que la GPU NVIDIA GeForce RTX 3060 ofrece im\u00e1genes realistas para escenas de batalla \u00e9picas.\u00a0Con un procesador Intel Core i7 y 16 GB de RAM, esta computadora port\u00e1til para juegos ASUS TUF admite m\u00faltiples tareas sin esfuerzo.<\/p>\n<h3><\/h3>\n<h3 class=\"heading-5 v-fw-regular feature-heading\"><strong>Caracter\u00edsticas<\/strong><\/h3>\n<ul>\n<li><strong>sistema operativo Windows 10<\/strong><br \/>\nRecupera el men\u00fa Inicio de Windows 7 e introduce nuevas caracter\u00edsticas, como el navegador web Edge que le permite marcar p\u00e1ginas web en su pantalla.<\/li>\n<li><strong>Pantalla Full HD de 17,3&#8243; y 144 Hz<\/strong><br \/>\nSu resoluci\u00f3n de 1920 x 1080 muestra sus juegos y pel\u00edculas HD con colores y claridad impresionantes. El acabado antideslumbrante reduce la fatiga visual y ampl\u00eda el campo de visi\u00f3n. Tecnolog\u00eda IPS para amplios \u00e1ngulos de visi\u00f3n.<\/li>\n<li><strong>Procesador Intel\u00ae Core\u2122 i7-11800H de 11.\u00aa generaci\u00f3n<\/strong><br \/>\nPotente rendimiento de procesamiento de ocho n\u00facleos y 16 v\u00edas. La tecnolog\u00eda Intel Turbo Boost brinda energ\u00eda adicional din\u00e1mica cuando la necesita, al tiempo que aumenta la eficiencia energ\u00e9tica cuando no la necesita.<\/li>\n<li><strong>Memoria del sistema de 16 GB para multitarea y juegos intensos<\/strong><br \/>\nGran cantidad de RAM DDR4 de gran ancho de banda le permite ejecutar sin problemas sus juegos de PC con muchos gr\u00e1ficos, aplicaciones de edici\u00f3n de video, numerosos programas y pesta\u00f1as del navegador al mismo tiempo.<\/li>\n<li><strong>Unidad de estado s\u00f3lido (NVMe) de 1 TB<\/strong><br \/>\nGuarde archivos r\u00e1pidamente y almacene m\u00e1s datos. Con grandes cantidades de almacenamiento y poder de comunicaci\u00f3n avanzado, este SSD PCI-e es perfecto para las principales aplicaciones de juegos, m\u00faltiples servidores, copias de seguridad diarias y m\u00e1s.<\/li>\n<li><strong>Tiempo de respuesta de gris a gris de 3 ms<\/strong><br \/>\nMinimiza las im\u00e1genes fantasma para una mayor precisi\u00f3n al rastrear objetivos que se mueven r\u00e1pidamente.<\/li>\n<li><strong>Gr\u00e1ficos NVIDIA GeForce RTX 3060<\/strong><br \/>\nImpulsada por una memoria de video dedicada GDDR6 de 6GB, esta poderosa GPU permite altas velocidades de cuadro y un realismo sorprendente para juegos m\u00e1s inmersivos.<\/li>\n<li><strong>Sum\u00e9rgete en un sonido cristalino<\/strong><br \/>\nEl sonido envolvente virtual de 7.1 canales mejora la conciencia espacial en el juego para ayudarlo a vencer a los enemigos.<\/li>\n<li><strong>Pesa 5,7 libras. y tiene 0.9&#8243; de espesor<\/strong><br \/>\nEquilibra la portabilidad y el tama\u00f1o de la pantalla, por lo que obtiene una cantidad respetable de espacio de visualizaci\u00f3n sin que la computadora port\u00e1til sea demasiado engorrosa para la portabilidad pr\u00e1ctica. Bater\u00eda de iones de litio de cuatro celdas.<\/li>\n<li><strong>La salida HDMI 2.0b ampl\u00eda sus opciones de visualizaci\u00f3n<\/strong><br \/>\nCon\u00e9ctese a un televisor de alta definici\u00f3n o a un monitor de alta definici\u00f3n para configurar dos pantallas una al lado de la otra o simplemente ver m\u00e1s del panorama general. Admite 4K Ultra HD.<\/li>\n<li><strong>Conectividad inal\u00e1mbrica\/por cable (Wi-Fi 6 802.11ax con RangeBoost)<\/strong><br \/>\nConectividad flexible de doble banda con mayor confiabilidad gracias a dos flujos de datos y antenas. Con\u00e9ctese a un enrutador Wi-Fi para experimentar velocidades de GB Wi-Fi casi 3 veces m\u00e1s r\u00e1pidas que el Wi-Fi 5 est\u00e1ndar con una capacidad de respuesta mejorada para m\u00e1s dispositivos.<\/li>\n<li><strong>Teclado iluminado<\/strong><br \/>\nPermite escribir f\u00e1cilmente en lugares tenues u oscuros. La personalizaci\u00f3n RGB por tecla es excelente para resaltar teclas cr\u00edticas y atajos que ahorran tiempo.<\/li>\n<li><strong>software incluido<\/strong><br \/>\nPrueba de un mes de Microsoft Office 365.<\/li>\n<li><strong>puerto adicional<\/strong><br \/>\nConector combinado de entrada\/salida de micr\u00f3fono.<\/li>\n<li><strong>Esta computadora port\u00e1til no incluye una unidad de DVD\/CD incorporada.<\/strong><\/li>\n<\/ul>\n","protected":false},"excerpt":{"rendered":"<p>Corre en c\u00edrculos alrededor de tus oponentes con esta computadora port\u00e1til para juegos ASUS TUF Full HD de 17.3 pulgadas.\u00a0El SSD de 1 TB ofrece una carga r\u00e1pida de aplicaciones<\/p>\n","protected":false},"featured_media":90461,"comment_status":"open","ping_status":"closed","template":"","meta":{"_acf_changed":false,"_joinchat":[]},"product_brand":[],"product_cat":[1515,277,280,432],"product_tag":[],"class_list":{"0":"post-90460","1":"product","2":"type-product","3":"status-publish","4":"has-post-thumbnail","6":"product_cat-ofetas-zonagamer","7":"product_cat-zona-gamer","8":"product_cat-pc-gaming","9":"product_cat-laptops-gamer","11":"first","12":"instock","13":"sale","14":"shipping-taxable","15":"purchasable","16":"product-type-simple"},"acf":[],"_links":{"self":[{"href":"https:\/\/defabrica.com.mx\/defabrica\/wp-json\/wp\/v2\/product\/90460","targetHints":{"allow":["GET"]}}],"collection":[{"href":"https:\/\/defabrica.com.mx\/defabrica\/wp-json\/wp\/v2\/product"}],"about":[{"href":"https:\/\/defabrica.com.mx\/defabrica\/wp-json\/wp\/v2\/types\/product"}],"replies":[{"embeddable":true,"href":"https:\/\/defabrica.com.mx\/defabrica\/wp-json\/wp\/v2\/comments?post=90460"}],"wp:featuredmedia":[{"embeddable":true,"href":"https:\/\/defabrica.com.mx\/defabrica\/wp-json\/wp\/v2\/media\/90461"}],"wp:attachment":[{"href":"https:\/\/defabrica.com.mx\/defabrica\/wp-json\/wp\/v2\/media?parent=90460"}],"wp:term":[{"taxonomy":"product_brand","embeddable":true,"href":"https:\/\/defabrica.com.mx\/defabrica\/wp-json\/wp\/v2\/product_brand?post=90460"},{"taxonomy":"product_cat","embeddable":true,"href":"https:\/\/defabrica.com.mx\/defabrica\/wp-json\/wp\/v2\/product_cat?post=90460"},{"taxonomy":"product_tag","embeddable":true,"href":"https:\/\/defabrica.com.mx\/defabrica\/wp-json\/wp\/v2\/product_tag?post=90460"}],"curies":[{"name":"wp","href":"https:\/\/api.w.org\/{rel}","templated":true}]}}