{"id":90444,"date":"2022-07-16T16:27:43","date_gmt":"2022-07-16T21:27:43","guid":{"rendered":"https:\/\/defabrica.com.mx\/defabrica\/?post_type=product&#038;p=90444"},"modified":"2022-07-18T14:06:47","modified_gmt":"2022-07-18T19:06:47","slug":"asus-portatil-para-juegos-de-156-intel-core-i7-memoria-de-16-gb-nvidia-geforce-rtx-2070-unidad-de-estado-solido-de-512-gb-gunmetal","status":"publish","type":"product","link":"https:\/\/defabrica.com.mx\/defabrica\/producto\/asus-portatil-para-juegos-de-156-intel-core-i7-memoria-de-16-gb-nvidia-geforce-rtx-2070-unidad-de-estado-solido-de-512-gb-gunmetal\/","title":{"rendered":"ASUS &#8211; Port\u00e1til para juegos de 15,6&#8243; &#8211; Intel Core i7 &#8211; Memoria de 16 GB &#8211; NVIDIA GeForce RTX 2070 &#8211; Unidad de estado s\u00f3lido de 512 GB &#8211; Gunmetal"},"content":{"rendered":"<p>Ll\u00e9vate los juegos de viaje con este port\u00e1til ASUS de 15,6 pulgadas.\u00a0Capaz de ofrecer velocidades de reloj de hasta 4,1 GHz, el procesador Intel Core i7 proporciona un rendimiento r\u00e1pido y receptivo y es compatible con una variedad de aplicaciones.\u00a0Esta computadora port\u00e1til ASUS maneja sin problemas t\u00edtulos visualmente intensivos con su tarjeta gr\u00e1fica NVIDIA GeForce RTX 2070.<\/p>\n<h3><\/h3>\n<h3 class=\"heading-5 v-fw-regular feature-heading\"><strong>Caracter\u00edsticas<\/strong><\/h3>\n<ul>\n<li><strong>Panel de bisel estrecho Full HD de 15,6&#8243;<\/strong><br \/>\nLa frecuencia de actualizaci\u00f3n de 144 Hz con un tiempo de respuesta ultrarr\u00e1pido de 3 ms brinda una mayor fluidez visual y gr\u00e1ficos asombrosos sin importar qu\u00e9 tan r\u00e1pido se desarrolle la acci\u00f3n en el juego.<\/li>\n<li><strong>Procesador m\u00f3vil Intel\u00ae Core\u2122 i7-8750H de octava generaci\u00f3n<\/strong><br \/>\nPotente rendimiento de procesamiento de 6 n\u00facleos y doce v\u00edas. La tecnolog\u00eda Intel Turbo Boost brinda potencia adicional din\u00e1mica cuando la necesita, al tiempo que aumenta la eficiencia energ\u00e9tica cuando no la necesita.<\/li>\n<li><strong>Memoria del sistema de 16 GB para multitarea y juegos intensos<\/strong><br \/>\nMontones de RAM DDR4 de alto ancho de banda para ejecutar sin problemas sus juegos de PC con muchos gr\u00e1ficos y aplicaciones de edici\u00f3n de video, as\u00ed como numerosos programas y pesta\u00f1as del navegador, todo a la vez.<\/li>\n<li><strong>Unidad de estado s\u00f3lido de 512 GB (PCI-e) con velocidad de transferencia r\u00e1pida de 1500Mbps+<\/strong><br \/>\nGuarde archivos r\u00e1pidamente y almacene m\u00e1s datos. Con grandes cantidades de almacenamiento y poder de comunicaci\u00f3n avanzado, los SSD PCI-e son excelentes para las principales aplicaciones de juegos, m\u00faltiples servidores, copias de seguridad diarias y m\u00e1s.<\/li>\n<li><strong>Gr\u00e1ficos NVIDIA GeForce RTX 2070<\/strong><br \/>\nRespaldado por una memoria de video dedicada de 8 GB para una GPU ultrarr\u00e1pida y avanzada para alimentar sus juegos.<\/li>\n<li><strong>Pesa 5,29 libras. y mide 1&#8243; de espesor<\/strong><br \/>\nDise\u00f1o delgado y liviano con unidad de DVD\/CD omitida para mejorar la portabilidad. Bater\u00eda de iones de litio de 4 celdas.<\/li>\n<li><strong>La salida HDMI ampl\u00eda sus opciones de visualizaci\u00f3n<\/strong><br \/>\nCon\u00e9ctese a un HDTV o monitor de alta definici\u00f3n para configurar dos pantallas una al lado de la otra o simplemente ver m\u00e1s de la imagen general.<\/li>\n<li><strong>Lector de medios integrado para una transferencia de fotos sencilla<\/strong><br \/>\nSoporta formatos de tarjeta de memoria SD.<\/li>\n<li><strong>Conectividad inal\u00e1mbrica de pr\u00f3xima generaci\u00f3n<\/strong><br \/>\nSe conecta a su red o puntos de acceso en todos los est\u00e1ndares Wi-Fi actuales. Con\u00e9ctese a un enrutador Wireless-AC para una velocidad casi 3 veces m\u00e1s r\u00e1pida que Wireless-N.<\/li>\n<li><strong>C\u00e1mara web HD integrada con micr\u00f3fono<\/strong><br \/>\nFacilita el chat de video con familiares y amigos o la teleconferencia con colegas a trav\u00e9s de Skype u otras aplicaciones populares.<\/li>\n<li><strong>Teclado retroiluminado RGB de cuatro zonas<\/strong><br \/>\nLe permite disfrutar de una escritura c\u00f3moda y precisa, incluso con poca luz.<\/li>\n<li><strong>Puertos adicionales<\/strong><br \/>\nMini DisplayPort y conector combinado de auriculares\/micr\u00f3fono.<\/li>\n<\/ul>\n","protected":false},"excerpt":{"rendered":"<p>Ll\u00e9vate los juegos de viaje con este port\u00e1til ASUS de 15,6 pulgadas.\u00a0Capaz de ofrecer velocidades de reloj de hasta 4,1 GHz, el procesador Intel Core i7 proporciona un rendimiento r\u00e1pido<\/p>\n","protected":false},"featured_media":90446,"comment_status":"open","ping_status":"closed","template":"","meta":{"_acf_changed":false,"_joinchat":[]},"product_brand":[],"product_cat":[1515,277,280,432],"product_tag":[],"class_list":{"0":"post-90444","1":"product","2":"type-product","3":"status-publish","4":"has-post-thumbnail","6":"product_cat-ofetas-zonagamer","7":"product_cat-zona-gamer","8":"product_cat-pc-gaming","9":"product_cat-laptops-gamer","11":"first","12":"instock","13":"sale","14":"shipping-taxable","15":"purchasable","16":"product-type-simple"},"acf":[],"_links":{"self":[{"href":"https:\/\/defabrica.com.mx\/defabrica\/wp-json\/wp\/v2\/product\/90444","targetHints":{"allow":["GET"]}}],"collection":[{"href":"https:\/\/defabrica.com.mx\/defabrica\/wp-json\/wp\/v2\/product"}],"about":[{"href":"https:\/\/defabrica.com.mx\/defabrica\/wp-json\/wp\/v2\/types\/product"}],"replies":[{"embeddable":true,"href":"https:\/\/defabrica.com.mx\/defabrica\/wp-json\/wp\/v2\/comments?post=90444"}],"wp:featuredmedia":[{"embeddable":true,"href":"https:\/\/defabrica.com.mx\/defabrica\/wp-json\/wp\/v2\/media\/90446"}],"wp:attachment":[{"href":"https:\/\/defabrica.com.mx\/defabrica\/wp-json\/wp\/v2\/media?parent=90444"}],"wp:term":[{"taxonomy":"product_brand","embeddable":true,"href":"https:\/\/defabrica.com.mx\/defabrica\/wp-json\/wp\/v2\/product_brand?post=90444"},{"taxonomy":"product_cat","embeddable":true,"href":"https:\/\/defabrica.com.mx\/defabrica\/wp-json\/wp\/v2\/product_cat?post=90444"},{"taxonomy":"product_tag","embeddable":true,"href":"https:\/\/defabrica.com.mx\/defabrica\/wp-json\/wp\/v2\/product_tag?post=90444"}],"curies":[{"name":"wp","href":"https:\/\/api.w.org\/{rel}","templated":true}]}}