{"id":90413,"date":"2022-07-16T16:12:04","date_gmt":"2022-07-16T21:12:04","guid":{"rendered":"https:\/\/defabrica.com.mx\/defabrica\/?post_type=product&#038;p=90413"},"modified":"2023-01-18T16:16:10","modified_gmt":"2023-01-18T22:16:10","slug":"asus-rog-zephyrus-15-6-wqhd-165hz-gaming-laptop-amd-ryzen-9-16gb-ddr5-memoria-nvidia-geforce-rtx-3060-512gb-pcie-4-0-ssd-gris-eclipse","status":"publish","type":"product","link":"https:\/\/defabrica.com.mx\/defabrica\/producto\/asus-rog-zephyrus-15-6-wqhd-165hz-gaming-laptop-amd-ryzen-9-16gb-ddr5-memoria-nvidia-geforce-rtx-3060-512gb-pcie-4-0-ssd-gris-eclipse\/","title":{"rendered":"ASUS &#8211; ROG Zephyrus 15.6&#8243; WQHD 165Hz Gaming Laptop-AMD Ryzen 9-16GB DDR5 Memoria-NVIDIA GeForce RTX 3060-512GB PCIe 4.0 SSD &#8211; gris eclipse"},"content":{"rendered":"<div class=\"embedded-component-container lv product-description\">\n<div>\n<div id=\"shop-product-description-44449563\" class=\"_none\" data-version=\"1.3.46\">\n<div class=\"shop-product-description\">\n<section class=\"align-heading-left\" data-reactroot=\"\">\n<div class=\"long-description-container body-copy \">\n<div class=\"html-fragment\">Sum\u00e9rjase de lleno en una gran experiencia de computadora port\u00e1til para juegos en Windows 11. El ROG Zephyrus G15 incluye una CPU AMD Ryzen 9 6900HS de 8 n\u00facleos y una GPU NVIDIA GeForce RTX 3060 en una computadora port\u00e1til para juegos s\u00faper delgada.\u00a0Disfrute de una frecuencia de actualizaci\u00f3n r\u00e1pida de 165 Hz, 16 GB de RAM DDR5 y 512 GB de almacenamiento SSD PCIe 4.0, todo en un chasis liviano de 4.19 lbs.\u00a0El futuro es delgado y ligero.<\/div>\n<\/div>\n<\/section>\n<\/div>\n<\/div>\n<\/div>\n<\/div>\n<div class=\"embedded-component-container lv product-features\">\n<h3><\/h3>\n<h3 class=\"heading-5 v-fw-regular feature-heading\"><strong>Caracter\u00edsticas<\/strong><\/h3>\n<ul>\n<li><strong>Sistema operativo Windows 11<\/strong><br \/>\nFamilia, amigos, pasiones, m\u00fasica, creaciones, juegos: Windows 11 es el \u00fanico lugar para todo. Con una nueva sensaci\u00f3n y herramientas que hacen que sea m\u00e1s f\u00e1cil ser eficiente, tiene lo que necesita para lo que viene.<\/li>\n<li><strong>AMD Ryzen 9 6900HS<\/strong><br \/>\nPotencie sus juegos con la \u00faltima CPU AMD Ryzen 9 6900HS. 8 n\u00facleos y 16 subprocesos est\u00e1n listos para manejar los \u00faltimos juegos AAA.<\/li>\n<li><strong>Gr\u00e1ficos NVIDIA GeForce RTX 3060 8GB GDDR6<\/strong><br \/>\nNVIDIA GeForce RTX 3060 8 GB GDDR6 con ROG Boost a 100 W (120 W con Dynamic Boost 2.0) para una GPU ultrarr\u00e1pida para alimentar tus juegos.<\/li>\n<li><strong>Pantalla WQHD de 15,6&#8243; con frecuencia de actualizaci\u00f3n de 165 Hz<\/strong><br \/>\nLa pantalla de 165 Hz presenta una resoluci\u00f3n de 2560&#215;1440 que le brinda m\u00e1s espacio para barras de herramientas y pesta\u00f1as. No se preocupe por las im\u00e1genes fantasma con el tiempo de respuesta de 3 ms. La pantalla 100% DCI-P3 validada por PANTONE cuenta con una claridad y una precisi\u00f3n de color incre\u00edbles.<\/li>\n<li><strong>16 GB de memoria del sistema DDR5 de 4800 MHz de pr\u00f3xima generaci\u00f3n y dos canales<\/strong><br \/>\n16 GB (8 GB + 8 GB) de memoria de doble canal aumentan significativamente el rendimiento, en comparaci\u00f3n con un solo canal, y el est\u00e1ndar de memoria de pr\u00f3xima generaci\u00f3n DDR5 de 4800 MHz ultrarr\u00e1pido permite que el Zephyrus M16 realice m\u00faltiples tareas con facilidad.<\/li>\n<li><strong>Unidad de estado s\u00f3lido de 1 TB (PCIe Gen4)<\/strong><br \/>\nGuarde archivos r\u00e1pidamente y almacene m\u00e1s datos y juegos. Con grandes cantidades de almacenamiento y poder de comunicaci\u00f3n avanzado, los SSD PCIe son excelentes para las principales aplicaciones de juegos, m\u00faltiples servidores, copias de seguridad diarias y m\u00e1s.<\/li>\n<li><strong>Su elecci\u00f3n de Nvidia Optimus o conmutador MUX para el modo GPU directo<\/strong><br \/>\nLa tecnolog\u00eda NVIDIA Optimus optimiza de manera inteligente su computadora port\u00e1til, al mismo tiempo que extiende la duraci\u00f3n de la bater\u00eda para disfrutar m\u00e1s tiempo.<\/li>\n<li><strong>Pesa 4.19 libras y mide 0.78&#8243; de espesor<\/strong><br \/>\nEl G15 es un verdadero peso pluma para su clase, con un peso de solo 4,19 libras y un grosor de solo 0,78&#8243;. Este chasis extremadamente liviano significa que el G15 es excepcionalmente port\u00e1til, cabe incluso en bolsas peque\u00f1as y maletines de transporte.<\/li>\n<li><strong>Conectividad robusta<\/strong><br \/>\nROG Zephyrus G15 est\u00e1 lleno de conectividad. Con dos puertos USB 3.2 Gen 2 Tipo-C, dos puertos USB 3.2 Gen 2 Tipo-A y un puerto LAN RJ45, la m\u00e1quina tiene excelentes opciones incluso para dispositivos externos de alta velocidad.<\/li>\n<li><strong>Conectividad inal\u00e1mbrica\/por cable (WiFi 6E)<\/strong><br \/>\nEl \u00faltimo est\u00e1ndar WiFi 6E garantiza una latencia m\u00e1s baja y mejores conexiones de red, incluso en redes WiFi saturadas.<\/li>\n<li><strong>Refrigeraci\u00f3n inteligente ROG<\/strong><br \/>\nDisfruta de modos de refrigeraci\u00f3n inteligentes y din\u00e1micos con ROG Intelligent Cooling. Deje que el sistema elija autom\u00e1ticamente entre diferentes modos de enfriamiento, seg\u00fan lo exigentes que sean sus tareas.<\/li>\n<li><strong>Audio cristalino<\/strong><br \/>\nLos altavoces y subwoofers Dual Smart Amp compatibles con Dolby Atmos brindan un excelente sonido est\u00e9reo para su contenido favorito. Para las comunicaciones de voz, una matriz de 3 micr\u00f3fonos High SNR y AI Noise Cancelling mantienen las comunicaciones claras tanto para usted como para sus compa\u00f1eros de equipo, incluso en entornos ruidosos.<\/li>\n<li><strong>C\u00e1mara de infrarrojos de 720p<\/strong><br \/>\nChatea por video con amigos y familiares usando la c\u00e1mara HD frontal. Iniciar sesi\u00f3n es muy sencillo con Windows Hello<\/li>\n<li><strong>Retroiluminaci\u00f3n de teclado RGB de zona \u00fanica<\/strong><br \/>\nTrabaje o juegue en ambientes con poca luz con facilidad y elija cualquier color que se adapte a su estilo.<\/li>\n<li><strong>Paquete de software b\u00e1sico incluido<\/strong><br \/>\nPrueba de 30 d\u00edas de Microsoft Office 365.<\/li>\n<li><strong>Puertos adicionales<\/strong><br \/>\nConector combinado de auriculares\/micr\u00f3fono. Nota: esta computadora port\u00e1til no incluye una unidad de DVD\/CD incorporada.<\/li>\n<\/ul>\n<\/div>\n","protected":false},"excerpt":{"rendered":"<p>Sum\u00e9rjase de lleno en una gran experiencia de computadora port\u00e1til para juegos en Windows 11. El ROG Zephyrus G15 incluye una CPU AMD Ryzen 9 6900HS de 8 n\u00facleos y<\/p>\n","protected":false},"featured_media":90414,"comment_status":"open","ping_status":"closed","template":"","meta":{"_acf_changed":false,"_joinchat":[]},"product_brand":[],"product_cat":[277,280,432],"product_tag":[],"class_list":{"0":"post-90413","1":"product","2":"type-product","3":"status-publish","4":"has-post-thumbnail","6":"product_cat-zona-gamer","7":"product_cat-pc-gaming","8":"product_cat-laptops-gamer","10":"first","11":"instock","12":"sale","13":"shipping-taxable","14":"purchasable","15":"product-type-simple"},"acf":[],"_links":{"self":[{"href":"https:\/\/defabrica.com.mx\/defabrica\/wp-json\/wp\/v2\/product\/90413","targetHints":{"allow":["GET"]}}],"collection":[{"href":"https:\/\/defabrica.com.mx\/defabrica\/wp-json\/wp\/v2\/product"}],"about":[{"href":"https:\/\/defabrica.com.mx\/defabrica\/wp-json\/wp\/v2\/types\/product"}],"replies":[{"embeddable":true,"href":"https:\/\/defabrica.com.mx\/defabrica\/wp-json\/wp\/v2\/comments?post=90413"}],"wp:featuredmedia":[{"embeddable":true,"href":"https:\/\/defabrica.com.mx\/defabrica\/wp-json\/wp\/v2\/media\/90414"}],"wp:attachment":[{"href":"https:\/\/defabrica.com.mx\/defabrica\/wp-json\/wp\/v2\/media?parent=90413"}],"wp:term":[{"taxonomy":"product_brand","embeddable":true,"href":"https:\/\/defabrica.com.mx\/defabrica\/wp-json\/wp\/v2\/product_brand?post=90413"},{"taxonomy":"product_cat","embeddable":true,"href":"https:\/\/defabrica.com.mx\/defabrica\/wp-json\/wp\/v2\/product_cat?post=90413"},{"taxonomy":"product_tag","embeddable":true,"href":"https:\/\/defabrica.com.mx\/defabrica\/wp-json\/wp\/v2\/product_tag?post=90413"}],"curies":[{"name":"wp","href":"https:\/\/api.w.org\/{rel}","templated":true}]}}