{"id":90380,"date":"2022-07-16T15:53:45","date_gmt":"2022-07-16T20:53:45","guid":{"rendered":"https:\/\/defabrica.com.mx\/defabrica\/?post_type=product&#038;p=90380"},"modified":"2022-07-18T14:06:51","modified_gmt":"2022-07-18T19:06:51","slug":"asus-portatil-tuf-gaming-de-173-intel-core-i5-memoria-ddr4-de-8-gb-nvidia-geforce-rtx-3050-ti-ssd-de-512-gb-gris-eclipse","status":"publish","type":"product","link":"https:\/\/defabrica.com.mx\/defabrica\/producto\/asus-portatil-tuf-gaming-de-173-intel-core-i5-memoria-ddr4-de-8-gb-nvidia-geforce-rtx-3050-ti-ssd-de-512-gb-gris-eclipse\/","title":{"rendered":"ASUS &#8211; Port\u00e1til TUF Gaming de 17,3&#8243; &#8211; Intel Core i5 &#8211; Memoria DDR4 de 8 GB &#8211; NVIDIA GeForce RTX 3050 Ti &#8211; SSD de 512 GB &#8211; Gris Eclipse"},"content":{"rendered":"<div class=\"embedded-component-container lv product-description\">\n<div>\n<div id=\"shop-product-description-19766990\" class=\"_none\" data-version=\"1.3.46\">\n<div class=\"shop-product-description\">\n<section class=\"align-heading-left\" data-reactroot=\"\">\n<div class=\"long-description-container body-copy \">\n<div class=\"html-fragment\"><span>Disfrute de una gran experiencia de juego en pantalla con el Asus TUF Gaming F17 en Windows 11. El F17 incluye una CPU Intel\u00ae Core\u2122 i5-11400H de 6 n\u00facleos y una GPU NVIDIA\u00ae GeForce RTX\u2122 3050 Ti en una delgada computadora port\u00e1til para juegos.\u00a0Disfrute de una frecuencia de actualizaci\u00f3n r\u00e1pida de 144 Hz, 8 GB de RAM y 512 GB de almacenamiento SSD PCIe.\u00a0Personaliza tu port\u00e1til con el teclado RGB.<\/span><\/div>\n<\/div>\n<\/section>\n<\/div>\n<\/div>\n<\/div>\n<\/div>\n<div class=\"embedded-component-container lv product-features\">\n<h3><\/h3>\n<h3 class=\"heading-5 v-fw-regular feature-heading\"><strong>Caracter\u00edsticas<\/strong><\/h3>\n<ul>\n<li><strong>Sistema operativo Windows 11<\/strong><br \/>\nFamilia, amigos, pasiones, m\u00fasica, creaciones, juegos: Windows 11 es el \u00fanico lugar para todo. Con una nueva sensaci\u00f3n y herramientas que hacen que sea m\u00e1s f\u00e1cil ser eficiente, tiene lo que necesita para lo que viene.<\/li>\n<li><strong>Intel\u00ae Core\u2122 i5-11400H de 11.\u00aa generaci\u00f3n<\/strong><br \/>\nPotencie sus juegos con la CPU Intel\u00ae Core\u2122 i5-11400H de 11.\u00aa generaci\u00f3n. 6 n\u00facleos y 12 subprocesos est\u00e1n listos para manejar los \u00faltimos juegos AAA.<\/li>\n<li><strong>Gr\u00e1ficos NVIDIA RTX 3050 Ti 4GB GDDR6<\/strong><br \/>\nNVIDIA GeForce RTX 3050 Ti 4GB GDDR6 hasta 1585MHz a 60W (75W con Dynamic Boost 2.0) para una GPU ultrarr\u00e1pida para impulsar tus juegos.<\/li>\n<li><strong>Pantalla de 17,3&#8243; y 144 Hz<\/strong><br \/>\nLa pantalla Full HD de 144 Hz (1920 x 1080) cuenta con una frecuencia de actualizaci\u00f3n y una claridad impresionantes. Alimentado por una luz de fondo LED de bajo consumo.<\/li>\n<li><strong>Memoria DDR4 de 8GB<\/strong><br \/>\nGran cantidad de RAM de 3200 MHz de gran ancho de banda para ejecutar sin problemas sus juegos y aplicaciones de edici\u00f3n de fotos y videos, as\u00ed como m\u00faltiples programas y pesta\u00f1as del navegador, todo a la vez.<\/li>\n<li><strong>Unidad de estado s\u00f3lido PCIe de 512 GB<\/strong><br \/>\nGuarde archivos r\u00e1pidamente y almacene m\u00e1s datos y juegos. Con grandes cantidades de almacenamiento y poder de comunicaci\u00f3n avanzado, los SSD PCIe son excelentes para las principales aplicaciones de juegos, m\u00faltiples servidores, copias de seguridad diarias y m\u00e1s.<\/li>\n<li><strong>Conectividad Integral<\/strong><br \/>\nTUF Gaming F17 tiene muchas formas de conectarse a todos sus dispositivos. Puede elegir entre un puerto USB 3.2 Gen 1 Type-C, tres puertos USB 3.2 Gen 2 Type-A, HDMI 2.0b y un puerto LAN RJ45.<\/li>\n<li><strong>Conectividad inal\u00e1mbrica\/al\u00e1mbrica (WiFi 6 &#8211; 802.11ax)<\/strong><br \/>\nConectividad flexible con mayor confiabilidad gracias a Wi-Fi 6. Con\u00e9ctese a un enrutador Wi-Fi para experimentar velocidades Gigabit+ Wi-Fi casi 3 veces m\u00e1s r\u00e1pidas que Wi-Fi 5 est\u00e1ndar con capacidad de respuesta mejorada para a\u00fan m\u00e1s dispositivos.<\/li>\n<li><strong>Audio cristalino<\/strong><br \/>\nLos parlantes duales con soporte DTS brindan un excelente sonido est\u00e9reo para su contenido favorito. Para las comunicaciones de voz, AI Noise Cancelling mantiene las comunicaciones claras tanto para usted como para sus compa\u00f1eros de equipo, incluso en entornos ruidosos.<\/li>\n<li><strong>C\u00e1mara de 720p<\/strong><br \/>\nChatea por video con amigos y familiares usando la c\u00e1mara HD frontal.<\/li>\n<li><strong>Retroiluminaci\u00f3n de teclado RGB de zona \u00fanica<\/strong><br \/>\nTrabaje o juegue en ambientes con poca luz con facilidad y elija cualquier color que se adapte a su estilo.<\/li>\n<li><strong>Paquete de software b\u00e1sico incluido<\/strong><br \/>\nPrueba de 30 d\u00edas de Microsoft Office 365.<\/li>\n<li><strong>Puertos adicionales<\/strong><br \/>\nConector combinado de auriculares\/micr\u00f3fono. Nota: esta computadora port\u00e1til no incluye una unidad de DVD\/CD incorporada.<\/li>\n<\/ul>\n<\/div>\n","protected":false},"excerpt":{"rendered":"<p>Disfrute de una gran experiencia de juego en pantalla con el Asus TUF Gaming F17 en Windows 11. El F17 incluye una CPU Intel\u00ae Core\u2122 i5-11400H de 6 n\u00facleos y<\/p>\n","protected":false},"featured_media":90382,"comment_status":"open","ping_status":"closed","template":"","meta":{"_acf_changed":false,"_joinchat":[]},"product_brand":[],"product_cat":[1515,277,280,432],"product_tag":[],"class_list":{"0":"post-90380","1":"product","2":"type-product","3":"status-publish","4":"has-post-thumbnail","6":"product_cat-ofetas-zonagamer","7":"product_cat-zona-gamer","8":"product_cat-pc-gaming","9":"product_cat-laptops-gamer","11":"first","12":"instock","13":"sale","14":"shipping-taxable","15":"purchasable","16":"product-type-simple"},"acf":[],"_links":{"self":[{"href":"https:\/\/defabrica.com.mx\/defabrica\/wp-json\/wp\/v2\/product\/90380","targetHints":{"allow":["GET"]}}],"collection":[{"href":"https:\/\/defabrica.com.mx\/defabrica\/wp-json\/wp\/v2\/product"}],"about":[{"href":"https:\/\/defabrica.com.mx\/defabrica\/wp-json\/wp\/v2\/types\/product"}],"replies":[{"embeddable":true,"href":"https:\/\/defabrica.com.mx\/defabrica\/wp-json\/wp\/v2\/comments?post=90380"}],"wp:featuredmedia":[{"embeddable":true,"href":"https:\/\/defabrica.com.mx\/defabrica\/wp-json\/wp\/v2\/media\/90382"}],"wp:attachment":[{"href":"https:\/\/defabrica.com.mx\/defabrica\/wp-json\/wp\/v2\/media?parent=90380"}],"wp:term":[{"taxonomy":"product_brand","embeddable":true,"href":"https:\/\/defabrica.com.mx\/defabrica\/wp-json\/wp\/v2\/product_brand?post=90380"},{"taxonomy":"product_cat","embeddable":true,"href":"https:\/\/defabrica.com.mx\/defabrica\/wp-json\/wp\/v2\/product_cat?post=90380"},{"taxonomy":"product_tag","embeddable":true,"href":"https:\/\/defabrica.com.mx\/defabrica\/wp-json\/wp\/v2\/product_tag?post=90380"}],"curies":[{"name":"wp","href":"https:\/\/api.w.org\/{rel}","templated":true}]}}