{"id":90372,"date":"2022-07-16T15:50:18","date_gmt":"2022-07-16T20:50:18","guid":{"rendered":"https:\/\/defabrica.com.mx\/defabrica\/?post_type=product&#038;p=90372"},"modified":"2022-07-18T14:06:51","modified_gmt":"2022-07-18T19:06:51","slug":"asus-laptop-para-juegos-rog-zephyrus-de-14-amd-ryzen-9-memoria-de-16-gb-nvidia-geforce-rtx-3060-ssd-de-1-tb","status":"publish","type":"product","link":"https:\/\/defabrica.com.mx\/defabrica\/producto\/asus-laptop-para-juegos-rog-zephyrus-de-14-amd-ryzen-9-memoria-de-16-gb-nvidia-geforce-rtx-3060-ssd-de-1-tb\/","title":{"rendered":"ASUS &#8211; Laptop para juegos ROG Zephyrus de 14&#8243; &#8211; AMD Ryzen 9 &#8211; Memoria de 16 GB &#8211; NVIDIA GeForce RTX 3060 &#8211; SSD de 1 TB"},"content":{"rendered":"<div class=\"embedded-component-container lv product-description\">\n<div>\n<div id=\"shop-product-description-131976\" class=\"_none\" data-version=\"1.3.46\">\n<div class=\"shop-product-description\">\n<section class=\"align-heading-left\" data-reactroot=\"\">\n<div class=\"long-description-container body-copy \">\n<div class=\"html-fragment\"><span>Laptop ultraport\u00e1til para juegos ASUS ROG Zephyrus.\u00a0Disfruta de los juegos diarios con esta PC port\u00e1til ROG.\u00a0El procesador AMD Ryzen 9 y 16 GB de RAM le permiten ejecutar juegos con gran cantidad de gr\u00e1ficos sin problemas, mientras que los potentes gr\u00e1ficos NVIDIA GeForce RTX 3060 producen im\u00e1genes de alta calidad en la r\u00e1pida pantalla QHD de 120 Hz y 14 pulgadas.\u00a0Esta computadora port\u00e1til ASUS tiene SSD 1TD que acorta los tiempos de carga y ofrece un amplio almacenamiento.<\/span><\/div>\n<\/div>\n<\/section>\n<\/div>\n<\/div>\n<\/div>\n<\/div>\n<div class=\"embedded-component-container lv product-features\">\n<h3><\/h3>\n<h3 class=\"heading-5 v-fw-regular feature-heading\"><strong>Caracter\u00edsticas<\/strong><\/h3>\n<ul>\n<li><strong>sistema operativo Windows 10<\/strong><br \/>\nWindows 10 recupera el men\u00fa Inicio de Windows 7 e introduce nuevas caracter\u00edsticas, como el navegador web Edge que le permite marcar p\u00e1ginas web en su pantalla.<\/li>\n<li><strong>Pantalla QHD de 14&#8243; con frecuencia de actualizaci\u00f3n de 120 Hz<\/strong><br \/>\nLa resoluci\u00f3n de 2560 x 1440 con sRGB al 100 % ofrece un color y una claridad impresionantes. Retroiluminaci\u00f3n LED de bajo consumo.<\/li>\n<li><strong>Memoria del sistema de 16 GB para multitarea y juegos intensos<\/strong><br \/>\nMontones de RAM DDR4 de alto ancho de banda para ejecutar sin problemas sus juegos de PC con muchos gr\u00e1ficos y aplicaciones de edici\u00f3n de video, as\u00ed como numerosos programas y pesta\u00f1as del navegador, todo a la vez.<\/li>\n<li><strong>Unidad de estado s\u00f3lido de 1 TB (PCI-e)<\/strong><br \/>\nGuarde archivos r\u00e1pidamente y almacene m\u00e1s datos. Con grandes cantidades de almacenamiento y poder de comunicaci\u00f3n avanzado, los SSD PCI-e son excelentes para las principales aplicaciones de juegos, m\u00faltiples servidores, copias de seguridad diarias y m\u00e1s.<\/li>\n<li><strong>Gr\u00e1ficos NVIDIA GeForce RTX 3060<\/strong><br \/>\nRespaldado por una memoria de video dedicada GDDR6 de 6GB para una GPU ultrarr\u00e1pida y avanzada para alimentar sus juegos.<\/li>\n<li><strong>Listo para la realidad virtual<\/strong><br \/>\nEsta computadora tiene las especificaciones necesarias para ejecutar hardware y software de realidad virtual y es compatible con Oculus Rift, HTC Vive y Windows Mixed Reality Ultra.<\/li>\n<li><strong>Cuatro altavoces con tecnolog\u00eda Dolby Atmos<\/strong><br \/>\nEl exuberante audio Dolby Atmos de seis altavoces con woofers de cancelaci\u00f3n forzada lo colocan en el centro de la acci\u00f3n.<\/li>\n<li><strong>Pesa 3,64 libras. y mide 0.70&#8243; de espesor<\/strong><br \/>\nDelgada y liviana para m\u00e1xima portabilidad, con un tama\u00f1o de pantalla de 14&#8243; y omitiendo la unidad de DVD\/CD para lograr el factor de forma compacto. Bater\u00eda de iones de litio de 4 celdas.<\/li>\n<li><strong>La salida HDMI ampl\u00eda sus opciones de visualizaci\u00f3n<\/strong><br \/>\nCon\u00e9ctese a un HDTV o monitor de alta definici\u00f3n para configurar dos pantallas una al lado de la otra o simplemente ver m\u00e1s de la imagen general.<\/li>\n<li><strong>Conectividad inal\u00e1mbrica\/al\u00e1mbrica (WiFi 6 &#8211; 802.11ax)<\/strong><br \/>\nConectividad flexible de doble banda con mayor confiabilidad gracias a dos flujos de datos y antenas. Con\u00e9ctese a un enrutador Wi-Fi para experimentar velocidades Wi-Fi GB casi 3 veces m\u00e1s r\u00e1pidas que Wi-Fi 5 est\u00e1ndar con capacidad de respuesta mejorada para a\u00fan m\u00e1s dispositivos.<\/li>\n<li><strong>Retroiluminaci\u00f3n de teclado de luz blanca Chiclet<\/strong><br \/>\nLe permite disfrutar de una escritura c\u00f3moda y precisa, incluso con poca luz.<\/li>\n<li><strong>Paquete de software b\u00e1sico incluido<\/strong><br \/>\nPrueba de 30 d\u00edas de Microsoft Office 365.<\/li>\n<li><strong>puerto adicional<\/strong><br \/>\nConector combinado de auriculares\/micr\u00f3fono. Nota: esta computadora port\u00e1til no incluye una unidad de DVD\/CD incorporada.<\/li>\n<li><strong>Cancelaci\u00f3n de ruido AI bidireccional con micr\u00f3fono 3D. Formaci\u00f3n<\/strong><br \/>\nLa cancelaci\u00f3n de ruido AI bidireccional aclara el audio ascendente y descendente, filtrando el ruido no deseado para que la comunicaci\u00f3n de voz sea m\u00e1s clara.<\/li>\n<li><strong>Lector de huellas incorporado<\/strong><br \/>\nOptimiza la configuraci\u00f3n de seguridad para un acceso r\u00e1pido y sin errores tipogr\u00e1ficos.<\/li>\n<\/ul>\n<\/div>\n","protected":false},"excerpt":{"rendered":"<p>Laptop ultraport\u00e1til para juegos ASUS ROG Zephyrus.\u00a0Disfruta de los juegos diarios con esta PC port\u00e1til ROG.\u00a0El procesador AMD Ryzen 9 y 16 GB de RAM le permiten ejecutar juegos con<\/p>\n","protected":false},"featured_media":90374,"comment_status":"open","ping_status":"closed","template":"","meta":{"_acf_changed":false,"_joinchat":[]},"product_brand":[],"product_cat":[1515,277,280,432],"product_tag":[],"class_list":{"0":"post-90372","1":"product","2":"type-product","3":"status-publish","4":"has-post-thumbnail","6":"product_cat-ofetas-zonagamer","7":"product_cat-zona-gamer","8":"product_cat-pc-gaming","9":"product_cat-laptops-gamer","11":"first","12":"instock","13":"sale","14":"shipping-taxable","15":"purchasable","16":"product-type-simple"},"acf":[],"_links":{"self":[{"href":"https:\/\/defabrica.com.mx\/defabrica\/wp-json\/wp\/v2\/product\/90372","targetHints":{"allow":["GET"]}}],"collection":[{"href":"https:\/\/defabrica.com.mx\/defabrica\/wp-json\/wp\/v2\/product"}],"about":[{"href":"https:\/\/defabrica.com.mx\/defabrica\/wp-json\/wp\/v2\/types\/product"}],"replies":[{"embeddable":true,"href":"https:\/\/defabrica.com.mx\/defabrica\/wp-json\/wp\/v2\/comments?post=90372"}],"wp:featuredmedia":[{"embeddable":true,"href":"https:\/\/defabrica.com.mx\/defabrica\/wp-json\/wp\/v2\/media\/90374"}],"wp:attachment":[{"href":"https:\/\/defabrica.com.mx\/defabrica\/wp-json\/wp\/v2\/media?parent=90372"}],"wp:term":[{"taxonomy":"product_brand","embeddable":true,"href":"https:\/\/defabrica.com.mx\/defabrica\/wp-json\/wp\/v2\/product_brand?post=90372"},{"taxonomy":"product_cat","embeddable":true,"href":"https:\/\/defabrica.com.mx\/defabrica\/wp-json\/wp\/v2\/product_cat?post=90372"},{"taxonomy":"product_tag","embeddable":true,"href":"https:\/\/defabrica.com.mx\/defabrica\/wp-json\/wp\/v2\/product_tag?post=90372"}],"curies":[{"name":"wp","href":"https:\/\/api.w.org\/{rel}","templated":true}]}}