{"id":90366,"date":"2022-07-16T15:46:14","date_gmt":"2022-07-16T20:46:14","guid":{"rendered":"https:\/\/defabrica.com.mx\/defabrica\/?post_type=product&#038;p=90366"},"modified":"2023-01-18T16:12:16","modified_gmt":"2023-01-18T22:12:16","slug":"asus-tuf-gaming-a15-15-6-fhd-144hz-gaming-laptop-amd-ryzen-7-8gb-ddr5-memoria-nvidia-geforce-rtx-3050-ti-512gb-pcie-ssd","status":"publish","type":"product","link":"https:\/\/defabrica.com.mx\/defabrica\/producto\/asus-tuf-gaming-a15-15-6-fhd-144hz-gaming-laptop-amd-ryzen-7-8gb-ddr5-memoria-nvidia-geforce-rtx-3050-ti-512gb-pcie-ssd\/","title":{"rendered":"ASUS &#8211; TUF Gaming A15 15.6&#8243; FHD 144Hz Gaming Laptop-AMD Ryzen 7-8GB DDR5 Memoria-NVIDIA GeForce RTX 3050 Ti-512GB PCIe SSD"},"content":{"rendered":"<div class=\"embedded-component-container lv product-description\">\n<div>\n<div id=\"shop-product-description-31362910\" class=\"_none\" data-version=\"1.3.46\">\n<div class=\"shop-product-description\">\n<section class=\"align-heading-left\" data-reactroot=\"\">\n<div class=\"long-description-container body-copy \">\n<div class=\"html-fragment\">La computadora port\u00e1til para juegos ASUS TUF Gaming A15 le brinda una experiencia de juego duradera y potente, pero econ\u00f3mica en Windows 11. La TUF Gaming A15 incluye una CPU AMD Ryzen 7 6800H de 8 n\u00facleos y una GPU NVIDIA GeForce RTX 3050 Ti en una computadora port\u00e1til para juegos delgada.\u00a0Disfrute de una frecuencia de actualizaci\u00f3n r\u00e1pida de 144 Hz, 8 GB de RAM DDR5 y 512 GB de almacenamiento SSD, todo en un chasis liviano de 4.85 lbs.\u00a0El futuro es poderoso y duradero.<\/div>\n<\/div>\n<\/section>\n<\/div>\n<\/div>\n<\/div>\n<\/div>\n<div class=\"embedded-component-container lv product-features\">\n<h3><\/h3>\n<h3 class=\"heading-5 v-fw-regular feature-heading\"><strong>Caracter\u00edsticas<\/strong><\/h3>\n<div class=\"feature-body-container\">\n<div class=\"icons-container\">\n<div class=\"specificationIcons\">\n<ul>\n<li><strong>Sistema operativo Windows 11<\/strong><br \/>\nFamilia, amigos, pasiones, m\u00fasica, creaciones, juegos: Windows 11 es el \u00fanico lugar para todo. Con una nueva sensaci\u00f3n y herramientas que hacen que sea m\u00e1s f\u00e1cil ser eficiente, tiene lo que necesita para lo que viene.<\/li>\n<li><strong>AMD Ryzen 7 6800H<\/strong><br \/>\nPotencie sus juegos con la \u00faltima CPU AMD Ryzen 7 6800H. 8 n\u00facleos y 16 subprocesos est\u00e1n listos para manejar los \u00faltimos juegos AAA.<\/li>\n<li><strong>Gr\u00e1ficos NVIDIA GeForce RTX 3050 Ti 4GB GDDR6<\/strong><br \/>\nNVIDIA GeForce RTX 3050 Ti 4GB GDDR6 hasta 1745MHz a 95W (80W + 15W con Dynamic Boost) para una GPU ultrarr\u00e1pida para alimentar tus juegos.<\/li>\n<li><strong>Pantalla FHD de 144 Hz de 15,6&#8243;<\/strong><br \/>\nLa pantalla de 144 Hz Full HD 1920&#215;1080 cuenta con sincronizaci\u00f3n adaptativa para minimizar el desgarro de la pantalla mientras juegas a tus juegos favoritos.<\/li>\n<li><strong>8 GB de memoria del sistema DDR5 de 4800 MHz de pr\u00f3xima generaci\u00f3n<\/strong><br \/>\nCon una capacidad de 8 GB normalmente reservada para estaciones de trabajo de gama alta, una memoria DDR5 de 4800 MHz ultrarr\u00e1pida.<\/li>\n<li><strong>Unidad de estado s\u00f3lido de 512 GB (PCI-e)<\/strong><br \/>\nGuarde archivos r\u00e1pidamente y almacene m\u00e1s datos y juegos. Con grandes cantidades de almacenamiento y poder de comunicaci\u00f3n avanzado, los SSD PCIe son excelentes para las principales aplicaciones de juegos, m\u00faltiples servidores, copias de seguridad diarias y m\u00e1s.<\/li>\n<li><strong>Pesa 4,85 libras y mide 0,88&#8243; de grosor.<\/strong><br \/>\nTUF Gaming A15 es un verdadero peso ligero, con un peso de solo 4.85 libras y solo 0.88 \u00abde grosor.<\/li>\n<li><strong>Conectividad robusta<\/strong><br \/>\nTUF Gaming A15 est\u00e1 lleno de conectividad. Con puertos USB 3.2 Gen 2 Tipo-C, dos puertos USB 3.2 Gen 1 Tipo-A, un puerto HDMI 2.0b y un puerto LAN RJ45, la m\u00e1quina tiene excelentes opciones para jugar, crear y m\u00e1s.<\/li>\n<li><strong>Conectividad inal\u00e1mbrica\/al\u00e1mbrica (Wi-Fi 6)<\/strong><br \/>\nWi-Fi 6 (802.11ax) garantiza una latencia m\u00e1s baja y mejores conexiones de red, incluso en redes Wi-Fi saturadas.<\/li>\n<li><strong>Audio cristalino<\/strong><br \/>\nLos parlantes duales compatibles con Dolby Atmos brindan un excelente sonido est\u00e9reo para su contenido favorito. Para las comunicaciones de voz, AI Noise Cancelling mantiene las comunicaciones claras tanto para usted como para sus compa\u00f1eros de equipo, incluso en entornos ruidosos.<\/li>\n<li><strong>C\u00e1mara HD de 720p<\/strong><br \/>\nChatea por video con amigos y familiares usando la c\u00e1mara HD frontal.<\/li>\n<li><strong>Teclado retroiluminado RGB<\/strong><br \/>\nEl teclado RGB incluido le permite trabajar o jugar en entornos con poca luz con facilidad.<\/li>\n<li><strong>Paquete de software b\u00e1sico incluido<\/strong><br \/>\nPrueba de 30 d\u00edas de Microsoft Office 365.<\/li>\n<li><strong>Puertos adicionales<\/strong><br \/>\nConector combinado de auriculares\/micr\u00f3fono. Nota: esta computadora port\u00e1til no incluye una unidad de DVD\/CD incorporada.<\/li>\n<\/ul>\n<\/div>\n<\/div>\n<\/div>\n<\/div>\n","protected":false},"excerpt":{"rendered":"<p>La computadora port\u00e1til para juegos ASUS TUF Gaming A15 le brinda una experiencia de juego duradera y potente, pero econ\u00f3mica en Windows 11. La TUF Gaming A15 incluye una CPU<\/p>\n","protected":false},"featured_media":90367,"comment_status":"open","ping_status":"closed","template":"","meta":{"_acf_changed":false,"_joinchat":[]},"product_brand":[],"product_cat":[277,280,432],"product_tag":[],"class_list":{"0":"post-90366","1":"product","2":"type-product","3":"status-publish","4":"has-post-thumbnail","6":"product_cat-zona-gamer","7":"product_cat-pc-gaming","8":"product_cat-laptops-gamer","10":"first","11":"instock","12":"sale","13":"shipping-taxable","14":"purchasable","15":"product-type-simple"},"acf":[],"_links":{"self":[{"href":"https:\/\/defabrica.com.mx\/defabrica\/wp-json\/wp\/v2\/product\/90366","targetHints":{"allow":["GET"]}}],"collection":[{"href":"https:\/\/defabrica.com.mx\/defabrica\/wp-json\/wp\/v2\/product"}],"about":[{"href":"https:\/\/defabrica.com.mx\/defabrica\/wp-json\/wp\/v2\/types\/product"}],"replies":[{"embeddable":true,"href":"https:\/\/defabrica.com.mx\/defabrica\/wp-json\/wp\/v2\/comments?post=90366"}],"wp:featuredmedia":[{"embeddable":true,"href":"https:\/\/defabrica.com.mx\/defabrica\/wp-json\/wp\/v2\/media\/90367"}],"wp:attachment":[{"href":"https:\/\/defabrica.com.mx\/defabrica\/wp-json\/wp\/v2\/media?parent=90366"}],"wp:term":[{"taxonomy":"product_brand","embeddable":true,"href":"https:\/\/defabrica.com.mx\/defabrica\/wp-json\/wp\/v2\/product_brand?post=90366"},{"taxonomy":"product_cat","embeddable":true,"href":"https:\/\/defabrica.com.mx\/defabrica\/wp-json\/wp\/v2\/product_cat?post=90366"},{"taxonomy":"product_tag","embeddable":true,"href":"https:\/\/defabrica.com.mx\/defabrica\/wp-json\/wp\/v2\/product_tag?post=90366"}],"curies":[{"name":"wp","href":"https:\/\/api.w.org\/{rel}","templated":true}]}}