{"id":90357,"date":"2022-07-16T15:17:55","date_gmt":"2022-07-16T20:17:55","guid":{"rendered":"https:\/\/defabrica.com.mx\/defabrica\/?post_type=product&#038;p=90357"},"modified":"2023-01-18T16:11:52","modified_gmt":"2023-01-18T22:11:52","slug":"asus-rog-strix-g15-advantage-edition-15-6-qhd-gaming-laptop-amd-ryzen-9-5980hx-memoria-de-16gb-radeon-rx-6800m-ssd-de-512gb","status":"publish","type":"product","link":"https:\/\/defabrica.com.mx\/defabrica\/producto\/asus-rog-strix-g15-advantage-edition-15-6-qhd-gaming-laptop-amd-ryzen-9-5980hx-memoria-de-16gb-radeon-rx-6800m-ssd-de-512gb\/","title":{"rendered":"ASUS &#8211; ROG Strix G15 Advantage Edition 15.6&#8243; QHD Gaming Laptop &#8211; AMD Ryzen 9 5980HX &#8211; Memoria de 16GB &#8211; Radeon RX 6800M &#8211; SSD de 512GB"},"content":{"rendered":"<div class=\"embedded-component-container lv product-description\">\n<div>\n<div id=\"shop-product-description-55271580\" class=\"_none\" data-version=\"1.3.46\">\n<div class=\"shop-product-description\">\n<section class=\"align-heading-left\" data-reactroot=\"\">\n<div class=\"long-description-container body-copy \">\n<div class=\"html-fragment\">Juega como un profesional con este ROG STRIX Advantage Edition.\u00a0Duplica la potencia de fuego de AMD con la CPU Ryzen 9-5980HX y la GPU Radeon RX6800M con tecnolog\u00eda exclusiva AMD SmartShift y Smart Access Memory que aumenta din\u00e1micamente el rendimiento para cualquier tarea.\u00a0Disfruta de la velocidad de los eSports en 165 hz QHD simplemente con FreeSync premium que permite un juego ultra fluido.<\/div>\n<\/div>\n<\/section>\n<\/div>\n<\/div>\n<\/div>\n<\/div>\n<div class=\"embedded-component-container lv product-features\">\n<h3><\/h3>\n<h3 class=\"heading-5 v-fw-regular feature-heading\"><strong>Caracter\u00edsticas<\/strong><\/h3>\n<ul>\n<li><strong>sistema operativo Windows 11<\/strong><br \/>\nWindows 11 tiene toda la potencia y la seguridad de Windows 10 con un aspecto renovado y redise\u00f1ado. Tambi\u00e9n viene con nuevas herramientas, sonidos y aplicaciones. Cada detalle ha sido considerado. Todo se une para brindarle una experiencia refrescante en su PC<\/li>\n<li><strong>Pantalla QHD de 15,6&#8243; con frecuencia de actualizaci\u00f3n de 165 Hz<\/strong><br \/>\nLa resoluci\u00f3n de 2560 x 1440 con una gama de colores 100 % sRGB ofrece un color y una claridad impresionantes. Juego con frecuencia de actualizaci\u00f3n ultrarr\u00e1pida de 165 Hz y tiempo de respuesta de 3 ms<\/li>\n<li><strong>Procesador AMD Ryzen 9 5980HX<\/strong><br \/>\nEnfr\u00e9ntate a cualquier cosa con la \u00faltima CPU AMD Ryzen 9 5980HX fabricada con tecnolog\u00eda de fabricaci\u00f3n de 7 nm de vanguardia, activa hasta 8 n\u00facleos y 16 subprocesos para manejar el trabajo exigente.<\/li>\n<li><strong>Gr\u00e1ficos Radeon RX 6800M<\/strong><br \/>\nLa GPU AMD Radeon RX 6800M con 12 GB GDDR6 maximiza la velocidad y la eficiencia energ\u00e9tica para un rendimiento de juego brillante. El compuesto t\u00e9rmico de metal l\u00edquido permite relojes de hasta 2600 MHz y permite una potencia de GPU de hasta 180 W con tecnolog\u00eda SmartShift<\/li>\n<li><strong>AMD SmartShift<\/strong><br \/>\nObtenga hasta un 10% de mejora en el rendimiento gracias a AMD SmartShift. Utilizando una interfaz de refuerzo de hardware y algoritmos de aprendizaje autom\u00e1tico, SmartShift mueve r\u00e1pidamente la potencia entre la CPU y la GPU, optimizando el rendimiento sobre la marcha para juegos, renderizado 3D, edici\u00f3n de video y otras cargas de trabajo.<\/li>\n<li><strong>Memoria de acceso inteligente AMD<\/strong><br \/>\nDisfruta de velocidades de fotogramas m\u00e1s altas en muchos juegos gracias a la memoria AMD Smart Access<\/li>\n<li><strong>Memoria del sistema de 16 GB para multitarea avanzada<\/strong><br \/>\nRAM sustancial de gran ancho de banda para ejecutar sin problemas sus juegos y aplicaciones de edici\u00f3n de fotos y videos, as\u00ed como m\u00faltiples programas y pesta\u00f1as del navegador, todo a la vez.<\/li>\n<li><strong>Unidad de estado s\u00f3lido de 512 GB (PCI-e NVMe M.2)<\/strong><br \/>\nGuarde archivos r\u00e1pidamente y almacene m\u00e1s datos. Con grandes cantidades de almacenamiento y poder de comunicaci\u00f3n avanzado, los SSD PCI-e son excelentes para las principales aplicaciones de juegos, m\u00faltiples servidores, copias de seguridad diarias y m\u00e1s.<\/li>\n<li><strong>barra de luz RGB<\/strong><br \/>\nIlumina tu vida en RGB. Una barra de luces redise\u00f1ada aumenta la densidad de los LED para crear un brillo inferior m\u00e1s refinado debajo del chasis. Personalice su configuraci\u00f3n de Aura Sync para establecer el estado de \u00e1nimo de juego ideal en todo un ecosistema de dispositivos compatibles.<\/li>\n<li><strong>Gorras de armadura intercambiables<\/strong><br \/>\nAgregue un toque de personalidad a su chasis con las tapas de armadura personalizables. Dos opciones de color adicionales vienen en la caja y se intercambian sin esfuerzo, lo que le permite cambiar su estilo en cualquier momento.<\/li>\n<li><strong>Teclado retroiluminado RGB<\/strong><br \/>\nLe permite disfrutar de una escritura c\u00f3moda y precisa, incluso con poca luz. Tambi\u00e9n se puede personalizar o cambiar seg\u00fan las preferencias de uno.<\/li>\n<li><strong>c\u00e1mara de vapor<\/strong><br \/>\nLa disipaci\u00f3n de calor es m\u00e1s r\u00e1pida y eficiente con nuestra c\u00e1mara de vapor avanzada, que mejora el rendimiento de enfriamiento y reduce las temperaturas de la superficie.<\/li>\n<li><strong>sensor de infrarrojos<\/strong><br \/>\nUn sensor IR especial controla la temperatura del teclado, por lo que la potencia y el enfriamiento pueden ajustarse autom\u00e1ticamente para mantener los dedos frescos y c\u00f3modos durante las sesiones de juego marat\u00f3nicas.<\/li>\n<li><strong>Cancelaci\u00f3n de ruido AI bidireccional<\/strong><br \/>\nLa cancelaci\u00f3n de ruido AI bidireccional aclara el audio ascendente y descendente, filtrando el ruido no deseado para que la comunicaci\u00f3n de voz sea m\u00e1s clara.<\/li>\n<li><strong>Pesa 5,51 libras. y mide 1&#8243; de espesor<\/strong><br \/>\nDise\u00f1o delgado y liviano con unidad de DVD\/CD omitida para mejorar la portabilidad. Bater\u00eda de iones de litio de 90 Wh.<\/li>\n<li><strong>La salida HDMI ampl\u00eda sus opciones de visualizaci\u00f3n<\/strong><br \/>\nCon\u00e9ctese a un HDTV o monitor de alta definici\u00f3n para configurar dos pantallas una al lado de la otra o simplemente ver m\u00e1s de la imagen general.<\/li>\n<li><strong>Conectividad inal\u00e1mbrica\/al\u00e1mbrica (WiFi 6 &#8211; 802.11ax)<\/strong><br \/>\nConectividad flexible de doble banda con mayor confiabilidad gracias a dos flujos de datos y antenas. Con\u00e9ctese a un enrutador Wi-Fi para experimentar velocidades Wi-Fi GB casi 3 veces m\u00e1s r\u00e1pidas que Wi-Fi 5 est\u00e1ndar con capacidad de respuesta mejorada para a\u00fan m\u00e1s dispositivos.<\/li>\n<li><strong>Conectividad Integral<\/strong><br \/>\nConecte dispositivos de pr\u00f3xima generaci\u00f3n a trav\u00e9s del USB 3.2 Tipo-C con DisplayPort 1.4 y USB Power Delivery. Tres puertos USB 3.2 tipo A est\u00e1n listos para su equipo de juego favorito, mientras que HDMI 2.0b le permite conectar un monitor 4K o un televisor a hasta 60 Hz<\/li>\n<li><strong>Xbox Game Pass Ultimate &#8211; Descubre tu pr\u00f3ximo juego favorito<\/strong><br \/>\n1 mes de Xbox Game Pass Ultimate incluido. Juega m\u00e1s de 100 juegos de alta calidad en Windows 11, consola y dispositivo m\u00f3vil. Incluye nuevos t\u00edtulos del primer d\u00eda, juegos ic\u00f3nicos de Bethesda y EA Play para PC.<\/li>\n<\/ul>\n<\/div>\n","protected":false},"excerpt":{"rendered":"<p>Juega como un profesional con este ROG STRIX Advantage Edition.\u00a0Duplica la potencia de fuego de AMD con la CPU Ryzen 9-5980HX y la GPU Radeon RX6800M con tecnolog\u00eda exclusiva AMD<\/p>\n","protected":false},"featured_media":90361,"comment_status":"open","ping_status":"closed","template":"","meta":{"_acf_changed":false,"_joinchat":[]},"product_brand":[],"product_cat":[277,280,432],"product_tag":[],"class_list":{"0":"post-90357","1":"product","2":"type-product","3":"status-publish","4":"has-post-thumbnail","6":"product_cat-zona-gamer","7":"product_cat-pc-gaming","8":"product_cat-laptops-gamer","10":"first","11":"instock","12":"sale","13":"shipping-taxable","14":"purchasable","15":"product-type-simple"},"acf":[],"_links":{"self":[{"href":"https:\/\/defabrica.com.mx\/defabrica\/wp-json\/wp\/v2\/product\/90357","targetHints":{"allow":["GET"]}}],"collection":[{"href":"https:\/\/defabrica.com.mx\/defabrica\/wp-json\/wp\/v2\/product"}],"about":[{"href":"https:\/\/defabrica.com.mx\/defabrica\/wp-json\/wp\/v2\/types\/product"}],"replies":[{"embeddable":true,"href":"https:\/\/defabrica.com.mx\/defabrica\/wp-json\/wp\/v2\/comments?post=90357"}],"wp:featuredmedia":[{"embeddable":true,"href":"https:\/\/defabrica.com.mx\/defabrica\/wp-json\/wp\/v2\/media\/90361"}],"wp:attachment":[{"href":"https:\/\/defabrica.com.mx\/defabrica\/wp-json\/wp\/v2\/media?parent=90357"}],"wp:term":[{"taxonomy":"product_brand","embeddable":true,"href":"https:\/\/defabrica.com.mx\/defabrica\/wp-json\/wp\/v2\/product_brand?post=90357"},{"taxonomy":"product_cat","embeddable":true,"href":"https:\/\/defabrica.com.mx\/defabrica\/wp-json\/wp\/v2\/product_cat?post=90357"},{"taxonomy":"product_tag","embeddable":true,"href":"https:\/\/defabrica.com.mx\/defabrica\/wp-json\/wp\/v2\/product_tag?post=90357"}],"curies":[{"name":"wp","href":"https:\/\/api.w.org\/{rel}","templated":true}]}}