{"id":90349,"date":"2022-07-16T15:14:27","date_gmt":"2022-07-16T20:14:27","guid":{"rendered":"https:\/\/defabrica.com.mx\/defabrica\/?post_type=product&#038;p=90349"},"modified":"2023-01-18T16:11:28","modified_gmt":"2023-01-18T22:11:28","slug":"asus-laptop-para-juegos-rog-zephyrus-14-wqxga-120hz-amd-ryzen-9-memoria-ddr5-de-16gb-amd-radeon-rx-6700s-ssd-pcie-4-0-de-1tb","status":"publish","type":"product","link":"https:\/\/defabrica.com.mx\/defabrica\/producto\/asus-laptop-para-juegos-rog-zephyrus-14-wqxga-120hz-amd-ryzen-9-memoria-ddr5-de-16gb-amd-radeon-rx-6700s-ssd-pcie-4-0-de-1tb\/","title":{"rendered":"ASUS &#8211; Laptop para juegos ROG Zephyrus 14&#8243; WQXGA 120Hz &#8211; AMD Ryzen 9 &#8211; Memoria DDR5 de 16GB &#8211; AMD Radeon RX 6700S &#8211; SSD PCIe 4.0 de 1TB"},"content":{"rendered":"<div class=\"embedded-component-container lv product-description\">\n<div>\n<div id=\"shop-product-description-16376008\" class=\"_none\" data-version=\"1.3.46\">\n<div class=\"shop-product-description\">\n<section class=\"align-heading-left\" data-reactroot=\"\">\n<div class=\"long-description-container body-copy \">\n<div class=\"html-fragment\">Juega como un profesional en Windows 11 con este ROG Zephyrus G14.\u00a0Duplica la potencia de fuego de AMD con la CPU Ryzen 9 6900HS y la GPU Radeon RX 6700S con tecnolog\u00eda exclusiva AMD SmartShift y Smart Access Memory que aumenta din\u00e1micamente el rendimiento para cualquier tarea.\u00a0Conf\u00ede en la calidad de la pantalla con una pantalla ROG Nebula de 120 Hz.\u00a0Salta a la pr\u00f3xima generaci\u00f3n de memoria y almacenamiento con 16 GB de RAM DDR5 y 1 TB de almacenamiento SSD PCIe 4.0.<\/div>\n<\/div>\n<\/section>\n<\/div>\n<\/div>\n<\/div>\n<\/div>\n<div class=\"embedded-component-container lv product-features\">\n<h3><\/h3>\n<h3 class=\"heading-5 v-fw-regular feature-heading\"><strong>Caracter\u00edsticas<\/strong><\/h3>\n<ul>\n<li><strong>Sistema operativo Windows 11<\/strong><br \/>\nFamilia, amigos, pasiones, m\u00fasica, creaciones, juegos: Windows 11 es el \u00fanico lugar para todo. Con una nueva sensaci\u00f3n y herramientas que hacen que sea m\u00e1s f\u00e1cil ser eficiente, tiene lo que necesita para lo que viene.<\/li>\n<li><strong>AMD Ryzen 9 6900HS<\/strong><br \/>\nPotencie sus juegos con la \u00faltima CPU AMD Ryzen 9 6900HS. 8 n\u00facleos y 16 subprocesos est\u00e1n listos para manejar los \u00faltimos juegos AAA.<\/li>\n<li><strong>Gr\u00e1ficos AMD Radeon RX 6700S 8GB GDDR6<\/strong><br \/>\nLa nueva AMD Radeon RX 6700S 8GB GDDR6 a 80W (105W con AMD SmartShift) para una GPU ultrarr\u00e1pida para alimentar tus juegos.<\/li>\n<li><strong>AMD SmartShift Max<\/strong><br \/>\nLa tecnolog\u00eda AMD SmartShift Max cambia din\u00e1micamente la potencia de su computadora port\u00e1til para ayudar a aumentar el rendimiento para juegos y creaci\u00f3n de contenido. Los jugadores obtienen un aumento en el rendimiento de los gr\u00e1ficos cuando importa, mientras que los creadores de contenido pueden obtener esa potencia adicional necesaria para terminar sus tareas r\u00e1pidamente.<\/li>\n<li><strong>Memoria de acceso inteligente AMD<\/strong><br \/>\nAMD Smart Access Memory permite que los procesadores AMD Ryzen\u2122 aprovechen todo el potencial de la memoria de la tarjeta gr\u00e1fica Radeon\u2122. Disfrute de un rendimiento de alta velocidad con todos los componentes de AMD en su sistema para obtener la m\u00e1xima ventaja en los juegos.<\/li>\n<li><strong>Pantalla de nebulosa ROG<\/strong><br \/>\nROG Nebula Display es el nuevo est\u00e1ndar en pantallas de juegos. Las pantallas ROG Nebula garantizan un brillo m\u00ednimo, representaci\u00f3n de color, tasas de actualizaci\u00f3n, tiempos de respuesta y m\u00e1s.<\/li>\n<li><strong>Pantalla WQXGA de 120 Hz de 14&#8243;<\/strong><br \/>\nLa pantalla ultra brillante de 500 nits de 120 Hz cuenta con una resoluci\u00f3n de 2560&#215;1600 que le brinda m\u00e1s espacio para barras de herramientas y pesta\u00f1as.<\/li>\n<li><strong>16 GB de memoria del sistema DDR5 de 4800 MHz de pr\u00f3xima generaci\u00f3n y dos canales<\/strong><br \/>\n16 GB (8 GB + 8 GB) de memoria de doble canal aumentan significativamente el rendimiento, en comparaci\u00f3n con un solo canal, y el est\u00e1ndar de memoria de pr\u00f3xima generaci\u00f3n DDR5 de 4800 MHz ultrarr\u00e1pido permite que esta computadora port\u00e1til realice m\u00faltiples tareas con facilidad.<\/li>\n<li><strong>Unidad de estado s\u00f3lido de 1 TB (PCIe Gen4)<\/strong><br \/>\nGuarde archivos r\u00e1pidamente y almacene m\u00e1s datos y juegos. Con grandes cantidades de almacenamiento y poder de comunicaci\u00f3n avanzado, los SSD PCIe son excelentes para las principales aplicaciones de juegos, m\u00faltiples servidores, copias de seguridad diarias y m\u00e1s.<\/li>\n<li><strong>Conmutador MUX para modo GPU directo<\/strong><br \/>\nPara juegos competitivos, use el interruptor MUX incorporado para cambiar al modo GPU directo para reducir la latencia y aumentar el rendimiento en un promedio del 9 %.<\/li>\n<li><strong>Pesa 3.64 lbs y mide 0.73&#8243; de espesor<\/strong><br \/>\nEl G14 es un verdadero peso pluma para su clase, con un peso de solo 3,64 libras y un grosor de solo 0,73&#8243;. Este chasis extremadamente liviano significa que el G14 es excepcionalmente port\u00e1til, cabe incluso en bolsas peque\u00f1as y maletines de transporte.<\/li>\n<li><strong>Conectividad robusta<\/strong><br \/>\nROG Zephyrus G14 est\u00e1 lleno de conectividad. Con dos puertos USB 3.2 Gen 2 Tipo-C y dos puertos USB 3.2 Gen 2 Tipo-A, la m\u00e1quina tiene excelentes opciones incluso para dispositivos externos de alta velocidad.<\/li>\n<li><strong>Conectividad inal\u00e1mbrica\/por cable (WiFi 6E)<\/strong><br \/>\nEl \u00faltimo est\u00e1ndar WiFi 6E garantiza una latencia m\u00e1s baja y mejores conexiones de red, incluso en redes WiFi saturadas.<\/li>\n<li><strong>Refrigeraci\u00f3n inteligente ROG<\/strong><br \/>\nDisfruta de modos de refrigeraci\u00f3n inteligentes y din\u00e1micos con ROG Intelligent Cooling. Deje que el sistema elija autom\u00e1ticamente entre diferentes modos de enfriamiento, seg\u00fan lo exigentes que sean sus tareas.<\/li>\n<li><strong>Audio cristalino<\/strong><br \/>\nEl sistema de cuatro altavoces con tecnolog\u00eda de amplificador inteligente y compatibilidad con Dolby Atmos proporciona un excelente sonido est\u00e9reo para su contenido favorito.<\/li>\n<li><strong>C\u00e1mara de infrarrojos de 720p<\/strong><br \/>\nChatea por video con amigos y familiares usando la c\u00e1mara HD frontal. Iniciar sesi\u00f3n es muy sencillo con Windows Hello<\/li>\n<li><strong>Retroiluminaci\u00f3n de teclado RGB de zona \u00fanica<\/strong><br \/>\nTrabaje o juegue en ambientes con poca luz con facilidad y elija cualquier color que se adapte a su estilo.<\/li>\n<li><strong>Paquete de software b\u00e1sico incluido<\/strong><br \/>\nPrueba de 30 d\u00edas de Microsoft Office 365.<\/li>\n<\/ul>\n<\/div>\n","protected":false},"excerpt":{"rendered":"<p>Juega como un profesional en Windows 11 con este ROG Zephyrus G14.\u00a0Duplica la potencia de fuego de AMD con la CPU Ryzen 9 6900HS y la GPU Radeon RX 6700S<\/p>\n","protected":false},"featured_media":90350,"comment_status":"open","ping_status":"closed","template":"","meta":{"_acf_changed":false,"_joinchat":[]},"product_brand":[],"product_cat":[277,280,432],"product_tag":[],"class_list":{"0":"post-90349","1":"product","2":"type-product","3":"status-publish","4":"has-post-thumbnail","6":"product_cat-zona-gamer","7":"product_cat-pc-gaming","8":"product_cat-laptops-gamer","10":"first","11":"instock","12":"sale","13":"shipping-taxable","14":"purchasable","15":"product-type-simple"},"acf":[],"_links":{"self":[{"href":"https:\/\/defabrica.com.mx\/defabrica\/wp-json\/wp\/v2\/product\/90349","targetHints":{"allow":["GET"]}}],"collection":[{"href":"https:\/\/defabrica.com.mx\/defabrica\/wp-json\/wp\/v2\/product"}],"about":[{"href":"https:\/\/defabrica.com.mx\/defabrica\/wp-json\/wp\/v2\/types\/product"}],"replies":[{"embeddable":true,"href":"https:\/\/defabrica.com.mx\/defabrica\/wp-json\/wp\/v2\/comments?post=90349"}],"wp:featuredmedia":[{"embeddable":true,"href":"https:\/\/defabrica.com.mx\/defabrica\/wp-json\/wp\/v2\/media\/90350"}],"wp:attachment":[{"href":"https:\/\/defabrica.com.mx\/defabrica\/wp-json\/wp\/v2\/media?parent=90349"}],"wp:term":[{"taxonomy":"product_brand","embeddable":true,"href":"https:\/\/defabrica.com.mx\/defabrica\/wp-json\/wp\/v2\/product_brand?post=90349"},{"taxonomy":"product_cat","embeddable":true,"href":"https:\/\/defabrica.com.mx\/defabrica\/wp-json\/wp\/v2\/product_cat?post=90349"},{"taxonomy":"product_tag","embeddable":true,"href":"https:\/\/defabrica.com.mx\/defabrica\/wp-json\/wp\/v2\/product_tag?post=90349"}],"curies":[{"name":"wp","href":"https:\/\/api.w.org\/{rel}","templated":true}]}}