{"id":90328,"date":"2022-07-16T15:00:48","date_gmt":"2022-07-16T20:00:48","guid":{"rendered":"https:\/\/defabrica.com.mx\/defabrica\/?post_type=product&#038;p=90328"},"modified":"2023-01-18T16:10:15","modified_gmt":"2023-01-18T22:10:15","slug":"asus-laptop-para-juegos-tuf-dash-15-6-fhd-144hz-intel-core-i7-memoria-ddr5-de-16gb-nvidia-geforce-rtx-3070-ssd-pcie-de-512gb-negro-apagado","status":"publish","type":"product","link":"https:\/\/defabrica.com.mx\/defabrica\/producto\/asus-laptop-para-juegos-tuf-dash-15-6-fhd-144hz-intel-core-i7-memoria-ddr5-de-16gb-nvidia-geforce-rtx-3070-ssd-pcie-de-512gb-negro-apagado\/","title":{"rendered":"ASUS &#8211; Laptop para juegos TUF Dash 15.6&#8243; FHD 144Hz &#8211; Intel Core i7 &#8211; Memoria DDR5 de 16GB &#8211; NVIDIA GeForce RTX 3070 &#8211; SSD PCIe de 512GB &#8211; Negro apagado"},"content":{"rendered":"<div class=\"embedded-component-container lv product-description\">\n<div>\n<div id=\"shop-product-description-79582482\" class=\"_none\" data-version=\"1.3.46\">\n<div class=\"shop-product-description\">\n<section class=\"align-heading-left\" data-reactroot=\"\">\n<div class=\"long-description-container body-copy \">\n<div class=\"html-fragment\">La computadora port\u00e1til para juegos ASUS TUF Dash 15 le brinda una experiencia de juego premium pero econ\u00f3mica en Windows 11. La TUF Dash 15 incluye una CPU Intel\u00ae Core\u2122 i7-12650H de 10 n\u00facleos y una GPU NVIDIA\u00ae GeForce RTX\u2122 3070 en una computadora para juegos s\u00faper delgada. computadora port\u00e1til.\u00a0Disfrute de una frecuencia de actualizaci\u00f3n r\u00e1pida de 144 Hz, 16 GB de RAM y 512 GB de almacenamiento SSD, todo envuelto en un chasis liviano de 4.41 lbs.\u00a0El futuro es delgado y ligero.<\/div>\n<\/div>\n<\/section>\n<\/div>\n<\/div>\n<\/div>\n<\/div>\n<div class=\"embedded-component-container lv product-features\">\n<h3><\/h3>\n<h3 class=\"heading-5 v-fw-regular feature-heading\"><strong>Caracter\u00edsticas<\/strong><\/h3>\n<ul>\n<li><strong>Sistema operativo Windows 11<\/strong><br \/>\nFamilia, amigos, pasiones, m\u00fasica, creaciones, juegos: Windows 11 es el \u00fanico lugar para todo. Con una nueva sensaci\u00f3n y herramientas que hacen que sea m\u00e1s f\u00e1cil ser eficiente, tiene lo que necesita para lo que viene.<\/li>\n<li><strong>Intel\u00ae Core\u2122 i7-12650H de 12.\u00aa generaci\u00f3n<\/strong><br \/>\nPotencie sus juegos con la \u00faltima CPU Alder Lake Intel\u00ae Core\u2122 i7-12650H. 10 n\u00facleos y 16 subprocesos est\u00e1n listos para manejar los \u00faltimos juegos AAA.<\/li>\n<li><strong>Gr\u00e1ficos NVIDIA RTX 3070 8GB GDDR6<\/strong><br \/>\nNVIDIA GeForce RTX 3070 8 GB GDDR6 con ROG Boost a 80 W (105 W con Dynamic Boost 2.0) para una GPU ultrarr\u00e1pida para alimentar tus juegos.<\/li>\n<li><strong>Pantalla FHD de 144 Hz de 15,6&#8243;<\/strong><br \/>\nLa pantalla de 144 Hz Full HD 1920&#215;1080 cuenta con sincronizaci\u00f3n adaptativa para minimizar el desgarro de la pantalla mientras juegas a tus juegos favoritos.<\/li>\n<li><strong>16 GB de memoria del sistema DDR5 de 4800 MHz de pr\u00f3xima generaci\u00f3n y dos canales<\/strong><br \/>\n16 GB (8 GB + 8 GB) de memoria de doble canal aumentan significativamente el rendimiento, en comparaci\u00f3n con un solo canal, y el est\u00e1ndar de memoria de pr\u00f3xima generaci\u00f3n DDR5 de 4800 MHz ultrarr\u00e1pido permite que el Zephyrus M16 realice m\u00faltiples tareas con facilidad.<\/li>\n<li><strong>Unidad de estado s\u00f3lido PCIe de 512 GB<\/strong><br \/>\nGuarde archivos r\u00e1pidamente y almacene m\u00e1s datos y juegos. Con grandes cantidades de almacenamiento y poder de comunicaci\u00f3n avanzado, los SSD PCIe son excelentes para las principales aplicaciones de juegos, m\u00faltiples servidores, copias de seguridad diarias y m\u00e1s.<\/li>\n<li><strong>Pesa 4,41 libras y mide 0,78&#8243; de grosor.<\/strong><br \/>\nTUF Dash 15 es un verdadero peso pluma para su clase, con un peso de solo 4.41 libras y solo 0.78 \u00abde grosor. Este chasis extremadamente liviano significa que TUF Dash es excepcionalmente port\u00e1til, cabe incluso en bolsas peque\u00f1as y maletines de transporte.<\/li>\n<li><strong>Conectividad robusta con Thunderbolt 4<\/strong><br \/>\nTUF Dash 15 est\u00e1 lleno de conectividad. Con un USB Type-C dedicado compatible con Thunderbolt\u2122 4, un puerto USB 3.2 Gen 2 Type-C, dos puertos USB 3.2 Gen 1 Type-A y un puerto LAN RJ45, la m\u00e1quina tiene excelentes opciones incluso para dispositivos externos de alta velocidad .<\/li>\n<li><strong>Conectividad inal\u00e1mbrica\/al\u00e1mbrica (Wi-Fi 6)<\/strong><br \/>\nWi-Fi 6 (802.11ax) garantiza una latencia m\u00e1s baja y mejores conexiones de red, incluso en redes Wi-Fi saturadas.<\/li>\n<li><strong>Audio cristalino<\/strong><br \/>\nLos parlantes duales compatibles con Dolby Atmos brindan un excelente sonido est\u00e9reo para su contenido favorito. Para las comunicaciones de voz, AI Noise Cancelling mantiene las comunicaciones claras tanto para usted como para sus compa\u00f1eros de equipo, incluso en entornos ruidosos.<\/li>\n<li><strong>C\u00e1mara HD de 720p<\/strong><br \/>\nChatea por video con amigos y familiares usando la c\u00e1mara HD frontal.<\/li>\n<li><strong>Teclado iluminado<\/strong><br \/>\nTrabaje o juegue en entornos con poca luz con facilidad.<\/li>\n<li><strong>Paquete de software b\u00e1sico incluido<\/strong><br \/>\nPrueba de 30 d\u00edas de Microsoft Office 365.<\/li>\n<li><strong>Puertos adicionales<\/strong><br \/>\nConector combinado de auriculares\/micr\u00f3fono. Nota: esta computadora port\u00e1til no incluye una unidad de DVD\/CD incorporada.<\/li>\n<\/ul>\n<\/div>\n","protected":false},"excerpt":{"rendered":"<p>La computadora port\u00e1til para juegos ASUS TUF Dash 15 le brinda una experiencia de juego premium pero econ\u00f3mica en Windows 11. La TUF Dash 15 incluye una CPU Intel\u00ae Core\u2122<\/p>\n","protected":false},"featured_media":90331,"comment_status":"open","ping_status":"closed","template":"","meta":{"_acf_changed":false,"_joinchat":[]},"product_brand":[],"product_cat":[277,280,432],"product_tag":[],"class_list":{"0":"post-90328","1":"product","2":"type-product","3":"status-publish","4":"has-post-thumbnail","6":"product_cat-zona-gamer","7":"product_cat-pc-gaming","8":"product_cat-laptops-gamer","10":"first","11":"instock","12":"sale","13":"shipping-taxable","14":"purchasable","15":"product-type-simple"},"acf":[],"_links":{"self":[{"href":"https:\/\/defabrica.com.mx\/defabrica\/wp-json\/wp\/v2\/product\/90328","targetHints":{"allow":["GET"]}}],"collection":[{"href":"https:\/\/defabrica.com.mx\/defabrica\/wp-json\/wp\/v2\/product"}],"about":[{"href":"https:\/\/defabrica.com.mx\/defabrica\/wp-json\/wp\/v2\/types\/product"}],"replies":[{"embeddable":true,"href":"https:\/\/defabrica.com.mx\/defabrica\/wp-json\/wp\/v2\/comments?post=90328"}],"wp:featuredmedia":[{"embeddable":true,"href":"https:\/\/defabrica.com.mx\/defabrica\/wp-json\/wp\/v2\/media\/90331"}],"wp:attachment":[{"href":"https:\/\/defabrica.com.mx\/defabrica\/wp-json\/wp\/v2\/media?parent=90328"}],"wp:term":[{"taxonomy":"product_brand","embeddable":true,"href":"https:\/\/defabrica.com.mx\/defabrica\/wp-json\/wp\/v2\/product_brand?post=90328"},{"taxonomy":"product_cat","embeddable":true,"href":"https:\/\/defabrica.com.mx\/defabrica\/wp-json\/wp\/v2\/product_cat?post=90328"},{"taxonomy":"product_tag","embeddable":true,"href":"https:\/\/defabrica.com.mx\/defabrica\/wp-json\/wp\/v2\/product_tag?post=90328"}],"curies":[{"name":"wp","href":"https:\/\/api.w.org\/{rel}","templated":true}]}}