{"id":90313,"date":"2022-07-16T14:41:32","date_gmt":"2022-07-16T19:41:32","guid":{"rendered":"https:\/\/defabrica.com.mx\/defabrica\/?post_type=product&#038;p=90313"},"modified":"2022-07-18T14:06:55","modified_gmt":"2022-07-18T19:06:55","slug":"asus-laptop-para-juegos-con-pantalla-tactil-rog-de-134-amd-ryzen-9-memoria-de-16-gb-graficos-nvidia-geforce-rtx-3050-ti-v4g-ssd-de-1-tb-negro-apagado-2","status":"publish","type":"product","link":"https:\/\/defabrica.com.mx\/defabrica\/producto\/asus-laptop-para-juegos-con-pantalla-tactil-rog-de-134-amd-ryzen-9-memoria-de-16-gb-graficos-nvidia-geforce-rtx-3050-ti-v4g-ssd-de-1-tb-negro-apagado-2\/","title":{"rendered":"ASUS &#8211; Laptop para juegos con pantalla t\u00e1ctil ROG de 13,4&#8243; &#8211; AMD Ryzen 9 &#8211; Memoria de 16 GB &#8211; Gr\u00e1ficos NVIDIA GeForce RTX 3050 Ti V4G &#8211; SSD de 1 TB &#8211; Negro apagado"},"content":{"rendered":"<div class=\"embedded-component-container lv product-description\">\n<div>\n<div id=\"shop-product-description-78092773\" class=\"_none\" data-version=\"1.3.46\">\n<div class=\"shop-product-description\">\n<section class=\"align-heading-left\" data-reactroot=\"\">\n<div class=\"long-description-container body-copy \">\n<div class=\"html-fragment\"><span>Port\u00e1til para juegos ASUS ROG.\u00a0Disfrute de los juegos diarios con esta computadora port\u00e1til ASUS.\u00a0El procesador AMD Ryzen 9 y 16 GB de RAM le permiten ejecutar juegos con muchos gr\u00e1ficos sin problemas, mientras que los potentes gr\u00e1ficos NVIDIA RTX 3050 Ti V4G producen im\u00e1genes de alta calidad en la pantalla t\u00e1ctil WUXGA de 13,4 pulgadas.\u00a0Esta computadora port\u00e1til ASUS tiene SSD 1TD que acorta los tiempos de carga y ofrece un amplio almacenamiento.<\/span><\/div>\n<\/div>\n<\/section>\n<\/div>\n<\/div>\n<\/div>\n<\/div>\n<div class=\"embedded-component-container lv product-features\">\n<h3><\/h3>\n<h3 class=\"heading-5 v-fw-regular feature-heading\"><strong>Caracter\u00edsticas<\/strong><\/h3>\n<ul>\n<li><strong>Sistema operativo Windows 11<\/strong><br \/>\nWindows 11 tiene toda la potencia y la seguridad de Windows 10 con un aspecto renovado y redise\u00f1ado. Tambi\u00e9n viene con nuevas herramientas, sonidos y aplicaciones. Cada detalle ha sido considerado. Todo se une para brindarle una experiencia refrescante en su PC.<\/li>\n<li><strong>Pantalla t\u00e1ctil WUXGA de 13,4&#8243; con frecuencia de actualizaci\u00f3n de 120 Hz<\/strong><br \/>\nLa resoluci\u00f3n de 1920 x 1200 cuenta con un color y una claridad impresionantes. Retroiluminaci\u00f3n LED de bajo consumo.<\/li>\n<li><strong>Memoria del sistema de 16 GB para multitarea y juegos intensos<\/strong><br \/>\nGran cantidad de RAM LPDDR4X de gran ancho de banda para ejecutar sin problemas sus juegos de PC con muchos gr\u00e1ficos y aplicaciones de edici\u00f3n de video, as\u00ed como numerosos programas y pesta\u00f1as del navegador, todo a la vez.<\/li>\n<li><strong>Unidad de estado s\u00f3lido de 1 TB (PCI-e)<\/strong><br \/>\nGuarde archivos r\u00e1pidamente y almacene m\u00e1s datos. Con grandes cantidades de almacenamiento y poder de comunicaci\u00f3n avanzado, los SSD PCI-e son excelentes para las principales aplicaciones de juegos, m\u00faltiples servidores, copias de seguridad diarias y m\u00e1s.<\/li>\n<li><strong>Gr\u00e1ficos NVIDIA GeForce RTX 3050 Ti V4G<\/strong><br \/>\nRespaldado por una memoria de video dedicada GDDR6 de 4GB para una GPU ultrarr\u00e1pida y avanzada para alimentar sus juegos.<\/li>\n<li><strong>Pesa 2,98 libras. y mide 0.62&#8243; de espesor<\/strong><br \/>\nDelgada y liviana para m\u00e1xima portabilidad, con un tama\u00f1o de pantalla de 13,4&#8243; y sin la unidad de DVD\/CD para lograr el factor de forma compacto. Bater\u00eda de iones de litio de 4 celdas.<\/li>\n<li><strong>La salida HDMI ampl\u00eda sus opciones de visualizaci\u00f3n<\/strong><br \/>\nCon\u00e9ctese a un HDTV o monitor de alta definici\u00f3n para configurar dos pantallas una al lado de la otra o simplemente ver m\u00e1s de la imagen general.<\/li>\n<li><strong>Conectividad inal\u00e1mbrica\/al\u00e1mbrica (WiFi 6 &#8211; 802.11ax)<\/strong><br \/>\nConectividad flexible de doble banda con mayor confiabilidad gracias a dos flujos de datos y antenas. Con\u00e9ctese a un enrutador Wi-Fi para experimentar velocidades Wi-Fi GB casi 3 veces m\u00e1s r\u00e1pidas que Wi-Fi 5 est\u00e1ndar con capacidad de respuesta mejorada para a\u00fan m\u00e1s dispositivos.<\/li>\n<li><strong>Retroiluminaci\u00f3n de teclado de luz blanca Chiclet<\/strong><br \/>\nLe permite disfrutar de una escritura c\u00f3moda y precisa, incluso con poca luz.<\/li>\n<li><strong>Paquete de software b\u00e1sico incluido<\/strong><br \/>\nPrueba de 30 d\u00edas de Microsoft Office 365.<\/li>\n<li><strong>puerto adicional<\/strong><br \/>\nConector combinado de auriculares\/micr\u00f3fono. Nota: esta computadora port\u00e1til no incluye una unidad de DVD\/CD incorporada.<\/li>\n<\/ul>\n<\/div>\n","protected":false},"excerpt":{"rendered":"<p>Port\u00e1til para juegos ASUS ROG.\u00a0Disfrute de los juegos diarios con esta computadora port\u00e1til ASUS.\u00a0El procesador AMD Ryzen 9 y 16 GB de RAM le permiten ejecutar juegos con muchos gr\u00e1ficos<\/p>\n","protected":false},"featured_media":90314,"comment_status":"open","ping_status":"closed","template":"","meta":{"_acf_changed":false,"_joinchat":[]},"product_brand":[],"product_cat":[1515,277,280,432],"product_tag":[],"class_list":{"0":"post-90313","1":"product","2":"type-product","3":"status-publish","4":"has-post-thumbnail","6":"product_cat-ofetas-zonagamer","7":"product_cat-zona-gamer","8":"product_cat-pc-gaming","9":"product_cat-laptops-gamer","11":"first","12":"instock","13":"sale","14":"shipping-taxable","15":"purchasable","16":"product-type-simple"},"acf":[],"_links":{"self":[{"href":"https:\/\/defabrica.com.mx\/defabrica\/wp-json\/wp\/v2\/product\/90313","targetHints":{"allow":["GET"]}}],"collection":[{"href":"https:\/\/defabrica.com.mx\/defabrica\/wp-json\/wp\/v2\/product"}],"about":[{"href":"https:\/\/defabrica.com.mx\/defabrica\/wp-json\/wp\/v2\/types\/product"}],"replies":[{"embeddable":true,"href":"https:\/\/defabrica.com.mx\/defabrica\/wp-json\/wp\/v2\/comments?post=90313"}],"wp:featuredmedia":[{"embeddable":true,"href":"https:\/\/defabrica.com.mx\/defabrica\/wp-json\/wp\/v2\/media\/90314"}],"wp:attachment":[{"href":"https:\/\/defabrica.com.mx\/defabrica\/wp-json\/wp\/v2\/media?parent=90313"}],"wp:term":[{"taxonomy":"product_brand","embeddable":true,"href":"https:\/\/defabrica.com.mx\/defabrica\/wp-json\/wp\/v2\/product_brand?post=90313"},{"taxonomy":"product_cat","embeddable":true,"href":"https:\/\/defabrica.com.mx\/defabrica\/wp-json\/wp\/v2\/product_cat?post=90313"},{"taxonomy":"product_tag","embeddable":true,"href":"https:\/\/defabrica.com.mx\/defabrica\/wp-json\/wp\/v2\/product_tag?post=90313"}],"curies":[{"name":"wp","href":"https:\/\/api.w.org\/{rel}","templated":true}]}}