{"id":90301,"date":"2022-07-16T14:30:50","date_gmt":"2022-07-16T19:30:50","guid":{"rendered":"https:\/\/defabrica.com.mx\/defabrica\/?post_type=product&#038;p=90301"},"modified":"2023-01-18T16:08:39","modified_gmt":"2023-01-18T22:08:39","slug":"asus-laptop-para-juegos-rog-zephyrus-14-fhd-144hz-amd-ryzen-7-memoria-ddr4-de-16gb-nvidia-geforce-rtx-3060-ssd-pcie-de-512gb-blanco-luna","status":"publish","type":"product","link":"https:\/\/defabrica.com.mx\/defabrica\/producto\/asus-laptop-para-juegos-rog-zephyrus-14-fhd-144hz-amd-ryzen-7-memoria-ddr4-de-16gb-nvidia-geforce-rtx-3060-ssd-pcie-de-512gb-blanco-luna\/","title":{"rendered":"ASUS &#8211; Laptop para juegos ROG Zephyrus 14&#8243; FHD 144Hz &#8211; AMD Ryzen 7 &#8211; Memoria DDR4 de 16GB &#8211; NVIDIA GeForce RTX 3060 &#8211; SSD PCIe de 512GB &#8211; Blanco luna"},"content":{"rendered":"<div class=\"embedded-component-container lv product-description\">\n<div>\n<div id=\"shop-product-description-88037017\" class=\"_none\" data-version=\"1.3.46\">\n<div class=\"shop-product-description\">\n<section class=\"align-heading-left\" data-reactroot=\"\">\n<div class=\"long-description-container body-copy \">\n<div class=\"html-fragment\">Juega como un profesional en Windows 11 con este ROG Zephyrus G14.\u00a0El ROG Zephyrus G14 incluye una CPU AMD Ryzen 7 5800HS de 8 n\u00facleos y una GPU NVIDIA GeForce RTX 3060.\u00a0Disfrute de una frecuencia de actualizaci\u00f3n r\u00e1pida de 144 Hz, 16 GB de RAM DDR4 y 512 GB de almacenamiento SSD PCIe, todo en un chasis liviano de 3.53 lbs.\u00a0El futuro es delgado y ligero.<\/div>\n<\/div>\n<\/section>\n<\/div>\n<\/div>\n<\/div>\n<\/div>\n<div class=\"embedded-component-container lv product-features\">\n<h3><\/h3>\n<h3 class=\"heading-5 v-fw-regular feature-heading\"><strong>Caracter\u00edsticas<\/strong><\/h3>\n<ul>\n<li><strong>Sistema operativo Windows 11<\/strong><br \/>\nFamilia, amigos, pasiones, m\u00fasica, creaciones, juegos: Windows 11 es el \u00fanico lugar para todo. Con una nueva sensaci\u00f3n y herramientas que hacen que sea m\u00e1s f\u00e1cil ser eficiente, tiene lo que necesita para lo que viene.<\/li>\n<li><strong>AMD Ryzen 7 5800HS<\/strong><br \/>\nPotencie sus juegos con la potente CPU AMD Ryzen 7 5800HS. 8 n\u00facleos y 16 subprocesos est\u00e1n listos para manejar los \u00faltimos juegos AAA.<\/li>\n<li><strong>Gr\u00e1ficos NVIDIA GeForce RTX 3060 6GB GDDR6<\/strong><br \/>\nNVIDIA GeForce RTX 3060 6 GB GDDR6 con ROG Boost hasta 1382 MHz a 60 W (80 W con Dynamic Boost 2.0) para una GPU ultrarr\u00e1pida para alimentar tus juegos.<\/li>\n<li><strong>Pantalla FHD de 14&#8243; de 144 Hz<\/strong><br \/>\nLa pantalla de nivel IPS de 144 Hz cuenta con una resoluci\u00f3n Full HD de 1920&#215;1080 que le brinda mucho espacio para barras de herramientas y pesta\u00f1as. La pantalla 100 % sRGB validada por PANTONE cuenta con una claridad y una precisi\u00f3n de color incre\u00edbles.<\/li>\n<li><strong>16 GB de memoria del sistema DDR4 de 3200 MHz de dos canales y de pr\u00f3xima generaci\u00f3n<\/strong><br \/>\n16 GB (8 GB + 8 GB) de memoria de doble canal aumentan significativamente el rendimiento, en comparaci\u00f3n con un solo canal, y el est\u00e1ndar de memoria de pr\u00f3xima generaci\u00f3n DDR5 de 4800 MHz ultrarr\u00e1pido permite que esta computadora port\u00e1til realice m\u00faltiples tareas con facilidad.<\/li>\n<li><strong>Unidad de estado s\u00f3lido de 512 GB<\/strong><br \/>\nGuarde archivos r\u00e1pidamente y almacene m\u00e1s datos y juegos. Con grandes cantidades de almacenamiento y poder de comunicaci\u00f3n avanzado, los SSD PCIe son excelentes para las principales aplicaciones de juegos, m\u00faltiples servidores, copias de seguridad diarias y m\u00e1s.<\/li>\n<li><strong>Pesa 3.53 libras y mide 0.70&#8243; de espesor<\/strong><br \/>\nEl G14 es un verdadero peso pluma para su clase, con un peso de solo 3,53 libras y un grosor de solo 0,70&#8243;. Este chasis extremadamente liviano significa que el G14 es excepcionalmente port\u00e1til, cabe incluso en bolsas peque\u00f1as y maletines de transporte.<\/li>\n<li><strong>Conectividad robusta<\/strong><br \/>\nROG Zephyrus G14 est\u00e1 lleno de conectividad. Con dos puertos USB 3.2 Gen 2 Tipo-C y dos puertos USB 3.2 Gen 2 Tipo-A, la m\u00e1quina tiene excelentes opciones incluso para dispositivos externos de alta velocidad.<\/li>\n<li><strong>Conectividad inal\u00e1mbrica\/por cable (WiFi 6)<\/strong><br \/>\nEl est\u00e1ndar WiFi 6 garantiza una latencia m\u00e1s baja y mejores conexiones de red, incluso en redes WiFi saturadas.<\/li>\n<li><strong>Refrigeraci\u00f3n inteligente ROG<\/strong><br \/>\nDisfruta de modos de refrigeraci\u00f3n inteligentes y din\u00e1micos con ROG Intelligent Cooling. Deje que el sistema elija autom\u00e1ticamente entre diferentes modos de enfriamiento, seg\u00fan lo exigentes que sean sus tareas.<\/li>\n<li><strong>Audio cristalino<\/strong><br \/>\nEl sistema de cuatro altavoces con tecnolog\u00eda de amplificador inteligente y compatibilidad con Dolby Atmos proporciona un excelente sonido est\u00e9reo para su contenido favorito. Para las comunicaciones de voz, AI Noise Cancelling mantiene las comunicaciones claras tanto para usted como para sus compa\u00f1eros de equipo, incluso en entornos ruidosos.<\/li>\n<li><strong>Teclado iluminado<\/strong><br \/>\nTrabaje o juegue en entornos con poca luz con facilidad.<\/li>\n<li><strong>Paquete de software b\u00e1sico incluido<\/strong><br \/>\nPrueba de 30 d\u00edas de Microsoft Office 365.<\/li>\n<li><strong>Puertos adicionales<\/strong><br \/>\nConector combinado de auriculares\/micr\u00f3fono. Nota: esta computadora port\u00e1til no incluye una unidad de DVD\/CD incorporada.<\/li>\n<\/ul>\n<\/div>\n","protected":false},"excerpt":{"rendered":"<p>Juega como un profesional en Windows 11 con este ROG Zephyrus G14.\u00a0El ROG Zephyrus G14 incluye una CPU AMD Ryzen 7 5800HS de 8 n\u00facleos y una GPU NVIDIA GeForce<\/p>\n","protected":false},"featured_media":90302,"comment_status":"open","ping_status":"closed","template":"","meta":{"_acf_changed":false,"_joinchat":[]},"product_brand":[],"product_cat":[277,280,432],"product_tag":[],"class_list":{"0":"post-90301","1":"product","2":"type-product","3":"status-publish","4":"has-post-thumbnail","6":"product_cat-zona-gamer","7":"product_cat-pc-gaming","8":"product_cat-laptops-gamer","10":"first","11":"instock","12":"sale","13":"shipping-taxable","14":"purchasable","15":"product-type-simple"},"acf":[],"_links":{"self":[{"href":"https:\/\/defabrica.com.mx\/defabrica\/wp-json\/wp\/v2\/product\/90301","targetHints":{"allow":["GET"]}}],"collection":[{"href":"https:\/\/defabrica.com.mx\/defabrica\/wp-json\/wp\/v2\/product"}],"about":[{"href":"https:\/\/defabrica.com.mx\/defabrica\/wp-json\/wp\/v2\/types\/product"}],"replies":[{"embeddable":true,"href":"https:\/\/defabrica.com.mx\/defabrica\/wp-json\/wp\/v2\/comments?post=90301"}],"wp:featuredmedia":[{"embeddable":true,"href":"https:\/\/defabrica.com.mx\/defabrica\/wp-json\/wp\/v2\/media\/90302"}],"wp:attachment":[{"href":"https:\/\/defabrica.com.mx\/defabrica\/wp-json\/wp\/v2\/media?parent=90301"}],"wp:term":[{"taxonomy":"product_brand","embeddable":true,"href":"https:\/\/defabrica.com.mx\/defabrica\/wp-json\/wp\/v2\/product_brand?post=90301"},{"taxonomy":"product_cat","embeddable":true,"href":"https:\/\/defabrica.com.mx\/defabrica\/wp-json\/wp\/v2\/product_cat?post=90301"},{"taxonomy":"product_tag","embeddable":true,"href":"https:\/\/defabrica.com.mx\/defabrica\/wp-json\/wp\/v2\/product_tag?post=90301"}],"curies":[{"name":"wp","href":"https:\/\/api.w.org\/{rel}","templated":true}]}}