{"id":90295,"date":"2022-07-16T14:24:33","date_gmt":"2022-07-16T19:24:33","guid":{"rendered":"https:\/\/defabrica.com.mx\/defabrica\/?post_type=product&#038;p=90295"},"modified":"2023-01-18T16:08:18","modified_gmt":"2023-01-18T22:08:18","slug":"asus-laptop-para-juegos-con-pantalla-tactil-rog-de-134-amd-ryzen-9-memoria-de-16-gb-graficos-nvidia-geforce-rtx-3050-ti-v4g-ssd-de-1-tb-negro-apagado","status":"publish","type":"product","link":"https:\/\/defabrica.com.mx\/defabrica\/producto\/asus-laptop-para-juegos-con-pantalla-tactil-rog-de-134-amd-ryzen-9-memoria-de-16-gb-graficos-nvidia-geforce-rtx-3050-ti-v4g-ssd-de-1-tb-negro-apagado\/","title":{"rendered":"ASUS &#8211; Laptop para juegos con pantalla t\u00e1ctil ROG de 13,4&#8243; &#8211; AMD Ryzen 9 &#8211; Memoria de 16 GB &#8211; Gr\u00e1ficos NVIDIA GeForce RTX 3050 Ti V4G &#8211; SSD de 1 TB &#8211; Negro apagado"},"content":{"rendered":"<div class=\"embedded-component-container lv product-description\">\n<div>\n<div id=\"shop-product-description-95558381\" class=\"_none\" data-version=\"1.3.46\">\n<div class=\"shop-product-description\">\n<section class=\"align-heading-left\" data-reactroot=\"\">\n<div class=\"long-description-container body-copy \">\n<div class=\"html-fragment\">Port\u00e1til para juegos ASUS ROG Flow X13.\u00a0Disfruta de juegos de computadora port\u00e1til reales con esta computadora port\u00e1til ASUS 2 en 1 y ve a\u00fan m\u00e1s lejos con el ROG XG Mobile Dock (se vende por separado).\u00a0El procesador AMD Ryzen 9 y 16 GB de RAM LPDDR5 le permiten ejecutar programas de forma r\u00e1pida y fluida, mientras que la potente GPU NVIDIA GeForce RTX 3050 Ti 4GB GDDR6 produce im\u00e1genes de alta calidad en la pantalla t\u00e1ctil de 120 Hz, 13,4 pulgadas, 1920 x 1200.\u00a0Un SSD PCIe 4.0 de 1 TB acorta los tiempos de carga y ofrece un amplio almacenamiento.<\/div>\n<\/div>\n<\/section>\n<\/div>\n<\/div>\n<\/div>\n<\/div>\n<div class=\"embedded-component-container lv product-features\">\n<h3 class=\"heading-5 v-fw-regular feature-heading\"><strong>Caracter\u00edsticas<\/strong><\/h3>\n<ul>\n<li><strong>Sistema operativo Windows 11<\/strong><br \/>\nFamilia, amigos, pasiones, m\u00fasica, creaciones, juegos: Windows 11 es el \u00fanico lugar para todo. Con una nueva sensaci\u00f3n y herramientas que hacen que sea m\u00e1s f\u00e1cil ser eficiente, tiene lo que necesita para lo que viene.<\/li>\n<li><strong>Ajuste de 360 \u200b\u200bgrados<\/strong><br \/>\nLleva el X13 a donde necesites ir. La computadora port\u00e1til 2 en 1 se puede abrir hasta 360 grados, lo que garantiza \u00e1ngulos de visi\u00f3n \u00f3ptimos para sus juegos o pel\u00edculas favoritos, sin importar d\u00f3nde use el X13.<\/li>\n<li><strong>AMD Ryzen 9 6900HS<\/strong><br \/>\nPotencie sus juegos con la \u00faltima CPU AMD Ryzen 9 6900HS. 8 n\u00facleos y 16 subprocesos est\u00e1n listos para manejar los \u00faltimos juegos AAA.<\/li>\n<li><strong>Gr\u00e1ficos NVIDIA GeForce RTX 3050 Ti 4GB GDDR6<\/strong><br \/>\nNVIDIA GeForce RTX 3050 Ti 4GB GDDR6 con ROG Boost hasta 1135MHz a 35W (40W con Dynamic Boost 2.0) para una GPU ultrarr\u00e1pida para alimentar tus juegos.<\/li>\n<li><strong>Pantalla t\u00e1ctil WUXGA de 13,4&#8243; con frecuencia de actualizaci\u00f3n de 120 Hz<\/strong><br \/>\nLa pantalla ultrabrillante de 120 Hz y 500 nits presenta una resoluci\u00f3n de 16:10 1920&#215;1200 que le brinda m\u00e1s espacio para barras de herramientas y pesta\u00f1as.<\/li>\n<li><strong>16 GB de memoria del sistema LPDDR5 6400Mhz de pr\u00f3xima generaci\u00f3n<\/strong><br \/>\nCon una capacidad de 16 GB normalmente reservada para estaciones de trabajo de gama alta, la memoria LPDDR5 ultrarr\u00e1pida de 6400 MHz permite que el Flow X13 realice m\u00faltiples tareas con facilidad.<\/li>\n<li><strong>Unidad de estado s\u00f3lido de 1 TB (PCIe Gen4)<\/strong><br \/>\nGuarde archivos r\u00e1pidamente y almacene m\u00e1s datos y juegos. Con grandes cantidades de almacenamiento y poder de comunicaci\u00f3n avanzado, los SSD PCIe son excelentes para las principales aplicaciones de juegos, m\u00faltiples servidores, copias de seguridad diarias y m\u00e1s.<\/li>\n<li><strong>Su elecci\u00f3n de Nvidia Optimus o conmutador MUX para el modo GPU directo<\/strong><br \/>\nLa tecnolog\u00eda NVIDIA Optimus optimiza de manera inteligente su computadora port\u00e1til, al mismo tiempo que extiende la duraci\u00f3n de la bater\u00eda para disfrutar m\u00e1s tiempo.<\/li>\n<li><strong>Pesa 2,87 libras y mide 0,62&#8243; de grosor.<\/strong><br \/>\nEl X13 es un verdadero peso pluma, con un peso de solo 2.87 lb y un grosor de solo 0.62 \u00ab. Este chasis extremadamente liviano significa que el X13 es excepcionalmente port\u00e1til, cabe incluso en bolsas peque\u00f1as y maletines de transporte.<\/li>\n<li><strong>Conectividad robusta<\/strong><br \/>\nROG Flow X13 est\u00e1 lleno de conectividad. Con dos puertos USB 3.2 Gen2 Type-C y un puerto USB 3.2 Gen 2 Type-A, la m\u00e1quina tiene excelentes opciones incluso para dispositivos externos de alta velocidad.<\/li>\n<li><strong>Encendido con un enchufe *ROG XG Mobile se vende por separado.<\/strong><br \/>\nPara potencia de juego adicional y expansi\u00f3n de E\/S, el Flow Z13 es compatible con la familia XG Mobile de GPU externas, como el XG Mobile Dock con una GPU para computadora port\u00e1til NVIDIA\u00ae GeForce RTX\u2122 3080.<\/li>\n<li><strong>Conectividad inal\u00e1mbrica\/por cable (WiFi 6E)<\/strong><br \/>\nEl \u00faltimo est\u00e1ndar WiFi 6E garantiza una latencia m\u00e1s baja y mejores conexiones de red, incluso en redes WiFi saturadas.<\/li>\n<li><strong>Refrigeraci\u00f3n inteligente ROG<\/strong><br \/>\nDisfruta de modos de refrigeraci\u00f3n inteligentes y din\u00e1micos con ROG Intelligent Cooling. Deje que el sistema elija autom\u00e1ticamente entre diferentes modos de enfriamiento, seg\u00fan lo exigentes que sean sus tareas.<\/li>\n<li><strong>Audio cristalino<\/strong><br \/>\nLos altavoces Dual Smart Amp con soporte Dolby Atmos brindan un excelente sonido est\u00e9reo para su contenido favorito. Para las comunicaciones de voz, una matriz de 3 micr\u00f3fonos High SNR y AI Noise Cancelling mantienen las comunicaciones claras tanto para usted como para sus compa\u00f1eros de equipo, incluso en entornos ruidosos.<\/li>\n<li><strong>C\u00e1mara de 720p<\/strong><br \/>\nChatea por video con amigos y familiares usando la c\u00e1mara HD frontal.<\/li>\n<li><strong>Carga port\u00e1til tipo C de 100 W<\/strong><br \/>\nEl adaptador de 100 W incluido pesa solo 0,66 lb. A pesar de su tama\u00f1o compacto, es compatible con la tecnolog\u00eda de carga r\u00e1pida que puede cargar el X13 hasta en un 50 % en solo 30 minutos.<\/li>\n<li><strong>Paquete de software b\u00e1sico incluido<\/strong><br \/>\nPrueba de 30 d\u00edas de Microsoft Office 365.<\/li>\n<li><strong>Puertos adicionales<\/strong><br \/>\nConector combinado de auriculares\/micr\u00f3fono. Nota: esta computadora port\u00e1til no incluye una unidad de DVD\/CD incorporada.<\/li>\n<\/ul>\n<\/div>\n","protected":false},"excerpt":{"rendered":"<p>Port\u00e1til para juegos ASUS ROG Flow X13.\u00a0Disfruta de juegos de computadora port\u00e1til reales con esta computadora port\u00e1til ASUS 2 en 1 y ve a\u00fan m\u00e1s lejos con el ROG XG<\/p>\n","protected":false},"featured_media":90296,"comment_status":"open","ping_status":"closed","template":"","meta":{"_acf_changed":false,"_joinchat":[]},"product_brand":[],"product_cat":[1515,277,280,432],"product_tag":[],"class_list":{"0":"post-90295","1":"product","2":"type-product","3":"status-publish","4":"has-post-thumbnail","6":"product_cat-ofetas-zonagamer","7":"product_cat-zona-gamer","8":"product_cat-pc-gaming","9":"product_cat-laptops-gamer","11":"first","12":"instock","13":"sale","14":"shipping-taxable","15":"purchasable","16":"product-type-simple"},"acf":[],"_links":{"self":[{"href":"https:\/\/defabrica.com.mx\/defabrica\/wp-json\/wp\/v2\/product\/90295","targetHints":{"allow":["GET"]}}],"collection":[{"href":"https:\/\/defabrica.com.mx\/defabrica\/wp-json\/wp\/v2\/product"}],"about":[{"href":"https:\/\/defabrica.com.mx\/defabrica\/wp-json\/wp\/v2\/types\/product"}],"replies":[{"embeddable":true,"href":"https:\/\/defabrica.com.mx\/defabrica\/wp-json\/wp\/v2\/comments?post=90295"}],"wp:featuredmedia":[{"embeddable":true,"href":"https:\/\/defabrica.com.mx\/defabrica\/wp-json\/wp\/v2\/media\/90296"}],"wp:attachment":[{"href":"https:\/\/defabrica.com.mx\/defabrica\/wp-json\/wp\/v2\/media?parent=90295"}],"wp:term":[{"taxonomy":"product_brand","embeddable":true,"href":"https:\/\/defabrica.com.mx\/defabrica\/wp-json\/wp\/v2\/product_brand?post=90295"},{"taxonomy":"product_cat","embeddable":true,"href":"https:\/\/defabrica.com.mx\/defabrica\/wp-json\/wp\/v2\/product_cat?post=90295"},{"taxonomy":"product_tag","embeddable":true,"href":"https:\/\/defabrica.com.mx\/defabrica\/wp-json\/wp\/v2\/product_tag?post=90295"}],"curies":[{"name":"wp","href":"https:\/\/api.w.org\/{rel}","templated":true}]}}