{"id":90288,"date":"2022-07-16T14:20:34","date_gmt":"2022-07-16T19:20:34","guid":{"rendered":"https:\/\/defabrica.com.mx\/defabrica\/?post_type=product&#038;p=90288"},"modified":"2023-01-18T16:07:54","modified_gmt":"2023-01-18T22:07:54","slug":"asus-tableta-para-juegos-con-pantalla-tactil-rog-de-134-intel-core-i9-memoria-de-16-gb-graficos-nvidia-geforce-rtx-3050-ti-v4g-ssd-de-1-tb-negro","status":"publish","type":"product","link":"https:\/\/defabrica.com.mx\/defabrica\/producto\/asus-tableta-para-juegos-con-pantalla-tactil-rog-de-134-intel-core-i9-memoria-de-16-gb-graficos-nvidia-geforce-rtx-3050-ti-v4g-ssd-de-1-tb-negro\/","title":{"rendered":"ASUS &#8211; Tableta para juegos con pantalla t\u00e1ctil ROG de 13,4&#8243; &#8211; Intel Core i9 &#8211; Memoria de 16 GB &#8211; Gr\u00e1ficos NVIDIA GeForce RTX 3050 Ti V4G &#8211; SSD de 1 TB &#8211; Negro"},"content":{"rendered":"<div class=\"embedded-component-container lv product-description\">\n<div>\n<div id=\"shop-product-description-54495277\" class=\"_none\" data-version=\"1.3.46\">\n<div class=\"shop-product-description\">\n<section class=\"align-heading-left\" data-reactroot=\"\">\n<div class=\"long-description-container body-copy \">\n<div class=\"html-fragment\">Sum\u00e9rjase de lleno en la mejor experiencia de juegos de tableta en Windows 11. El ROG Flow Z13 incluye una GPU para computadora port\u00e1til Intel\u00ae Core\u2122 i9-12900H de 14 n\u00facleos y NVIDIA\u00ae GeForce RTX\u2122 3050 Ti en la tableta de juegos m\u00e1s poderosa.\u00a0Disfrute de una frecuencia de actualizaci\u00f3n r\u00e1pida de 120 Hz, 16 GB de RAM y 1 TB de almacenamiento SSD, todo en un chasis superligero de 2,6 libras.\u00a0El futuro es port\u00e1til.<\/div>\n<\/div>\n<\/section>\n<\/div>\n<\/div>\n<\/div>\n<\/div>\n<div class=\"embedded-component-container lv product-features\">\n<h3><\/h3>\n<h3 class=\"heading-5 v-fw-regular feature-heading\"><strong>Caracter\u00edsticas<\/strong><\/h3>\n<ul>\n<li><strong>Sistema operativo Windows 11<\/strong><br \/>\nFamilia, amigos, pasiones, m\u00fasica, creaciones, juegos: Windows 11 es el \u00fanico lugar para todo. Con una nueva sensaci\u00f3n y herramientas que hacen que sea m\u00e1s f\u00e1cil ser eficiente, tiene lo que necesita para lo que viene.<\/li>\n<li><strong>Ajuste de 170 grados<\/strong><br \/>\nLleva el Z13 a donde necesites ir. El pie de apoyo incorporado se puede abrir hasta 170 grados, lo que garantiza \u00e1ngulos de visi\u00f3n \u00f3ptimos para sus juegos o pel\u00edculas favoritas, sin importar d\u00f3nde use el Z13.<\/li>\n<li><strong>Intel\u00ae Core\u2122 i9-12900H de 12.\u00aa generaci\u00f3n<\/strong><br \/>\nPotencie sus juegos con la \u00faltima CPU Alder Lake Intel\u00ae Core\u2122 i9-12900H. 14 n\u00facleos y 20 subprocesos est\u00e1n listos para manejar los \u00faltimos juegos AAA.<\/li>\n<li><strong>Gr\u00e1ficos NVIDIA RTX 3050 Ti 4GB GDDR6<\/strong><br \/>\nNVIDIA GeForce RTX 3050 Ti 4GB GDDR6 con ROG Boost hasta 1135MHz a 35W (40W con Dynamic Boost 2.0) para una GPU ultrarr\u00e1pida para alimentar tus juegos.<\/li>\n<li><strong>Pantalla t\u00e1ctil WUXGA de 13,4&#8243; con frecuencia de actualizaci\u00f3n de 120 Hz<\/strong><br \/>\nLa pantalla ultrabrillante de 120 Hz y 500 nits presenta una resoluci\u00f3n de 16:10 1920&#215;1200 que le brinda m\u00e1s espacio para barras de herramientas y pesta\u00f1as.<\/li>\n<li><strong>16 GB de memoria del sistema LPDDR5 5200Mhz de pr\u00f3xima generaci\u00f3n<\/strong><br \/>\nCon una capacidad de 16 GB normalmente reservada para estaciones de trabajo de gama alta, la memoria LPDDR5 ultrarr\u00e1pida de 5200 MHz permite que el Flow Z13 realice m\u00faltiples tareas con facilidad.<\/li>\n<li><strong>Unidad de estado s\u00f3lido de 1 TB (PCIe Gen4)<\/strong><br \/>\nGuarde archivos r\u00e1pidamente y almacene m\u00e1s datos y juegos. Con grandes cantidades de almacenamiento y poder de comunicaci\u00f3n avanzado, los SSD PCIe son excelentes para las principales aplicaciones de juegos, m\u00faltiples servidores, copias de seguridad diarias y m\u00e1s.<\/li>\n<li><strong>Su elecci\u00f3n de Nvidia Optimus o conmutador MUX para el modo GPU directo<\/strong><br \/>\nLa tecnolog\u00eda NVIDIA Optimus optimiza de manera inteligente su computadora port\u00e1til, al mismo tiempo que extiende la duraci\u00f3n de la bater\u00eda para disfrutar m\u00e1s tiempo.<\/li>\n<li><strong>Pesa 2,60 libras y mide 0,47&#8243; de grosor.<\/strong><br \/>\nEl Z13 es un verdadero peso pluma, con un peso de solo 2.6 lb y solo 0.47 \u00abde grosor. Este chasis extremadamente liviano significa que el Z13 es excepcionalmente port\u00e1til, cabe incluso en bolsas peque\u00f1as y maletines de transporte.<\/li>\n<li><strong>Conectividad robusta<\/strong><br \/>\nROG Flow Z13 est\u00e1 lleno de conectividad. Con un puerto USB Tipo-A y un USB Tipo-C dedicado compatible con Thunderbolt\u2122 4, la m\u00e1quina tiene excelentes opciones incluso para dispositivos externos de alta velocidad.<\/li>\n<li><strong>Encendido con un enchufe *ROG XG Mobile se vende por separado.<\/strong><br \/>\nPara potencia de juego adicional y expansi\u00f3n de E\/S, el Flow Z13 es compatible con la familia XG Mobile de GPU externas, como el XG Mobile Dock con una GPU para computadora port\u00e1til NVIDIA\u00ae GeForce RTX\u2122 3080.<\/li>\n<li><strong>Conectividad inal\u00e1mbrica\/por cable (WiFi 6E)<\/strong><br \/>\nEl \u00faltimo est\u00e1ndar WiFi 6E garantiza una latencia m\u00e1s baja y mejores conexiones de red, incluso en redes WiFi saturadas.<\/li>\n<li><strong>Teclado desmontable para juegos ROG AURA RGB<\/strong><br \/>\nEl Flow Z13 fue dise\u00f1ado pensando en la versatilidad. Para una experiencia de juego de PC tradicional, conecte su mouse inal\u00e1mbrico favorito con nuestro teclado integrado.<\/li>\n<li><strong>Refrigeraci\u00f3n ambiental 0db<\/strong><br \/>\nDisfrute de una refrigeraci\u00f3n verdaderamente silenciosa con cargas de trabajo ligeras con el modo de refrigeraci\u00f3n ambiental de 0dB. En el modo de funcionamiento silencioso, el sistema de refrigeraci\u00f3n apaga todos los ventiladores durante las tareas diarias para disipar el calor de forma pasiva.<\/li>\n<li><strong>Enfriamiento de c\u00e1mara de vapor con metal l\u00edquido<\/strong><br \/>\nEl Z13 tambi\u00e9n viene con una c\u00e1mara de vapor, que tiene un \u00e1rea de superficie y una capacidad de enfriamiento significativamente mayores que un dise\u00f1o de tuber\u00eda de calor est\u00e1ndar.<\/li>\n<li><strong>Seguridad biom\u00e9trica<\/strong><br \/>\nProteja sus archivos con las funciones de seguridad Windows Hello y Fingerprint incluidas.<\/li>\n<li><strong>Audio cristalino<\/strong><br \/>\nLos altavoces Dual Smart Amp con soporte Dolby Atmos brindan un excelente sonido est\u00e9reo para su contenido favorito. Para las comunicaciones de voz, una matriz de 3 micr\u00f3fonos High SNR y AI Noise Cancelling mantienen las comunicaciones claras tanto para usted como para sus compa\u00f1eros de equipo, incluso en entornos ruidosos.<\/li>\n<li><strong>C\u00e1mara doble<\/strong><br \/>\nCapture la acci\u00f3n de la vida en movimiento con c\u00e1maras duales. Chatea por video con amigos y familiares usando la c\u00e1mara HD frontal, o toma fotos del mundo con la c\u00e1mara trasera de 8 megap\u00edxeles.<\/li>\n<li><strong>Carga port\u00e1til tipo C de 100 W<\/strong><br \/>\nEl adaptador de 100 W incluido pesa solo 0,66 lb. A pesar de su tama\u00f1o compacto, es compatible con la tecnolog\u00eda de carga r\u00e1pida que puede cargar el Z13 hasta en un 50 % en solo 30 minutos.<\/li>\n<li><strong>Paquete de software b\u00e1sico incluido<\/strong><br \/>\nPrueba de 30 d\u00edas de Microsoft Office 365.<\/li>\n<li><strong>Puertos adicionales<\/strong><br \/>\nConector combinado de auriculares\/micr\u00f3fono. Nota: esta computadora port\u00e1til no incluye una unidad de DVD\/CD incorporada.<\/li>\n<\/ul>\n<\/div>\n","protected":false},"excerpt":{"rendered":"<p>Sum\u00e9rjase de lleno en la mejor experiencia de juegos de tableta en Windows 11. El ROG Flow Z13 incluye una GPU para computadora port\u00e1til Intel\u00ae Core\u2122 i9-12900H de 14 n\u00facleos<\/p>\n","protected":false},"featured_media":90289,"comment_status":"open","ping_status":"closed","template":"","meta":{"_acf_changed":false,"_joinchat":[]},"product_brand":[],"product_cat":[277,280,432],"product_tag":[],"class_list":{"0":"post-90288","1":"product","2":"type-product","3":"status-publish","4":"has-post-thumbnail","6":"product_cat-zona-gamer","7":"product_cat-pc-gaming","8":"product_cat-laptops-gamer","10":"first","11":"instock","12":"sale","13":"shipping-taxable","14":"purchasable","15":"product-type-simple"},"acf":[],"_links":{"self":[{"href":"https:\/\/defabrica.com.mx\/defabrica\/wp-json\/wp\/v2\/product\/90288","targetHints":{"allow":["GET"]}}],"collection":[{"href":"https:\/\/defabrica.com.mx\/defabrica\/wp-json\/wp\/v2\/product"}],"about":[{"href":"https:\/\/defabrica.com.mx\/defabrica\/wp-json\/wp\/v2\/types\/product"}],"replies":[{"embeddable":true,"href":"https:\/\/defabrica.com.mx\/defabrica\/wp-json\/wp\/v2\/comments?post=90288"}],"wp:featuredmedia":[{"embeddable":true,"href":"https:\/\/defabrica.com.mx\/defabrica\/wp-json\/wp\/v2\/media\/90289"}],"wp:attachment":[{"href":"https:\/\/defabrica.com.mx\/defabrica\/wp-json\/wp\/v2\/media?parent=90288"}],"wp:term":[{"taxonomy":"product_brand","embeddable":true,"href":"https:\/\/defabrica.com.mx\/defabrica\/wp-json\/wp\/v2\/product_brand?post=90288"},{"taxonomy":"product_cat","embeddable":true,"href":"https:\/\/defabrica.com.mx\/defabrica\/wp-json\/wp\/v2\/product_cat?post=90288"},{"taxonomy":"product_tag","embeddable":true,"href":"https:\/\/defabrica.com.mx\/defabrica\/wp-json\/wp\/v2\/product_tag?post=90288"}],"curies":[{"name":"wp","href":"https:\/\/api.w.org\/{rel}","templated":true}]}}