{"id":90281,"date":"2022-07-16T14:14:29","date_gmt":"2022-07-16T19:14:29","guid":{"rendered":"https:\/\/defabrica.com.mx\/defabrica\/?post_type=product&#038;p=90281"},"modified":"2022-07-18T14:06:56","modified_gmt":"2022-07-18T19:06:56","slug":"asus-portatil-tuf-gaming-f15-de-156-intel-core-i7-memoria-de-16-gb-nvidia-geforce-rtx-3060-ssd-de-1-tb-gris-eclipse","status":"publish","type":"product","link":"https:\/\/defabrica.com.mx\/defabrica\/producto\/asus-portatil-tuf-gaming-f15-de-156-intel-core-i7-memoria-de-16-gb-nvidia-geforce-rtx-3060-ssd-de-1-tb-gris-eclipse\/","title":{"rendered":"ASUS &#8211; Port\u00e1til TUF Gaming F15 de 15,6&#8243; &#8211; Intel Core i7 &#8211; Memoria de 16 GB &#8211; NVIDIA GeForce RTX 3060 &#8211; SSD de 1 TB &#8211; Gris Eclipse"},"content":{"rendered":"<p>Supere a sus oponentes con este port\u00e1til para juegos ASUS TUF.\u00a0El procesador Intel Core i7 y 16 GB de RAM ejecutan t\u00edtulos modernos y aplicaciones de chat simult\u00e1neamente para realizar m\u00faltiples tareas f\u00e1cilmente, y el SSD de 1 TB ofrece un amplio almacenamiento para su colecci\u00f3n de juegos.\u00a0Esta computadora port\u00e1til para juegos ASUS TUF cuenta con una tarjeta gr\u00e1fica NVIDIA GeForce RTX Supere a sus oponentes con este port\u00e1til para juegos ASUS TUF.\u00a0El procesador Intel Core i7 y 16 GB de RAM ejecutan t\u00edtulos modernos y aplicaciones de chat simult\u00e1neamente para realizar m\u00faltiples tareas f\u00e1cilmente, y el SSD de 1 TB ofrece un amplio almacenamiento para su colecci\u00f3n de juegos.\u00a0Esta computadora port\u00e1til para juegos ASUS TUF cuenta con una tarjeta gr\u00e1fica NVIDIA GeForce RTX 3060 que brinda im\u00e1genes realistas en la pantalla Full HD de 15.6 pulgadas para un juego inmersivo.<\/p>\n<h3><\/h3>\n<h3 class=\"heading-5 v-fw-regular feature-heading\"><strong>Caracter\u00edsticas<\/strong><\/h3>\n<ul>\n<li><strong>sistema operativo Windows 10<\/strong><br \/>\nRecupera el men\u00fa Inicio de Windows 7 e introduce nuevas caracter\u00edsticas, como el navegador web Edge que le permite marcar p\u00e1ginas web en su pantalla.<\/li>\n<li><strong>Pantalla IPS Full HD de 15,6&#8243;<\/strong><br \/>\nSu resoluci\u00f3n de 1920 x 1080 con frecuencia de actualizaci\u00f3n de 144 Hz ofrece un color y una claridad impresionantes.<\/li>\n<li><strong>Procesador Intel\u00ae Core\u2122 i7-11800H de 11.\u00aa generaci\u00f3n<\/strong><br \/>\nPotente rendimiento de procesamiento de ocho n\u00facleos y 16 v\u00edas. La tecnolog\u00eda Intel Turbo Boost brinda energ\u00eda adicional din\u00e1mica cuando la necesita, al tiempo que aumenta la eficiencia energ\u00e9tica cuando no la necesita.<\/li>\n<li><strong>Memoria del sistema de 16 GB para multitarea y juegos intensos<\/strong><br \/>\nUna gran cantidad de memoria RAM DDR4 de gran ancho de banda le permite ejecutar sin problemas sus juegos de PC con muchos gr\u00e1ficos y aplicaciones de edici\u00f3n de video, as\u00ed como numerosos programas y pesta\u00f1as del navegador al mismo tiempo.<\/li>\n<li><strong>Unidad de estado s\u00f3lido NVMe de 1 TB<\/strong><br \/>\nGuarde archivos r\u00e1pidamente y almacene m\u00e1s datos. Con grandes cantidades de almacenamiento y poder de comunicaci\u00f3n avanzado, este SSD es perfecto para las principales aplicaciones de juegos, m\u00faltiples servidores, copias de seguridad diarias y m\u00e1s.<\/li>\n<li><strong>Gr\u00e1ficos NVIDIA GeForce RTX 3060<\/strong><br \/>\nRespaldado por una memoria de video dedicada GDDR6 de 6GB para una GPU ultrarr\u00e1pida y avanzada para alimentar sus juegos.<\/li>\n<li><strong>Dos altavoces de 2W<\/strong><br \/>\nEl sonido DTS crea una experiencia de sonido envolvente virtual para su m\u00fasica, pel\u00edculas, transmisi\u00f3n de contenido web y juegos.<\/li>\n<li><strong>Pesa 5.1 libras. y es de 1&#8243; de espesor<\/strong><br \/>\nDelgado y liviano para m\u00e1xima portabilidad, cuenta con un tama\u00f1o de pantalla de 15,6&#8243; y se omite una unidad de DVD\/CD para lograr el factor de forma compacto. Bater\u00eda de iones de litio de tres celdas.<\/li>\n<li><strong>La salida HDMI ampl\u00eda sus opciones de visualizaci\u00f3n<\/strong><br \/>\nCon\u00e9ctese a un televisor de alta definici\u00f3n o a un monitor de alta definici\u00f3n para configurar dos pantallas una al lado de la otra o simplemente ver m\u00e1s del panorama general.<\/li>\n<li><strong>Puerto Thunderbolt para conectar monitores avanzados y unidades externas<\/strong><br \/>\nEsta interfaz \u00fanica admite datos de alta velocidad y video de alta definici\u00f3n, adem\u00e1s de Power over Cable para dispositivos alimentados por bus, ideal para creadores de contenido digital.<\/li>\n<li><strong>Conectividad inal\u00e1mbrica\/por cable (Wi-Fi 6 &#8211; 802.11ax)<\/strong><br \/>\nConectividad flexible de doble banda con mayor confiabilidad gracias a dos flujos de datos y antenas. Con\u00e9ctese a un enrutador Wi-Fi para experimentar velocidades de GB Wi-Fi casi 3 veces m\u00e1s r\u00e1pidas que Wi-Fi 5 est\u00e1ndar con capacidad de respuesta mejorada para incluso m\u00e1s dispositivos.<\/li>\n<li><strong>C\u00e1mara web HD integrada con micr\u00f3fono<\/strong><br \/>\nFacilita el chat de video con familiares y amigos o la teleconferencia con colegas a trav\u00e9s de Skype u otras aplicaciones populares.<\/li>\n<li><strong>Teclado chiclet RGB<\/strong><br \/>\nLe permite disfrutar de una escritura c\u00f3moda y precisa, incluso con poca luz.<\/li>\n<li><strong>Paquete de software b\u00e1sico incluido<\/strong><br \/>\nPrueba de un mes de Microsoft Office 365.<\/li>\n<li><strong>puerto adicional<\/strong><br \/>\nConector combinado de auriculares\/micr\u00f3fono.<\/li>\n<\/ul>\n","protected":false},"excerpt":{"rendered":"<p>Supere a sus oponentes con este port\u00e1til para juegos ASUS TUF.\u00a0El procesador Intel Core i7 y 16 GB de RAM ejecutan t\u00edtulos modernos y aplicaciones de chat simult\u00e1neamente para realizar<\/p>\n","protected":false},"featured_media":90283,"comment_status":"open","ping_status":"closed","template":"","meta":{"_acf_changed":false,"_joinchat":[]},"product_brand":[],"product_cat":[1515,277,280,432],"product_tag":[],"class_list":{"0":"post-90281","1":"product","2":"type-product","3":"status-publish","4":"has-post-thumbnail","6":"product_cat-ofetas-zonagamer","7":"product_cat-zona-gamer","8":"product_cat-pc-gaming","9":"product_cat-laptops-gamer","11":"first","12":"instock","13":"sale","14":"shipping-taxable","15":"purchasable","16":"product-type-simple"},"acf":[],"_links":{"self":[{"href":"https:\/\/defabrica.com.mx\/defabrica\/wp-json\/wp\/v2\/product\/90281","targetHints":{"allow":["GET"]}}],"collection":[{"href":"https:\/\/defabrica.com.mx\/defabrica\/wp-json\/wp\/v2\/product"}],"about":[{"href":"https:\/\/defabrica.com.mx\/defabrica\/wp-json\/wp\/v2\/types\/product"}],"replies":[{"embeddable":true,"href":"https:\/\/defabrica.com.mx\/defabrica\/wp-json\/wp\/v2\/comments?post=90281"}],"wp:featuredmedia":[{"embeddable":true,"href":"https:\/\/defabrica.com.mx\/defabrica\/wp-json\/wp\/v2\/media\/90283"}],"wp:attachment":[{"href":"https:\/\/defabrica.com.mx\/defabrica\/wp-json\/wp\/v2\/media?parent=90281"}],"wp:term":[{"taxonomy":"product_brand","embeddable":true,"href":"https:\/\/defabrica.com.mx\/defabrica\/wp-json\/wp\/v2\/product_brand?post=90281"},{"taxonomy":"product_cat","embeddable":true,"href":"https:\/\/defabrica.com.mx\/defabrica\/wp-json\/wp\/v2\/product_cat?post=90281"},{"taxonomy":"product_tag","embeddable":true,"href":"https:\/\/defabrica.com.mx\/defabrica\/wp-json\/wp\/v2\/product_tag?post=90281"}],"curies":[{"name":"wp","href":"https:\/\/api.w.org\/{rel}","templated":true}]}}