{"id":90274,"date":"2022-07-16T14:10:49","date_gmt":"2022-07-16T19:10:49","guid":{"rendered":"https:\/\/defabrica.com.mx\/defabrica\/?post_type=product&#038;p=90274"},"modified":"2022-07-18T14:06:57","modified_gmt":"2022-07-18T19:06:57","slug":"asus-strix-scar-15-g533-laptop-para-juegos-de-15-6-intel-core-i9-memoria-de-16-gb-nvidia-geforce-rtx-3060-ssd-de-512-gb-negro-apagado","status":"publish","type":"product","link":"https:\/\/defabrica.com.mx\/defabrica\/producto\/asus-strix-scar-15-g533-laptop-para-juegos-de-15-6-intel-core-i9-memoria-de-16-gb-nvidia-geforce-rtx-3060-ssd-de-512-gb-negro-apagado\/","title":{"rendered":"ASUS &#8211; Strix SCAR 15 G533 Laptop para juegos de 15.6&#8243; &#8211; Intel Core i9 &#8211; Memoria de 16 GB &#8211; NVIDIA GeForce RTX 3060 &#8211; SSD de 512 GB &#8211; Negro apagado"},"content":{"rendered":"<div class=\"embedded-component-container lv product-description\">\n<div>\n<div id=\"shop-product-description-66828271\" class=\"_none\" data-version=\"1.3.46\">\n<div class=\"shop-product-description\">\n<section class=\"align-heading-left\" data-reactroot=\"\">\n<div class=\"long-description-container body-copy \">\n<div class=\"html-fragment\"><span>ROG &#8211; Rep\u00fablica de jugadores.\u00a0ROG se fund\u00f3 con el objetivo de crear las computadoras port\u00e1tiles para juegos m\u00e1s potentes y vers\u00e1tiles del mundo en la industria.\u00a0Nuestros dispositivos premium elevan las experiencias de juego destacando pantallas, gr\u00e1ficos y soluciones de enfriamiento innovadoras que llevan el rendimiento a nuevas alturas.<\/span><\/div>\n<\/div>\n<\/section>\n<\/div>\n<\/div>\n<\/div>\n<\/div>\n<div class=\"embedded-component-container lv product-features\">\n<h3><\/h3>\n<h3 class=\"heading-5 v-fw-regular feature-heading\"><strong>Caracter\u00edsticas<\/strong><\/h3>\n<ul>\n<li><strong>Pantalla de 15,6&#8243;<\/strong><br \/>\nLa tecnolog\u00eda IPS ofrece amplios \u00e1ngulos de visi\u00f3n. La resoluci\u00f3n de 1920 x 1080 muestra sus juegos y pel\u00edculas HD con colores y claridad impresionantes.<\/li>\n<li><strong>Memoria del sistema de 16 GB para multitarea y juegos intensos<\/strong><br \/>\nMontones de RAM DDR5 de alto ancho de banda para ejecutar sin problemas sus juegos de PC con muchos gr\u00e1ficos y aplicaciones de edici\u00f3n de video, as\u00ed como numerosos programas y pesta\u00f1as del navegador, todo a la vez.<\/li>\n<li><strong>Unidad de estado s\u00f3lido (SSD) de 512 GB<\/strong><br \/>\nSi bien ofrece menos espacio de almacenamiento que un disco duro, un SSD basado en flash no tiene partes m\u00f3viles, lo que resulta en tiempos de inicio y acceso a datos m\u00e1s r\u00e1pidos, sin ruido y menos producci\u00f3n de calor y consumo de energ\u00eda de la bater\u00eda.<\/li>\n<li><strong>Tarjeta gr\u00e1fica discreta NVIDIA GeForce RTX 3060<\/strong><br \/>\nTarjeta gr\u00e1fica discreta NVIDIA GeForce RTX 3060 para juegos y dise\u00f1o gr\u00e1fico que ofrece una experiencia visual \u00f3ptima<\/li>\n<li><strong>Pesa 5,29 libras y mide 1,07&#8243; de espesor<\/strong><br \/>\nDise\u00f1o delgado y liviano con unidad de DVD\/CD omitida para mejorar la portabilidad. Bater\u00eda de 4 celdas.<\/li>\n<li><strong>La salida HDMI ampl\u00eda sus opciones de visualizaci\u00f3n<\/strong><br \/>\nCon\u00e9ctese a un HDTV o monitor de alta definici\u00f3n para configurar dos pantallas una al lado de la otra o simplemente ver m\u00e1s de la imagen general.<\/li>\n<li><strong>Conectividad inal\u00e1mbrica\/al\u00e1mbrica (WiFi 6 &#8211; 802.11ax)<\/strong><br \/>\nConectividad flexible de doble banda con mayor confiabilidad gracias a dos flujos de datos y antenas. Con\u00e9ctese a un enrutador Wi-Fi para experimentar velocidades Wi-Fi GB casi 3 veces m\u00e1s r\u00e1pidas que Wi-Fi 5 est\u00e1ndar con capacidad de respuesta mejorada para a\u00fan m\u00e1s dispositivos.<\/li>\n<li><strong>Teclado iluminado<\/strong><br \/>\nTeclado retroiluminado Para escribir f\u00e1cilmente en condiciones de poca luz u oscuridad.<\/li>\n<\/ul>\n<\/div>\n","protected":false},"excerpt":{"rendered":"<p>ROG &#8211; Rep\u00fablica de jugadores.\u00a0ROG se fund\u00f3 con el objetivo de crear las computadoras port\u00e1tiles para juegos m\u00e1s potentes y vers\u00e1tiles del mundo en la industria.\u00a0Nuestros dispositivos premium elevan las<\/p>\n","protected":false},"featured_media":90276,"comment_status":"open","ping_status":"closed","template":"","meta":{"_acf_changed":false,"_joinchat":[]},"product_brand":[],"product_cat":[1515,277,280,432],"product_tag":[],"class_list":{"0":"post-90274","1":"product","2":"type-product","3":"status-publish","4":"has-post-thumbnail","6":"product_cat-ofetas-zonagamer","7":"product_cat-zona-gamer","8":"product_cat-pc-gaming","9":"product_cat-laptops-gamer","11":"first","12":"instock","13":"sale","14":"shipping-taxable","15":"purchasable","16":"product-type-simple"},"acf":[],"_links":{"self":[{"href":"https:\/\/defabrica.com.mx\/defabrica\/wp-json\/wp\/v2\/product\/90274","targetHints":{"allow":["GET"]}}],"collection":[{"href":"https:\/\/defabrica.com.mx\/defabrica\/wp-json\/wp\/v2\/product"}],"about":[{"href":"https:\/\/defabrica.com.mx\/defabrica\/wp-json\/wp\/v2\/types\/product"}],"replies":[{"embeddable":true,"href":"https:\/\/defabrica.com.mx\/defabrica\/wp-json\/wp\/v2\/comments?post=90274"}],"wp:featuredmedia":[{"embeddable":true,"href":"https:\/\/defabrica.com.mx\/defabrica\/wp-json\/wp\/v2\/media\/90276"}],"wp:attachment":[{"href":"https:\/\/defabrica.com.mx\/defabrica\/wp-json\/wp\/v2\/media?parent=90274"}],"wp:term":[{"taxonomy":"product_brand","embeddable":true,"href":"https:\/\/defabrica.com.mx\/defabrica\/wp-json\/wp\/v2\/product_brand?post=90274"},{"taxonomy":"product_cat","embeddable":true,"href":"https:\/\/defabrica.com.mx\/defabrica\/wp-json\/wp\/v2\/product_cat?post=90274"},{"taxonomy":"product_tag","embeddable":true,"href":"https:\/\/defabrica.com.mx\/defabrica\/wp-json\/wp\/v2\/product_tag?post=90274"}],"curies":[{"name":"wp","href":"https:\/\/api.w.org\/{rel}","templated":true}]}}