{"id":90207,"date":"2022-07-15T20:20:54","date_gmt":"2022-07-16T01:20:54","guid":{"rendered":"https:\/\/defabrica.com.mx\/defabrica\/?post_type=product&#038;p=90207"},"modified":"2023-01-18T15:20:07","modified_gmt":"2023-01-18T21:20:07","slug":"alienware-aw510k-teclado-mecanico-con-cable-de-tamano-completo-cherry-mx-low-profile-red-switch-gaming-keyboard-con-retroiluminacion-rgb-luz-lunar","status":"publish","type":"product","link":"https:\/\/defabrica.com.mx\/defabrica\/producto\/alienware-aw510k-teclado-mecanico-con-cable-de-tamano-completo-cherry-mx-low-profile-red-switch-gaming-keyboard-con-retroiluminacion-rgb-luz-lunar\/","title":{"rendered":"Alienware &#8211; AW510K Teclado mec\u00e1nico con cable de tama\u00f1o completo CHERRY MX Low Profile Red Switch Gaming Keyboard con retroiluminaci\u00f3n RGB &#8211; luz lunar"},"content":{"rendered":"<div class=\"embedded-component-container lv product-description\">\n<div>\n<div id=\"shop-product-description-55505740\" class=\"_none\" data-version=\"1.3.46\">\n<div class=\"shop-product-description\">\n<section class=\"align-heading-left\" data-reactroot=\"\">\n<div class=\"long-description-container body-copy \">\n<div class=\"html-fragment\">Juega como un profesional con este teclado mec\u00e1nico RGB de perfil bajo de Alienware.\u00a0El cable de 6,5 pies con un conector USB ofrece f\u00e1cil acceso a una amplia gama de computadoras para juegos, mientras que las teclas de bajo perfil Cherry MX ofrecen respuestas r\u00e1pidas y precisas para dominar f\u00e1cilmente el campo de batalla o la pista de carreras.\u00a0Este teclado mec\u00e1nico RGB de perfil bajo Alienware tiene teclas de control de volumen y multimedia dedicadas para manejar la reproducci\u00f3n sin problemas.<\/div>\n<\/div>\n<\/section>\n<\/div>\n<\/div>\n<\/div>\n<\/div>\n<div class=\"embedded-component-container lv product-features\">\n<h3><\/h3>\n<h3 class=\"heading-5 v-fw-regular feature-heading\"><strong>Caracter\u00edsticas<\/strong><\/h3>\n<ul>\n<li><strong>Controles de teclado<\/strong><br \/>\nIncluye silenciar, reproducir\/pausar, detener, retroceder, volumen, saltar hacia atr\u00e1s y saltar hacia adelante.<\/li>\n<li><strong>Altura del teclado ajustable<\/strong><br \/>\nAs\u00ed podr\u00e1s configurar el teclado donde te resulte m\u00e1s c\u00f3modo.<\/li>\n<li><strong>Teclado num\u00e9rico integrado<\/strong><br \/>\nPermite la entrada de datos simple cuando no est\u00e1 jugando para uso multifunci\u00f3n.<\/li>\n<li><strong>interfaz USB<\/strong><br \/>\nPermite una simple conexi\u00f3n por cable a su computadora.<\/li>\n<\/ul>\n<\/div>\n","protected":false},"excerpt":{"rendered":"<p>Juega como un profesional con este teclado mec\u00e1nico RGB de perfil bajo de Alienware.\u00a0El cable de 6,5 pies con un conector USB ofrece f\u00e1cil acceso a una amplia gama de<\/p>\n","protected":false},"featured_media":90209,"comment_status":"open","ping_status":"closed","template":"","meta":{"_acf_changed":false,"_joinchat":[]},"product_brand":[],"product_cat":[277,280,434],"product_tag":[],"class_list":{"0":"post-90207","1":"product","2":"type-product","3":"status-publish","4":"has-post-thumbnail","6":"product_cat-zona-gamer","7":"product_cat-pc-gaming","8":"product_cat-mouse-y-teclado-gamer","10":"first","11":"instock","12":"sale","13":"shipping-taxable","14":"purchasable","15":"product-type-simple"},"acf":[],"_links":{"self":[{"href":"https:\/\/defabrica.com.mx\/defabrica\/wp-json\/wp\/v2\/product\/90207","targetHints":{"allow":["GET"]}}],"collection":[{"href":"https:\/\/defabrica.com.mx\/defabrica\/wp-json\/wp\/v2\/product"}],"about":[{"href":"https:\/\/defabrica.com.mx\/defabrica\/wp-json\/wp\/v2\/types\/product"}],"replies":[{"embeddable":true,"href":"https:\/\/defabrica.com.mx\/defabrica\/wp-json\/wp\/v2\/comments?post=90207"}],"wp:featuredmedia":[{"embeddable":true,"href":"https:\/\/defabrica.com.mx\/defabrica\/wp-json\/wp\/v2\/media\/90209"}],"wp:attachment":[{"href":"https:\/\/defabrica.com.mx\/defabrica\/wp-json\/wp\/v2\/media?parent=90207"}],"wp:term":[{"taxonomy":"product_brand","embeddable":true,"href":"https:\/\/defabrica.com.mx\/defabrica\/wp-json\/wp\/v2\/product_brand?post=90207"},{"taxonomy":"product_cat","embeddable":true,"href":"https:\/\/defabrica.com.mx\/defabrica\/wp-json\/wp\/v2\/product_cat?post=90207"},{"taxonomy":"product_tag","embeddable":true,"href":"https:\/\/defabrica.com.mx\/defabrica\/wp-json\/wp\/v2\/product_tag?post=90207"}],"curies":[{"name":"wp","href":"https:\/\/api.w.org\/{rel}","templated":true}]}}