{"id":90201,"date":"2022-07-15T20:16:52","date_gmt":"2022-07-16T01:16:52","guid":{"rendered":"https:\/\/defabrica.com.mx\/defabrica\/?post_type=product&#038;p=90201"},"modified":"2023-01-18T15:19:45","modified_gmt":"2023-01-18T21:19:45","slug":"alienware-aw610m-raton-optico-para-juegos-con-cable-inalambrico-iluminacion-rgb-luz-lunar","status":"publish","type":"product","link":"https:\/\/defabrica.com.mx\/defabrica\/producto\/alienware-aw610m-raton-optico-para-juegos-con-cable-inalambrico-iluminacion-rgb-luz-lunar\/","title":{"rendered":"Alienware &#8211; AW610M Rat\u00f3n \u00f3ptico para juegos con cable\/inal\u00e1mbrico &#8211; Iluminaci\u00f3n RGB &#8211; Luz lunar"},"content":{"rendered":"<div class=\"embedded-component-container lv product-description\">\n<div>\n<div id=\"shop-product-description-67930621\" class=\"_none\" data-version=\"1.3.46\">\n<div class=\"shop-product-description\">\n<section class=\"align-heading-left\" data-reactroot=\"\">\n<div class=\"long-description-container body-copy \">\n<div class=\"html-fragment\">Haga que cada disparo cuente en una tormenta de fuego con este mouse para juegos Dell Alienware de modo dual.\u00a0La bater\u00eda LiIon recargable proporciona hasta 350 horas de juego y el cable desmontable de 6,5 pies ofrece una conectividad flexible.\u00a0Este mouse para juegos Dell Alienware de modo dual cuenta con un sensor \u00f3ptico de 16,000 ppp para una precisi\u00f3n r\u00e1pida y precisa en el campo de batalla, mientras que los siete botones programables le permiten personalizar los comandos m\u00e1s utilizados.<\/div>\n<\/div>\n<\/section>\n<\/div>\n<\/div>\n<\/div>\n<\/div>\n<div class=\"embedded-component-container lv product-features\">\n<h3><\/h3>\n<h3 class=\"heading-5 v-fw-regular feature-heading\"><strong>Caracter\u00edsticas<\/strong><\/h3>\n<ul>\n<li><strong>Bater\u00eda de larga duraci\u00f3n<\/strong><br \/>\nCon hasta 350 horas de juego con una sola carga de la bater\u00eda de iones de litio, puedes seguir luchando durante semanas.<\/li>\n<li><strong>Sensor de 16 000 ppp nativo de Alienware<\/strong><br \/>\nMu\u00e9vete con rapidez y precisi\u00f3n con el sensor personalizado de \u00faltima generaci\u00f3n.<\/li>\n<li><strong>Tasa de sondeo de 1000 Hz<\/strong><br \/>\nJunto con una aceleraci\u00f3n m\u00e1xima de 40 G, te permite estar al tanto de la acci\u00f3n.<\/li>\n<li><strong>AlienFX RGB totalmente personalizable<\/strong><br \/>\nLe ofrece un control de color de 16,8 m a trav\u00e9s de Alienware Command Center.<\/li>\n<li><strong>tecnolog\u00eda \u00f3ptica<\/strong><br \/>\nLas luces LED escanean la superficie debajo del mouse para detectar movimiento con bastante precisi\u00f3n, adecuado para la inform\u00e1tica y la navegaci\u00f3n diarias.<\/li>\n<li><strong>interruptores OMRON<\/strong><br \/>\nDurabilidad de hasta 20 millones de clics.<\/li>\n<li><strong>7 botones programables<\/strong><br \/>\nTotalmente programable con Alienware Command Center.<\/li>\n<li><strong>Dise\u00f1o sin bordes<\/strong><br \/>\nAdmite estilos de agarre de garra o de palma. El dise\u00f1o ergon\u00f3mico \u00fanico ofrece estabilidad mejorada y amortiguaci\u00f3n en la palma, para que pueda concentrarse durante las sesiones de marat\u00f3n.<\/li>\n<li><strong>Conexi\u00f3n al\u00e1mbrica e inal\u00e1mbrica de modo dual<\/strong><br \/>\nSu mouse no perder\u00e1 rendimiento, ya sea que est\u00e9 conectado o no, incluso cuando se est\u00e1 cargando.<\/li>\n<li><strong>Compatible con la mayor\u00eda de las versiones de Windows<\/strong><br \/>\nFunciona con la mayor\u00eda de las PC.<\/li>\n<\/ul>\n<\/div>\n","protected":false},"excerpt":{"rendered":"<p>Haga que cada disparo cuente en una tormenta de fuego con este mouse para juegos Dell Alienware de modo dual.\u00a0La bater\u00eda LiIon recargable proporciona hasta 350 horas de juego y<\/p>\n","protected":false},"featured_media":90202,"comment_status":"open","ping_status":"closed","template":"","meta":{"_acf_changed":false,"_joinchat":[]},"product_brand":[],"product_cat":[277,280,434],"product_tag":[],"class_list":{"0":"post-90201","1":"product","2":"type-product","3":"status-publish","4":"has-post-thumbnail","6":"product_cat-zona-gamer","7":"product_cat-pc-gaming","8":"product_cat-mouse-y-teclado-gamer","10":"first","11":"instock","12":"sale","13":"shipping-taxable","14":"purchasable","15":"product-type-simple"},"acf":[],"_links":{"self":[{"href":"https:\/\/defabrica.com.mx\/defabrica\/wp-json\/wp\/v2\/product\/90201","targetHints":{"allow":["GET"]}}],"collection":[{"href":"https:\/\/defabrica.com.mx\/defabrica\/wp-json\/wp\/v2\/product"}],"about":[{"href":"https:\/\/defabrica.com.mx\/defabrica\/wp-json\/wp\/v2\/types\/product"}],"replies":[{"embeddable":true,"href":"https:\/\/defabrica.com.mx\/defabrica\/wp-json\/wp\/v2\/comments?post=90201"}],"wp:featuredmedia":[{"embeddable":true,"href":"https:\/\/defabrica.com.mx\/defabrica\/wp-json\/wp\/v2\/media\/90202"}],"wp:attachment":[{"href":"https:\/\/defabrica.com.mx\/defabrica\/wp-json\/wp\/v2\/media?parent=90201"}],"wp:term":[{"taxonomy":"product_brand","embeddable":true,"href":"https:\/\/defabrica.com.mx\/defabrica\/wp-json\/wp\/v2\/product_brand?post=90201"},{"taxonomy":"product_cat","embeddable":true,"href":"https:\/\/defabrica.com.mx\/defabrica\/wp-json\/wp\/v2\/product_cat?post=90201"},{"taxonomy":"product_tag","embeddable":true,"href":"https:\/\/defabrica.com.mx\/defabrica\/wp-json\/wp\/v2\/product_tag?post=90201"}],"curies":[{"name":"wp","href":"https:\/\/api.w.org\/{rel}","templated":true}]}}