{"id":90194,"date":"2022-07-15T20:14:15","date_gmt":"2022-07-16T01:14:15","guid":{"rendered":"https:\/\/defabrica.com.mx\/defabrica\/?post_type=product&#038;p=90194"},"modified":"2023-01-18T15:19:23","modified_gmt":"2023-01-18T21:19:23","slug":"alienware-aw410k-teclado-mecanico-de-tamano-completo-para-juegos-con-cable-cherry-mx-brown-switches-con-retroiluminacion-rgb-el-lado-oscuro-de-la-luna","status":"publish","type":"product","link":"https:\/\/defabrica.com.mx\/defabrica\/producto\/alienware-aw410k-teclado-mecanico-de-tamano-completo-para-juegos-con-cable-cherry-mx-brown-switches-con-retroiluminacion-rgb-el-lado-oscuro-de-la-luna\/","title":{"rendered":"Alienware &#8211; AW410K Teclado mec\u00e1nico de tama\u00f1o completo para juegos con cable CHERRY MX Brown Switches con retroiluminaci\u00f3n RGB &#8211; El lado oscuro de la luna"},"content":{"rendered":"<div class=\"embedded-component-container lv product-description\">\n<div>\n<div id=\"shop-product-description-10204505\" class=\"_none\" data-version=\"1.3.46\">\n<div class=\"shop-product-description\">\n<section class=\"align-heading-left\" data-reactroot=\"\">\n<div class=\"long-description-container body-copy \">\n<div class=\"html-fragment\">El teclado mec\u00e1nico para juegos Alienware RGB &#8211; AW410K &#8211; es un teclado para juegos completo que combina la funci\u00f3n y la inmersi\u00f3n al mismo tiempo que ofrece componentes l\u00edderes en la industria en un dise\u00f1o ic\u00f3nico.\u00a0Al incorporar teclas Cherry\u00ae MX en una arquitectura de teclas flotantes con anti-ghosting y memoria integrada, este teclado est\u00e1 dise\u00f1ado para juegos inmersivos y con capacidad de respuesta en un factor de forma compacto.\u00a0Los jugadores ahora pueden disfrutar de una mayor precisi\u00f3n gracias a las teclas Cherry\u00ae MX Brown l\u00edderes en la industria que combinan respuesta t\u00e1ctil y teclas de clic silencioso con una fuerza de actuaci\u00f3n baja.\u00a0Tambi\u00e9n pueden personalizar completamente su configuraci\u00f3n y obtener la experiencia de juego m\u00e1s inmersiva con la iluminaci\u00f3n RGB por tecla AlienFX, eligiendo entre aproximadamente 16,8 millones de colores para una experiencia de juego totalmente personalizada.\u00a0Dise\u00f1ado para la personalizaci\u00f3n,\u00a0este teclado para juegos cuenta con teclas totalmente programables para macros y asignaciones de teclas, mientras que los controles de audio dedicados permiten realizar ajustes r\u00e1pidos y precisos.\u00a0El teclado mec\u00e1nico para juegos Alienware RGB tambi\u00e9n tiene un dise\u00f1o ergon\u00f3mico con 3 configuraciones de ajuste de altura para una mayor comodidad.<\/div>\n<\/div>\n<\/section>\n<\/div>\n<\/div>\n<\/div>\n<\/div>\n<div class=\"embedded-component-container lv product-features\">\n<h3><\/h3>\n<h3 class=\"heading-5 v-fw-regular feature-heading\"><strong>Caracter\u00edsticas<\/strong><\/h3>\n<ul>\n<li><strong>Interruptores Cherry MX Marr\u00f3n<\/strong><br \/>\nCon los interruptores Cherry\u00ae MX Brown l\u00edderes en la industria, combina retroalimentaci\u00f3n t\u00e1ctil, teclas de clic silenciosas y comodidad para una actuaci\u00f3n r\u00e1pida y precisa, lo que lo convierte en un teclado popular tanto para jugar como para escribir.<\/li>\n<li><strong>Iluminaci\u00f3n AlienFX RGB<\/strong><br \/>\nObtenga la experiencia de juego m\u00e1s inmersiva con la iluminaci\u00f3n AlienFX RGB personalizable por tecla que ofrece aproximadamente 16,8 millones de colores.<\/li>\n<li><strong>Constru\u00eddo para perdurar<\/strong><br \/>\nInterruptores duraderos con una vida \u00fatil de hasta 100 millones de pulsaciones*<\/li>\n<li><strong>Teclas programables<\/strong><br \/>\nLas teclas totalmente programables con memoria integrada le permiten personalizar y configurar sus macros y teclas seg\u00fan sus preferencias<\/li>\n<li><strong>Dise\u00f1o ergon\u00f3mico<\/strong><br \/>\nDise\u00f1ado ergon\u00f3micamente con 3 configuraciones de ajuste de altura para permitirle escribir\/jugar c\u00f3modamente<\/li>\n<li><strong>Teclas flotantes<\/strong><br \/>\nLas teclas flotantes con los interruptores montados directamente en la placa superior de metal facilitan la limpieza<\/li>\n<li><strong>Anti-Ghosting y NKRO<\/strong><br \/>\n100 % anti-ghosting con N-Key Rollover (NKRO) evita que el teclado se congele durante intensas sesiones de juego.<\/li>\n<li><strong>transferencia USB<\/strong><br \/>\nEl paso de USB integrado le permite conectar su equipo (rat\u00f3n, auriculares o para cargar su tel\u00e9fono) de manera f\u00e1cil y conveniente sin tener que pasar por su PC<\/li>\n<li><strong>Teclas de control multimedia dedicadas<\/strong><br \/>\nFacilite el ajuste de su audio con precisi\u00f3n: Volumen y Silencio, Reproducir\/Pausar, Detener, Retroceder, Saltar hacia atr\u00e1s, Saltar hacia adelante botones<\/li>\n<li><strong>Centro de comando de Alienware<\/strong><br \/>\nDescargue Alienware Command Center para personalizar y programar las teclas y la iluminaci\u00f3n*<\/li>\n<li><strong>Otras caracter\u00edsticas y especificaciones<\/strong><br \/>\nCable de datos trenzado de nailon de 2 metros, \u00edndice de sondeo de 1000 HZ, construcci\u00f3n de aluminio serie 5000<\/li>\n<li><strong>Obtenga el ecosistema completo de Alienware<\/strong><br \/>\nConsulte los sistemas de juego Alienware y Dell para maximizar su experiencia de juego: Alienware M15, M17, Area-51, Aurora, Aurora Ryzen Edition y Dell G5 15, G7 15, G7 17, G5 Gaming Desktop<\/li>\n<\/ul>\n<\/div>\n","protected":false},"excerpt":{"rendered":"<p>El teclado mec\u00e1nico para juegos Alienware RGB &#8211; AW410K &#8211; es un teclado para juegos completo que combina la funci\u00f3n y la inmersi\u00f3n al mismo tiempo que ofrece componentes l\u00edderes<\/p>\n","protected":false},"featured_media":90195,"comment_status":"open","ping_status":"closed","template":"","meta":{"_acf_changed":false,"_joinchat":[]},"product_brand":[],"product_cat":[277,280,434],"product_tag":[],"class_list":{"0":"post-90194","1":"product","2":"type-product","3":"status-publish","4":"has-post-thumbnail","6":"product_cat-zona-gamer","7":"product_cat-pc-gaming","8":"product_cat-mouse-y-teclado-gamer","10":"first","11":"instock","12":"sale","13":"shipping-taxable","14":"purchasable","15":"product-type-simple"},"acf":[],"_links":{"self":[{"href":"https:\/\/defabrica.com.mx\/defabrica\/wp-json\/wp\/v2\/product\/90194","targetHints":{"allow":["GET"]}}],"collection":[{"href":"https:\/\/defabrica.com.mx\/defabrica\/wp-json\/wp\/v2\/product"}],"about":[{"href":"https:\/\/defabrica.com.mx\/defabrica\/wp-json\/wp\/v2\/types\/product"}],"replies":[{"embeddable":true,"href":"https:\/\/defabrica.com.mx\/defabrica\/wp-json\/wp\/v2\/comments?post=90194"}],"wp:featuredmedia":[{"embeddable":true,"href":"https:\/\/defabrica.com.mx\/defabrica\/wp-json\/wp\/v2\/media\/90195"}],"wp:attachment":[{"href":"https:\/\/defabrica.com.mx\/defabrica\/wp-json\/wp\/v2\/media?parent=90194"}],"wp:term":[{"taxonomy":"product_brand","embeddable":true,"href":"https:\/\/defabrica.com.mx\/defabrica\/wp-json\/wp\/v2\/product_brand?post=90194"},{"taxonomy":"product_cat","embeddable":true,"href":"https:\/\/defabrica.com.mx\/defabrica\/wp-json\/wp\/v2\/product_cat?post=90194"},{"taxonomy":"product_tag","embeddable":true,"href":"https:\/\/defabrica.com.mx\/defabrica\/wp-json\/wp\/v2\/product_tag?post=90194"}],"curies":[{"name":"wp","href":"https:\/\/api.w.org\/{rel}","templated":true}]}}