{"id":90189,"date":"2022-07-15T20:08:58","date_gmt":"2022-07-16T01:08:58","guid":{"rendered":"https:\/\/defabrica.com.mx\/defabrica\/?post_type=product&#038;p=90189"},"modified":"2023-01-18T15:18:44","modified_gmt":"2023-01-18T21:18:44","slug":"magic-keyboard-con-touch-id-y-teclado-numerico-para-modelos-mac-con-apple-silicon-negro","status":"publish","type":"product","link":"https:\/\/defabrica.com.mx\/defabrica\/producto\/magic-keyboard-con-touch-id-y-teclado-numerico-para-modelos-mac-con-apple-silicon-negro\/","title":{"rendered":"Magic Keyboard con Touch ID y teclado num\u00e9rico para modelos Mac con Apple silicon &#8211; Negro"},"content":{"rendered":"<div class=\"embedded-component-container lv product-description\">\n<div>\n<div id=\"shop-product-description-93930798\" class=\"_none\" data-version=\"1.3.46\">\n<div class=\"shop-product-description\">\n<section class=\"align-heading-left\" data-reactroot=\"\">\n<div class=\"long-description-container body-copy \">\n<div class=\"html-fragment\">Magic Keyboard ahora est\u00e1 disponible con Touch ID, lo que proporciona una autenticaci\u00f3n r\u00e1pida, f\u00e1cil y segura para inicios de sesi\u00f3n y compras.<\/div>\n<\/div>\n<\/section>\n<\/div>\n<\/div>\n<\/div>\n<\/div>\n<div class=\"embedded-component-container lv product-features\">\n<h3><\/h3>\n<h3 class=\"heading-5 v-fw-regular feature-heading\"><strong>Caracter\u00edsticas<\/strong><\/h3>\n<ul>\n<li><strong>Magic Keyboard con Touch ID y teclado num\u00e9rico ofrece una experiencia de escritura extraordinariamente c\u00f3moda y precisa<\/strong><\/li>\n<li><strong>Cuenta con un dise\u00f1o extendido, con controles de navegaci\u00f3n de documentos para un desplazamiento r\u00e1pido y teclas de flecha de tama\u00f1o completo, que son excelentes para jugar.<\/strong><\/li>\n<li><strong>El teclado num\u00e9rico tambi\u00e9n es ideal para hojas de c\u00e1lculo y aplicaciones financieras.<\/strong><\/li>\n<li><strong>Es inal\u00e1mbrico y recargable, con una bater\u00eda interna incre\u00edblemente duradera que alimentar\u00e1 su teclado durante aproximadamente un mes o m\u00e1s entre cargas\u00b9<\/strong><\/li>\n<li><strong>Se empareja autom\u00e1ticamente con su Mac, para que pueda ponerse a trabajar de inmediato<\/strong><\/li>\n<li><strong>E incluye un cable USB-C a Lightning tejido que le permite emparejar y cargar conect\u00e1ndolo a un puerto USB-C en su Mac<\/strong><\/li>\n<\/ul>\n<\/div>\n","protected":false},"excerpt":{"rendered":"<p>Magic Keyboard ahora est\u00e1 disponible con Touch ID, lo que proporciona una autenticaci\u00f3n r\u00e1pida, f\u00e1cil y segura para inicios de sesi\u00f3n y compras. Caracter\u00edsticas Magic Keyboard con Touch ID y<\/p>\n","protected":false},"featured_media":90190,"comment_status":"open","ping_status":"closed","template":"","meta":{"_acf_changed":false,"_joinchat":[]},"product_brand":[],"product_cat":[277,280,434],"product_tag":[],"class_list":{"0":"post-90189","1":"product","2":"type-product","3":"status-publish","4":"has-post-thumbnail","6":"product_cat-zona-gamer","7":"product_cat-pc-gaming","8":"product_cat-mouse-y-teclado-gamer","10":"first","11":"instock","12":"sale","13":"shipping-taxable","14":"purchasable","15":"product-type-simple"},"acf":[],"_links":{"self":[{"href":"https:\/\/defabrica.com.mx\/defabrica\/wp-json\/wp\/v2\/product\/90189","targetHints":{"allow":["GET"]}}],"collection":[{"href":"https:\/\/defabrica.com.mx\/defabrica\/wp-json\/wp\/v2\/product"}],"about":[{"href":"https:\/\/defabrica.com.mx\/defabrica\/wp-json\/wp\/v2\/types\/product"}],"replies":[{"embeddable":true,"href":"https:\/\/defabrica.com.mx\/defabrica\/wp-json\/wp\/v2\/comments?post=90189"}],"wp:featuredmedia":[{"embeddable":true,"href":"https:\/\/defabrica.com.mx\/defabrica\/wp-json\/wp\/v2\/media\/90190"}],"wp:attachment":[{"href":"https:\/\/defabrica.com.mx\/defabrica\/wp-json\/wp\/v2\/media?parent=90189"}],"wp:term":[{"taxonomy":"product_brand","embeddable":true,"href":"https:\/\/defabrica.com.mx\/defabrica\/wp-json\/wp\/v2\/product_brand?post=90189"},{"taxonomy":"product_cat","embeddable":true,"href":"https:\/\/defabrica.com.mx\/defabrica\/wp-json\/wp\/v2\/product_cat?post=90189"},{"taxonomy":"product_tag","embeddable":true,"href":"https:\/\/defabrica.com.mx\/defabrica\/wp-json\/wp\/v2\/product_tag?post=90189"}],"curies":[{"name":"wp","href":"https:\/\/api.w.org\/{rel}","templated":true}]}}