{"id":90187,"date":"2022-07-15T20:05:00","date_gmt":"2022-07-16T01:05:00","guid":{"rendered":"https:\/\/defabrica.com.mx\/defabrica\/?post_type=product&#038;p=90187"},"modified":"2023-01-18T15:18:16","modified_gmt":"2023-01-18T21:18:16","slug":"apple-mq052ll-a-teclado-magico-de-tijera-inalambrico-de-tamano-completo-con-teclado-numerico-plateado","status":"publish","type":"product","link":"https:\/\/defabrica.com.mx\/defabrica\/producto\/apple-mq052ll-a-teclado-magico-de-tijera-inalambrico-de-tamano-completo-con-teclado-numerico-plateado\/","title":{"rendered":"Apple &#8211; MQ052LL\/A Teclado m\u00e1gico de tijera inal\u00e1mbrico de tama\u00f1o completo con teclado num\u00e9rico &#8211; Plateado"},"content":{"rendered":"<div class=\"product-description\">Magic Keyboard con teclado num\u00e9rico presenta un dise\u00f1o extendido, con controles de navegaci\u00f3n de documentos para desplazamiento r\u00e1pido y teclas de flecha de tama\u00f1o completo para juegos.\u00a0Un mecanismo de tijera debajo de cada tecla permite una mayor estabilidad, mientras que el recorrido optimizado de la tecla y un perfil bajo brindan una experiencia de escritura c\u00f3moda y precisa.\u00a0El teclado num\u00e9rico tambi\u00e9n es ideal para hojas de c\u00e1lculo y aplicaciones financieras.\u00a0Y la bater\u00eda recargable incorporada es incre\u00edblemente duradera y alimenta su teclado durante aproximadamente un mes o m\u00e1s entre cargas.<\/div>\n<div class=\"product-description-banners-lv\">\n<div class=\"product-description-banner\" data-track=\"description-html-asset:Apple Brand Store at Best Buy.\">\n<h3><\/h3>\n<h3 class=\"heading-5 v-fw-regular feature-heading\"><strong>Caracter\u00edsticas<\/strong><\/h3>\n<ul>\n<li><strong>Magic Keyboard con teclado num\u00e9rico presenta un dise\u00f1o extendido, con controles de navegaci\u00f3n de documentos para desplazamiento r\u00e1pido y teclas de flecha de tama\u00f1o completo para juegos<\/strong><\/li>\n<li><strong>Un mecanismo de tijera debajo de cada tecla permite una mayor estabilidad, mientras que el recorrido optimizado de la tecla y un perfil bajo brindan una experiencia de escritura c\u00f3moda y precisa<\/strong><\/li>\n<li><strong>El teclado num\u00e9rico tambi\u00e9n es ideal para hojas de c\u00e1lculo y aplicaciones financieras.<\/strong><\/li>\n<li><strong>Y la bater\u00eda recargable incorporada es incre\u00edblemente duradera, alimentando su teclado durante aproximadamente un mes o m\u00e1s entre cargas*<\/strong><\/li>\n<\/ul>\n<\/div>\n<\/div>\n","protected":false},"excerpt":{"rendered":"<p>Magic Keyboard con teclado num\u00e9rico presenta un dise\u00f1o extendido, con controles de navegaci\u00f3n de documentos para desplazamiento r\u00e1pido y teclas de flecha de tama\u00f1o completo para juegos.\u00a0Un mecanismo de tijera<\/p>\n","protected":false},"featured_media":90188,"comment_status":"open","ping_status":"closed","template":"","meta":{"_acf_changed":false,"_joinchat":[]},"product_brand":[],"product_cat":[277,280,434],"product_tag":[],"class_list":{"0":"post-90187","1":"product","2":"type-product","3":"status-publish","4":"has-post-thumbnail","6":"product_cat-zona-gamer","7":"product_cat-pc-gaming","8":"product_cat-mouse-y-teclado-gamer","10":"first","11":"instock","12":"sale","13":"shipping-taxable","14":"purchasable","15":"product-type-simple"},"acf":[],"_links":{"self":[{"href":"https:\/\/defabrica.com.mx\/defabrica\/wp-json\/wp\/v2\/product\/90187","targetHints":{"allow":["GET"]}}],"collection":[{"href":"https:\/\/defabrica.com.mx\/defabrica\/wp-json\/wp\/v2\/product"}],"about":[{"href":"https:\/\/defabrica.com.mx\/defabrica\/wp-json\/wp\/v2\/types\/product"}],"replies":[{"embeddable":true,"href":"https:\/\/defabrica.com.mx\/defabrica\/wp-json\/wp\/v2\/comments?post=90187"}],"wp:featuredmedia":[{"embeddable":true,"href":"https:\/\/defabrica.com.mx\/defabrica\/wp-json\/wp\/v2\/media\/90188"}],"wp:attachment":[{"href":"https:\/\/defabrica.com.mx\/defabrica\/wp-json\/wp\/v2\/media?parent=90187"}],"wp:term":[{"taxonomy":"product_brand","embeddable":true,"href":"https:\/\/defabrica.com.mx\/defabrica\/wp-json\/wp\/v2\/product_brand?post=90187"},{"taxonomy":"product_cat","embeddable":true,"href":"https:\/\/defabrica.com.mx\/defabrica\/wp-json\/wp\/v2\/product_cat?post=90187"},{"taxonomy":"product_tag","embeddable":true,"href":"https:\/\/defabrica.com.mx\/defabrica\/wp-json\/wp\/v2\/product_tag?post=90187"}],"curies":[{"name":"wp","href":"https:\/\/api.w.org\/{rel}","templated":true}]}}