{"id":90179,"date":"2022-07-15T20:02:51","date_gmt":"2022-07-16T01:02:51","guid":{"rendered":"https:\/\/defabrica.com.mx\/defabrica\/?post_type=product&#038;p=90179"},"modified":"2023-01-18T15:17:22","modified_gmt":"2023-01-18T21:17:22","slug":"dell-raton-inalambrico-para-juegos-alienware-tri-mode-aw720m-luz-lunar","status":"publish","type":"product","link":"https:\/\/defabrica.com.mx\/defabrica\/producto\/dell-raton-inalambrico-para-juegos-alienware-tri-mode-aw720m-luz-lunar\/","title":{"rendered":"Dell &#8211; Rat\u00f3n inal\u00e1mbrico para juegos Alienware Tri-Mode &#8211; AW720M &#8211; luz lunar"},"content":{"rendered":"<div class=\"embedded-component-container lv product-description\">\n<div>\n<div id=\"shop-product-description-41362952\" class=\"_none\" data-version=\"1.3.46\">\n<div class=\"shop-product-description\">\n<section class=\"align-heading-left\" data-reactroot=\"\">\n<div class=\"long-description-container body-copy \">\n<div class=\"html-fragment\">\u00c1brete paso por los campos de batalla con un mouse inal\u00e1mbrico para juegos listo para la competencia con 26,000 DPI, un dise\u00f1o delgado y carga r\u00e1pida con cierre magn\u00e9tico.<\/div>\n<\/div>\n<\/section>\n<\/div>\n<\/div>\n<\/div>\n<\/div>\n<div class=\"embedded-component-container lv product-features\">\n<h3><\/h3>\n<h3 class=\"heading-5 v-fw-regular feature-heading\"><strong>Caracter\u00edsticas<\/strong><\/h3>\n<ul>\n<li><strong>D\u00e9 rienda suelta a la precisi\u00f3n m\u00e1xima<\/strong><br \/>\nDisfrute de un rendimiento excepcional con 26 000 DPI, seguimiento de hasta 650 IPS y sensores capaces de manejar hasta 50 G de aceleraci\u00f3n m\u00e1xima.<\/li>\n<li><strong>Juegos de marat\u00f3n bienvenidos<\/strong><br \/>\nCon\u00e9ctese a trav\u00e9s de un dongle inal\u00e1mbrico USB-C y obtenga hasta 140 horasi de juego s\u00f3lido y sin demoras. Alternativamente, obtenga hasta 420 horasi con una conexi\u00f3n Bluetooth.<\/li>\n<li><strong>Batalla sin compromiso<\/strong><br \/>\nLa carga magn\u00e9tica a presi\u00f3n es f\u00e1cil de conectar y desconectar, lo que le permite mantener su mouse encendido sin comprometer el rendimiento.<\/li>\n<li><strong>Cada minuto cuenta<\/strong><br \/>\nLa carga r\u00e1pida proporciona hasta 20 horas de juego, con solo cinco minutos de carga.<\/li>\n<li><strong>Conectividad trimodal<\/strong><br \/>\nExperimente un rendimiento suave como la seda con un dispositivo inal\u00e1mbrico USB-C de 2,4 GHz que cuenta con sondeo inal\u00e1mbrico de 1000 Hz. Alternativamente, conecte su AW720M con un cable USB-C o a trav\u00e9s de Bluetooth 5.1i.<\/li>\n<li><strong>Confort total<\/strong><br \/>\nSiete botones programables y agarres para el pulgar esculpidos en 3D se combinan con un dise\u00f1o m\u00e1s delgado y sim\u00e9trico para un agarre mejorado y ambidiestro.<\/li>\n<li><strong>Estilo premium<\/strong><br \/>\nCuando se trata de apariencia, el AW720M es \u00fanico en su clase, gracias al dise\u00f1o ic\u00f3nico de Alienware y la iluminaci\u00f3n AlienFX RGB que se sincroniza con el Alienware Command Center.<\/li>\n<li><strong>Detalles de acabado<\/strong><br \/>\nUna elegante opci\u00f3n de color Lunar Light complementa una superficie que es suave al tacto y resistente a las manchas, para una experiencia de juego tan impresionante como poderosa.<\/li>\n<\/ul>\n<\/div>\n","protected":false},"excerpt":{"rendered":"<p>\u00c1brete paso por los campos de batalla con un mouse inal\u00e1mbrico para juegos listo para la competencia con 26,000 DPI, un dise\u00f1o delgado y carga r\u00e1pida con cierre magn\u00e9tico. Caracter\u00edsticas<\/p>\n","protected":false},"featured_media":90181,"comment_status":"open","ping_status":"closed","template":"","meta":{"_acf_changed":false,"_joinchat":[]},"product_brand":[],"product_cat":[277,280,434],"product_tag":[],"class_list":{"0":"post-90179","1":"product","2":"type-product","3":"status-publish","4":"has-post-thumbnail","6":"product_cat-zona-gamer","7":"product_cat-pc-gaming","8":"product_cat-mouse-y-teclado-gamer","10":"first","11":"instock","12":"sale","13":"shipping-taxable","14":"purchasable","15":"product-type-simple"},"acf":[],"_links":{"self":[{"href":"https:\/\/defabrica.com.mx\/defabrica\/wp-json\/wp\/v2\/product\/90179","targetHints":{"allow":["GET"]}}],"collection":[{"href":"https:\/\/defabrica.com.mx\/defabrica\/wp-json\/wp\/v2\/product"}],"about":[{"href":"https:\/\/defabrica.com.mx\/defabrica\/wp-json\/wp\/v2\/types\/product"}],"replies":[{"embeddable":true,"href":"https:\/\/defabrica.com.mx\/defabrica\/wp-json\/wp\/v2\/comments?post=90179"}],"wp:featuredmedia":[{"embeddable":true,"href":"https:\/\/defabrica.com.mx\/defabrica\/wp-json\/wp\/v2\/media\/90181"}],"wp:attachment":[{"href":"https:\/\/defabrica.com.mx\/defabrica\/wp-json\/wp\/v2\/media?parent=90179"}],"wp:term":[{"taxonomy":"product_brand","embeddable":true,"href":"https:\/\/defabrica.com.mx\/defabrica\/wp-json\/wp\/v2\/product_brand?post=90179"},{"taxonomy":"product_cat","embeddable":true,"href":"https:\/\/defabrica.com.mx\/defabrica\/wp-json\/wp\/v2\/product_cat?post=90179"},{"taxonomy":"product_tag","embeddable":true,"href":"https:\/\/defabrica.com.mx\/defabrica\/wp-json\/wp\/v2\/product_tag?post=90179"}],"curies":[{"name":"wp","href":"https:\/\/api.w.org\/{rel}","templated":true}]}}