{"id":90154,"date":"2022-07-15T19:30:07","date_gmt":"2022-07-16T00:30:07","guid":{"rendered":"https:\/\/defabrica.com.mx\/defabrica\/?post_type=product&#038;p=90154"},"modified":"2023-01-18T15:07:56","modified_gmt":"2023-01-18T21:07:56","slug":"corsair-k70-rgb-mk-2-rapidfire-de-perfil-bajo-teclado-mecanico-para-juegos-con-interruptor-de-velocidad-cherry-mx-de-tamano-completo-con-cable-negro","status":"publish","type":"product","link":"https:\/\/defabrica.com.mx\/defabrica\/producto\/corsair-k70-rgb-mk-2-rapidfire-de-perfil-bajo-teclado-mecanico-para-juegos-con-interruptor-de-velocidad-cherry-mx-de-tamano-completo-con-cable-negro\/","title":{"rendered":"CORSAIR &#8211; K70 RGB MK.2 RAPIDFIRE DE PERFIL BAJO Teclado mec\u00e1nico para juegos con interruptor de velocidad Cherry MX de tama\u00f1o completo con cable &#8211; Negro"},"content":{"rendered":"<p>Mejore su juego con la precisi\u00f3n de este teclado para juegos Corsair K70 RGB MK.2.\u00a0Con interruptores mec\u00e1nicos CHERRY MX, este teclado ofrece pulsaciones de teclas receptivas con respuesta t\u00e1ctil satisfactoria para un juego m\u00e1s r\u00e1pido y preciso.\u00a0Este teclado para juegos Corsair K70 RGB MK.2 ofrece una durabilidad confiable y una vida \u00fatil impresionante con un marco de aluminio resistente y liviano.<\/p>\n<h3><\/h3>\n<h3 class=\"heading-5 v-fw-regular feature-heading\"><strong>Caracter\u00edsticas<\/strong><\/h3>\n<ul>\n<li><strong>Retroiluminaci\u00f3n RGB multicolor por tecla<\/strong><br \/>\nAhora m\u00e1s brillante que nunca gracias a los interruptores de llave de bajo perfil redise\u00f1ados.<\/li>\n<li><strong>Puerto de transferencia USB<\/strong><br \/>\nBrinda acceso conveniente a un puerto USB adicional para su mouse o auriculares.<\/li>\n<li><strong>Interruptores de llave mec\u00e1nicos CHERRY MX Speed<\/strong><br \/>\nLos interruptores de llave mec\u00e1nicos para juegos brindan el m\u00e1ximo rendimiento y una ventaja competitiva.<\/li>\n<li><strong>100 % anti-ghosting con transferencia de teclas completa (NKRO)<\/strong><br \/>\nGarantiza que sus comandos y pulsaciones de teclas simult\u00e1neas siempre se registren de la manera que pretend\u00eda.<\/li>\n<li><strong>Controles multimedia y de volumen dedicados<\/strong><br \/>\nLe permite ajustar su audio sin interrumpir su juego.<\/li>\n<li><strong>Dise\u00f1o moderno y delgado<\/strong><br \/>\nEl impresionante dise\u00f1o de l\u00ednea delgada se adapta sin esfuerzo a las configuraciones de escritorio modernas.<\/li>\n<li><strong>Marco de aluminio duradero<\/strong><br \/>\nEl marco de aluminio anodizado de grado aeron\u00e1utico garantiza una vida de juego.<\/li>\n<li><strong>Compatible con Windows<\/strong><br \/>\nPara usar con su computadora actual.<\/li>\n<\/ul>\n","protected":false},"excerpt":{"rendered":"<p>Mejore su juego con la precisi\u00f3n de este teclado para juegos Corsair K70 RGB MK.2.\u00a0Con interruptores mec\u00e1nicos CHERRY MX, este teclado ofrece pulsaciones de teclas receptivas con respuesta t\u00e1ctil satisfactoria<\/p>\n","protected":false},"featured_media":90155,"comment_status":"open","ping_status":"closed","template":"","meta":{"_acf_changed":false,"_joinchat":[]},"product_brand":[],"product_cat":[277,280,434],"product_tag":[],"class_list":{"0":"post-90154","1":"product","2":"type-product","3":"status-publish","4":"has-post-thumbnail","6":"product_cat-zona-gamer","7":"product_cat-pc-gaming","8":"product_cat-mouse-y-teclado-gamer","10":"first","11":"instock","12":"sale","13":"shipping-taxable","14":"purchasable","15":"product-type-simple"},"acf":[],"_links":{"self":[{"href":"https:\/\/defabrica.com.mx\/defabrica\/wp-json\/wp\/v2\/product\/90154","targetHints":{"allow":["GET"]}}],"collection":[{"href":"https:\/\/defabrica.com.mx\/defabrica\/wp-json\/wp\/v2\/product"}],"about":[{"href":"https:\/\/defabrica.com.mx\/defabrica\/wp-json\/wp\/v2\/types\/product"}],"replies":[{"embeddable":true,"href":"https:\/\/defabrica.com.mx\/defabrica\/wp-json\/wp\/v2\/comments?post=90154"}],"wp:featuredmedia":[{"embeddable":true,"href":"https:\/\/defabrica.com.mx\/defabrica\/wp-json\/wp\/v2\/media\/90155"}],"wp:attachment":[{"href":"https:\/\/defabrica.com.mx\/defabrica\/wp-json\/wp\/v2\/media?parent=90154"}],"wp:term":[{"taxonomy":"product_brand","embeddable":true,"href":"https:\/\/defabrica.com.mx\/defabrica\/wp-json\/wp\/v2\/product_brand?post=90154"},{"taxonomy":"product_cat","embeddable":true,"href":"https:\/\/defabrica.com.mx\/defabrica\/wp-json\/wp\/v2\/product_cat?post=90154"},{"taxonomy":"product_tag","embeddable":true,"href":"https:\/\/defabrica.com.mx\/defabrica\/wp-json\/wp\/v2\/product_tag?post=90154"}],"curies":[{"name":"wp","href":"https:\/\/api.w.org\/{rel}","templated":true}]}}