{"id":90137,"date":"2022-07-15T19:14:39","date_gmt":"2022-07-16T00:14:39","guid":{"rendered":"https:\/\/defabrica.com.mx\/defabrica\/?post_type=product&#038;p=90137"},"modified":"2023-01-18T15:06:53","modified_gmt":"2023-01-18T21:06:53","slug":"corsair-champion-series-sabre-pro-raton-optico-para-juegos-con-cable-ligero-con-diseno-ultraligero-de-69-g-negro","status":"publish","type":"product","link":"https:\/\/defabrica.com.mx\/defabrica\/producto\/corsair-champion-series-sabre-pro-raton-optico-para-juegos-con-cable-ligero-con-diseno-ultraligero-de-69-g-negro\/","title":{"rendered":"CORSAIR &#8211; CHAMPION SERIES SABRE PRO Rat\u00f3n \u00f3ptico para juegos con cable ligero con dise\u00f1o ultraligero de 69 g &#8211; Negro"},"content":{"rendered":"<div class=\"embedded-component-container lv product-description\">\n<div>\n<div id=\"shop-product-description-94411569\" class=\"_none\" data-version=\"1.3.46\">\n<div class=\"shop-product-description\">\n<section class=\"align-heading-left\" data-reactroot=\"\">\n<div class=\"long-description-container body-copy \">\n<div class=\"html-fragment\">El mouse para juegos CORSAIR SABRE PRO est\u00e1 dise\u00f1ado y probado por profesionales de los deportes electr\u00f3nicos, pesa 69 g ultraligero y est\u00e1 equipado con un cable de paraca\u00eddas flexible que reduce la resistencia para movimientos sensibles y sin obst\u00e1culos.\u00a0Los botones CORSAIR QUICKSTRIKE garantizan que cada clic sea inmediato y receptivo, mientras que la tecnolog\u00eda de hiperprocesamiento CORSAIR AXON proporciona entradas a su PC hasta 8 veces m\u00e1s r\u00e1pido con hipersondeo de 8000 Hz.\u00a0El SABRE PRO est\u00e1 equipado con un sensor \u00f3ptico de 18,000 DPI personalizable en pasos de 1 DPI, con un bot\u00f3n DPI en la parte inferior para recorrer cinco preajustes sobre la marcha.\u00a0Terminado con materiales de alta calidad, como interruptores OMRON con capacidad para 50 millones de clics, almohadillas deslizantes 100% PTFE y una placa de firma para su personalizaci\u00f3n, el SABRE PRO superar\u00e1 a la competencia.<\/div>\n<\/div>\n<\/section>\n<\/div>\n<\/div>\n<\/div>\n<\/div>\n<div class=\"embedded-component-container lv product-features\">\n<h3><\/h3>\n<h3 class=\"heading-5 v-fw-regular feature-heading\"><strong>Caracter\u00edsticas<\/strong><\/h3>\n<ul>\n<li><strong>Construido para campeones<\/strong><br \/>\nTe ayudamos a llevarte a la victoria con un mouse de calidad para torneos que presenta una forma ergon\u00f3mica c\u00f3moda para agarres de garra y palma, comodidad a largo plazo y movimiento r\u00e1pido con entradas hipersensibles.<\/li>\n<li><strong>Ultraligero, ultrarr\u00e1pido<\/strong><br \/>\nCon un peso de solo 69 g para admitir movimientos r\u00e1pidos y reflejos de contracci\u00f3n, el dise\u00f1o resistente del SABRE PRO se mantiene al d\u00eda con sus partidos m\u00e1s largos.<\/li>\n<li><strong>Botones CORSAIR QUICKSTRIKE<\/strong><br \/>\nEl dise\u00f1o con resorte ofrece un espacio cero entre los botones principales del mouse y sus interruptores, por lo que sus clics, disparos y hechizos son m\u00e1s r\u00e1pidos que nunca.<\/li>\n<li><strong>Tecnolog\u00eda de hiperprocesamiento CORSAIR AXON<\/strong><br \/>\nTransmite sus movimientos y clics a su PC hasta 8 veces m\u00e1s r\u00e1pido que los ratones para juegos convencionales con hipersondeo de 8000 Hz.<\/li>\n<li><strong>Cable Paracord reductor de arrastre<\/strong><br \/>\nUn cable extremadamente ligero y flexible con un tejido de paraca\u00eddas reduce dr\u00e1sticamente la resistencia para mantener los movimientos del rat\u00f3n fluidos y \u00e1giles.<\/li>\n<li><strong>Sensor \u00f3ptico nativo de 18 000 ppp<\/strong><br \/>\nUn sensor PixArt PMW3392 personalizado, con seguimiento de 450 IPS a una aceleraci\u00f3n de hasta 50G, brinda una precisi\u00f3n inigualable totalmente personalizable en pasos de resoluci\u00f3n de 1 DPI.<\/li>\n<li><strong>Interruptores OMRON duraderos<\/strong><br \/>\nConstruido con interruptores de clic izquierdo y derecho confiables de OMRON, lo que garantiza un rendimiento de nivel de torneo para 50 millones de clics.<\/li>\n<li><strong>Cinco ajustes preestablecidos de DPI integrados<\/strong><br \/>\nSe puede reprogramar para ajustar sus pasos de sensibilidad sobre la marcha y se puede alternar usando un bot\u00f3n DPI con indicador LED ubicado en la parte inferior del mouse para evitar cambios accidentales.<\/li>\n<li><strong>Almohadillas deslizantes 100% PTFE<\/strong><br \/>\nLos pies del mouse construidos con material de PTFE brindan el deslizamiento m\u00e1s suave y los movimientos m\u00e1s r\u00e1pidos, f\u00e1ciles de reemplazar si se desgastan en su viaje hacia la cima.<\/li>\n<li><strong>Haz tu movimiento caracter\u00edstico<\/strong><br \/>\nLa tira de firma del SABRE PRO le permite personalizar su mouse con su firma o la de su jugador favorito, un boceto personalizado o cualquier cosa que pueda imaginar.<\/li>\n<li><strong>Potente software iCUE<\/strong><br \/>\nPermite ajustes r\u00e1pidos de DPI, con macros personalizadas o reasignaciones de botones para los seis botones del mouse en una sola interfaz.<\/li>\n<\/ul>\n<\/div>\n","protected":false},"excerpt":{"rendered":"<p>El mouse para juegos CORSAIR SABRE PRO est\u00e1 dise\u00f1ado y probado por profesionales de los deportes electr\u00f3nicos, pesa 69 g ultraligero y est\u00e1 equipado con un cable de paraca\u00eddas flexible<\/p>\n","protected":false},"featured_media":90138,"comment_status":"open","ping_status":"closed","template":"","meta":{"_acf_changed":false,"_joinchat":[]},"product_brand":[],"product_cat":[277,280,434],"product_tag":[],"class_list":{"0":"post-90137","1":"product","2":"type-product","3":"status-publish","4":"has-post-thumbnail","6":"product_cat-zona-gamer","7":"product_cat-pc-gaming","8":"product_cat-mouse-y-teclado-gamer","10":"first","11":"instock","12":"sale","13":"shipping-taxable","14":"purchasable","15":"product-type-simple"},"acf":[],"_links":{"self":[{"href":"https:\/\/defabrica.com.mx\/defabrica\/wp-json\/wp\/v2\/product\/90137","targetHints":{"allow":["GET"]}}],"collection":[{"href":"https:\/\/defabrica.com.mx\/defabrica\/wp-json\/wp\/v2\/product"}],"about":[{"href":"https:\/\/defabrica.com.mx\/defabrica\/wp-json\/wp\/v2\/types\/product"}],"replies":[{"embeddable":true,"href":"https:\/\/defabrica.com.mx\/defabrica\/wp-json\/wp\/v2\/comments?post=90137"}],"wp:featuredmedia":[{"embeddable":true,"href":"https:\/\/defabrica.com.mx\/defabrica\/wp-json\/wp\/v2\/media\/90138"}],"wp:attachment":[{"href":"https:\/\/defabrica.com.mx\/defabrica\/wp-json\/wp\/v2\/media?parent=90137"}],"wp:term":[{"taxonomy":"product_brand","embeddable":true,"href":"https:\/\/defabrica.com.mx\/defabrica\/wp-json\/wp\/v2\/product_brand?post=90137"},{"taxonomy":"product_cat","embeddable":true,"href":"https:\/\/defabrica.com.mx\/defabrica\/wp-json\/wp\/v2\/product_cat?post=90137"},{"taxonomy":"product_tag","embeddable":true,"href":"https:\/\/defabrica.com.mx\/defabrica\/wp-json\/wp\/v2\/product_tag?post=90137"}],"curies":[{"name":"wp","href":"https:\/\/api.w.org\/{rel}","templated":true}]}}