{"id":90124,"date":"2022-07-15T19:06:47","date_gmt":"2022-07-16T00:06:47","guid":{"rendered":"https:\/\/defabrica.com.mx\/defabrica\/?post_type=product&#038;p=90124"},"modified":"2023-01-18T15:05:56","modified_gmt":"2023-01-18T21:05:56","slug":"corsair-k70-pro-mini-wireless-60-rgb-mechanical-cherry-mx-speed-teclado-para-juegos-con-interruptor-lineal-con-interruptores-mx-intercambiables-negro","status":"publish","type":"product","link":"https:\/\/defabrica.com.mx\/defabrica\/producto\/corsair-k70-pro-mini-wireless-60-rgb-mechanical-cherry-mx-speed-teclado-para-juegos-con-interruptor-lineal-con-interruptores-mx-intercambiables-negro\/","title":{"rendered":"CORSAIR &#8211; K70 Pro Mini Wireless 60% RGB Mechanical Cherry MX SPEED Teclado para juegos con interruptor lineal con interruptores MX intercambiables &#8211; Negro"},"content":{"rendered":"<div class=\"embedded-component-container lv product-description\">\n<div>\n<div id=\"shop-product-description-30076790\" class=\"_none\" data-version=\"1.3.46\">\n<div class=\"shop-product-description\">\n<section class=\"align-heading-left\" data-reactroot=\"\">\n<div class=\"long-description-container body-copy \">\n<div class=\"html-fragment\">El teclado mec\u00e1nico para juegos CORSAIR K70 PRO MINI WIRELESS RGB 60 % ofrece un excelente rendimiento y personalizaci\u00f3n, y se conecta con SLIPSTREAM WIRELESS de menos de 1 ms, Bluetooth\u00ae o USB.\u00a0Los interruptores de llave mec\u00e1nicos CHERRY MX SPEED se pueden intercambiar f\u00e1cilmente con cualquier interruptor compatible con MX para una experiencia de juego y escritura personalizada.\u00a0Las duraderas teclas PBT DOUBLE-SHOT PRO y el marco de aluminio est\u00e1n iluminados por retroiluminaci\u00f3n RGB por tecla con un LightEdge de 360\u00b0.\u00a0La tecnolog\u00eda de hiperprocesamiento CORSAIR AXON transmite las pulsaciones de teclas hasta 8 veces m\u00e1s r\u00e1pido en el modo con cable USB.\u00a0Con hasta 200 horas de duraci\u00f3n de la bater\u00eda, el K70 PRO MINI WIRELESS ofrece un rendimiento personalizado, sin ataduras.<\/div>\n<\/div>\n<\/section>\n<\/div>\n<\/div>\n<\/div>\n<\/div>\n<div class=\"embedded-component-container lv product-features\">\n<h3><\/h3>\n<h3 class=\"heading-5 v-fw-regular feature-heading\"><strong>Caracter\u00edsticas<\/strong><\/h3>\n<ul>\n<li><strong>Haz lo tuyo<\/strong><br \/>\nUn teclado inal\u00e1mbrico para juegos de alto rendimiento en un factor de forma compacto del 60 % que es grande en personalizaci\u00f3n, con interruptores MX intercambiables y un LightEdge RGB de 360\u00b0.<\/li>\n<li><strong>Tres formas de conectarse<\/strong><br \/>\nPotente conectividad inal\u00e1mbrica con hipervelocidad, SLIPSTREAM WIRELESS de menos de 1 ms, Bluetooth de baja latencia o cable USB con hipersondeo CORSAIR AXON de 8000 Hz.<\/li>\n<li><strong>Personal\u00edzalo con los interruptores de llave intercambiables CHERRY MX SPEED<\/strong><br \/>\nEquipado con interruptores de llave CHERRY MX SPEED r\u00e1pidos de 100 millones de pulsaciones con un dise\u00f1o modular, f\u00e1cilmente reemplazable con cualquier combinaci\u00f3n de interruptores de 3 pines compatibles con MX para ajustar la disposici\u00f3n del interruptor de llave y jugar a su manera.<\/li>\n<li><strong>Marco de aluminio y factor de forma del 60 %<\/strong><br \/>\nUn factor de forma mini compacto se adapta f\u00e1cilmente incluso a los espacios m\u00e1s reducidos en el hogar o mientras viaja, en un marco de aluminio duradero.<\/li>\n<li><strong>Bater\u00eda de larga duraci\u00f3n con Per-Key RGB y 360\u00b0 LightEdge<\/strong><br \/>\nDisfrute de hasta 32 horas de duraci\u00f3n de la bater\u00eda inal\u00e1mbrica con retroiluminaci\u00f3n RGB brillante y un LightEdge radiante de 360\u00b0, o recorra la distancia con hasta 200 horas con la retroiluminaci\u00f3n apagada.<\/li>\n<li><strong>Teclas PBT DOUBLE-SHOT PRO<\/strong><br \/>\nLas teclas PBT moldeadas con precisi\u00f3n de 1,5 mm de grosor extremadamente duraderas resisten el desgaste, la decoloraci\u00f3n y el brillo.<\/li>\n<li><strong>Tecnolog\u00eda de hiperprocesamiento CORSAIR AXON<\/strong><br \/>\nProcese y transmita pulsaciones de teclas hasta 8 veces m\u00e1s r\u00e1pido que los teclados para juegos convencionales, mientras maneja sin problemas hasta 20 capas de efectos de iluminaci\u00f3n de hardware.<\/li>\n<li><strong>Accesos directos a bordo expansivos<\/strong><br \/>\nOfrezca comandos de teclado de tama\u00f1o completo y m\u00e9todos abreviados de control convenientes en un marco peque\u00f1o.<\/li>\n<li><strong>Mini tama\u00f1o, gran personalidad<\/strong><br \/>\nExprese su estilo a trav\u00e9s de la barra espaciadora radiante de policarbonato opcional incluida, la tecla con el logotipo de CORSAIR o su propio juego de teclas personalizadas, como las teclas multicolores CORSAIR PBT DOUBLE-SHOT PRO (se venden por separado).<\/li>\n<li><strong>Cable USB tipo C trenzado desmontable<\/strong><br \/>\nCon\u00e9ctese a su PC o Mac para el modo con cable USB y la carga.<\/li>\n<li><strong>Une tu configuraci\u00f3n<\/strong><br \/>\nEl potente software CORSAIR iCUE, compatible con Windows y macOS, permite el control din\u00e1mico de la iluminaci\u00f3n RGB, la reasignaci\u00f3n de teclas, la programaci\u00f3n de macros y las integraciones exclusivas con juegos seleccionados que convierten la iluminaci\u00f3n de su sistema en una extensi\u00f3n de la acci\u00f3n (solo en modo con cable).<\/li>\n<li><strong>8 MB de almacenamiento integrado<\/strong><br \/>\nAlmacene hasta 50 perfiles integrados con macros personalizadas y sus propios efectos de iluminaci\u00f3n RGB \u00fanicos y vibrantes con hasta 20 capas de iluminaci\u00f3n impulsadas por AXON.<\/li>\n<\/ul>\n<\/div>\n","protected":false},"excerpt":{"rendered":"<p>El teclado mec\u00e1nico para juegos CORSAIR K70 PRO MINI WIRELESS RGB 60 % ofrece un excelente rendimiento y personalizaci\u00f3n, y se conecta con SLIPSTREAM WIRELESS de menos de 1 ms,<\/p>\n","protected":false},"featured_media":90125,"comment_status":"open","ping_status":"closed","template":"","meta":{"_acf_changed":false,"_joinchat":[]},"product_brand":[],"product_cat":[277,280,434],"product_tag":[],"class_list":{"0":"post-90124","1":"product","2":"type-product","3":"status-publish","4":"has-post-thumbnail","6":"product_cat-zona-gamer","7":"product_cat-pc-gaming","8":"product_cat-mouse-y-teclado-gamer","10":"first","11":"instock","12":"sale","13":"shipping-taxable","14":"purchasable","15":"product-type-simple"},"acf":[],"_links":{"self":[{"href":"https:\/\/defabrica.com.mx\/defabrica\/wp-json\/wp\/v2\/product\/90124","targetHints":{"allow":["GET"]}}],"collection":[{"href":"https:\/\/defabrica.com.mx\/defabrica\/wp-json\/wp\/v2\/product"}],"about":[{"href":"https:\/\/defabrica.com.mx\/defabrica\/wp-json\/wp\/v2\/types\/product"}],"replies":[{"embeddable":true,"href":"https:\/\/defabrica.com.mx\/defabrica\/wp-json\/wp\/v2\/comments?post=90124"}],"wp:featuredmedia":[{"embeddable":true,"href":"https:\/\/defabrica.com.mx\/defabrica\/wp-json\/wp\/v2\/media\/90125"}],"wp:attachment":[{"href":"https:\/\/defabrica.com.mx\/defabrica\/wp-json\/wp\/v2\/media?parent=90124"}],"wp:term":[{"taxonomy":"product_brand","embeddable":true,"href":"https:\/\/defabrica.com.mx\/defabrica\/wp-json\/wp\/v2\/product_brand?post=90124"},{"taxonomy":"product_cat","embeddable":true,"href":"https:\/\/defabrica.com.mx\/defabrica\/wp-json\/wp\/v2\/product_cat?post=90124"},{"taxonomy":"product_tag","embeddable":true,"href":"https:\/\/defabrica.com.mx\/defabrica\/wp-json\/wp\/v2\/product_tag?post=90124"}],"curies":[{"name":"wp","href":"https:\/\/api.w.org\/{rel}","templated":true}]}}