{"id":90112,"date":"2022-07-15T18:56:37","date_gmt":"2022-07-15T23:56:37","guid":{"rendered":"https:\/\/defabrica.com.mx\/defabrica\/?post_type=product&#038;p=90112"},"modified":"2022-07-15T18:56:59","modified_gmt":"2022-07-15T23:56:59","slug":"corsair-k70-rgb-mk-2-rapidfire-teclado-para-juegos-con-interruptor-lineal-de-velocidad-cherry-mx-mecanico-con-cable-de-tamano-completo-con-paso-usb-negro","status":"publish","type":"product","link":"https:\/\/defabrica.com.mx\/defabrica\/producto\/corsair-k70-rgb-mk-2-rapidfire-teclado-para-juegos-con-interruptor-lineal-de-velocidad-cherry-mx-mecanico-con-cable-de-tamano-completo-con-paso-usb-negro\/","title":{"rendered":"CORSAIR &#8211; K70 RGB MK. 2 RAPIDFIRE Teclado para juegos con interruptor lineal de velocidad Cherry MX mec\u00e1nico con cable de tama\u00f1o completo con paso USB &#8211; Negro"},"content":{"rendered":"<p>&nbsp;<\/p>\n<div class=\"embedded-component-container lv product-description\">\n<div>\n<div id=\"shop-product-description-11832603\" class=\"_none\" data-version=\"1.3.46\">\n<div class=\"shop-product-description\">\n<section class=\"align-heading-left\" data-reactroot=\"\">\n<div class=\"long-description-container body-copy \">\n<div class=\"html-fragment\">Ejecute comandos con precisi\u00f3n con este teclado mec\u00e1nico para juegos CORSAIR RAPIDFIRE.\u00a0Su marco de aluminio de calidad aeron\u00e1utica est\u00e1 dise\u00f1ado para soportar los rigores de los juegos m\u00e1s intensos, y sus 8 MB de memoria integrada le permiten almacenar macros y configuraciones de iluminaci\u00f3n RGB.\u00a0Este teclado mec\u00e1nico para juegos CORSAIR RAPIDFIRE tiene un puerto USB para conectar un auricular o un mouse.<\/div>\n<\/div>\n<\/section>\n<\/div>\n<\/div>\n<\/div>\n<\/div>\n<div class=\"embedded-component-container lv product-features\">\n<h3><\/h3>\n<h3 class=\"heading-5 v-fw-regular feature-heading\"><strong>Caracter\u00edsticas<\/strong><\/h3>\n<ul>\n<li><strong>Puerto de transferencia USB<\/strong><br \/>\nCompatible con la mayor\u00eda de los ratones, adaptadores de auriculares inal\u00e1mbricos y tel\u00e9fonos m\u00f3viles.<\/li>\n<li><strong>Interruptores mec\u00e1nicos Cherry MX Speed<\/strong><br \/>\nOfrezca tiempos de respuesta r\u00e1pidos para una acci\u00f3n r\u00e1pida en el juego.<\/li>\n<li><strong>Controles de teclado<\/strong><br \/>\nIncluye volumen, silencio, brillo, reproducci\u00f3n\/pausa, parada, pista anterior, pista siguiente y m\u00e1s.<\/li>\n<li><strong>Altura del teclado ajustable y reposamanos<\/strong><br \/>\nPara mayor comodidad y apoyo.<\/li>\n<li><strong>Teclado num\u00e9rico integrado<\/strong><br \/>\nPermite la entrada de datos simple cuando no est\u00e1 jugando para uso multifunci\u00f3n.<\/li>\n<li><strong>interfaz USB<\/strong><br \/>\nPermite una simple conexi\u00f3n por cable a su computadora.<\/li>\n<\/ul>\n<\/div>\n","protected":false},"excerpt":{"rendered":"<p>&nbsp; Ejecute comandos con precisi\u00f3n con este teclado mec\u00e1nico para juegos CORSAIR RAPIDFIRE.\u00a0Su marco de aluminio de calidad aeron\u00e1utica est\u00e1 dise\u00f1ado para soportar los rigores de los juegos m\u00e1s intensos,<\/p>\n","protected":false},"featured_media":90113,"comment_status":"open","ping_status":"closed","template":"","meta":{"_acf_changed":false,"_joinchat":[]},"product_brand":[],"product_cat":[277,280,434],"product_tag":[],"class_list":{"0":"post-90112","1":"product","2":"type-product","3":"status-publish","4":"has-post-thumbnail","6":"product_cat-zona-gamer","7":"product_cat-pc-gaming","8":"product_cat-mouse-y-teclado-gamer","10":"first","11":"instock","12":"sale","13":"shipping-taxable","14":"purchasable","15":"product-type-simple"},"acf":[],"_links":{"self":[{"href":"https:\/\/defabrica.com.mx\/defabrica\/wp-json\/wp\/v2\/product\/90112","targetHints":{"allow":["GET"]}}],"collection":[{"href":"https:\/\/defabrica.com.mx\/defabrica\/wp-json\/wp\/v2\/product"}],"about":[{"href":"https:\/\/defabrica.com.mx\/defabrica\/wp-json\/wp\/v2\/types\/product"}],"replies":[{"embeddable":true,"href":"https:\/\/defabrica.com.mx\/defabrica\/wp-json\/wp\/v2\/comments?post=90112"}],"wp:featuredmedia":[{"embeddable":true,"href":"https:\/\/defabrica.com.mx\/defabrica\/wp-json\/wp\/v2\/media\/90113"}],"wp:attachment":[{"href":"https:\/\/defabrica.com.mx\/defabrica\/wp-json\/wp\/v2\/media?parent=90112"}],"wp:term":[{"taxonomy":"product_brand","embeddable":true,"href":"https:\/\/defabrica.com.mx\/defabrica\/wp-json\/wp\/v2\/product_brand?post=90112"},{"taxonomy":"product_cat","embeddable":true,"href":"https:\/\/defabrica.com.mx\/defabrica\/wp-json\/wp\/v2\/product_cat?post=90112"},{"taxonomy":"product_tag","embeddable":true,"href":"https:\/\/defabrica.com.mx\/defabrica\/wp-json\/wp\/v2\/product_tag?post=90112"}],"curies":[{"name":"wp","href":"https:\/\/api.w.org\/{rel}","templated":true}]}}