{"id":90100,"date":"2022-07-15T18:48:12","date_gmt":"2022-07-15T23:48:12","guid":{"rendered":"https:\/\/defabrica.com.mx\/defabrica\/?post_type=product&#038;p=90100"},"modified":"2022-07-15T18:48:12","modified_gmt":"2022-07-15T23:48:12","slug":"gamdias-gd-hermes-e3-60-rgb-teclado-mecanico-con-interruptor-rojo-con-cable-blanco","status":"publish","type":"product","link":"https:\/\/defabrica.com.mx\/defabrica\/producto\/gamdias-gd-hermes-e3-60-rgb-teclado-mecanico-con-interruptor-rojo-con-cable-blanco\/","title":{"rendered":"GAMDIAS &#8211; GD-HERMES E3 60% RGB Teclado mec\u00e1nico con interruptor ROJO con cable &#8211; Blanco"},"content":{"rendered":"<div class=\"embedded-component-container lv product-description\">\n<div>\n<div id=\"shop-product-description-31704226\" class=\"_none\" data-version=\"1.3.46\">\n<div class=\"shop-product-description\">\n<section class=\"align-heading-left\" data-reactroot=\"\">\n<div class=\"long-description-container body-copy \">\n<div class=\"html-fragment\"><span>El teclado mec\u00e1nico HERMES E3 RGB de 61 teclas es un teclado peque\u00f1o y potente que viene en un retoque cl\u00e1sico en blanco y negro con la funcionalidad N-Key Rollover y el sensor de percepci\u00f3n LED vertical junto con 19 efectos de iluminaci\u00f3n integrados alimentados por 16.8 millones de retroiluminaci\u00f3n RGB.<\/span><\/div>\n<\/div>\n<\/section>\n<\/div>\n<\/div>\n<\/div>\n<\/div>\n<div class=\"embedded-component-container lv product-features\">\n<h3><\/h3>\n<h3 class=\"heading-5 v-fw-regular feature-heading\"><strong>Caracter\u00edsticas<\/strong><\/h3>\n<ul>\n<li><strong>Iluminaci\u00f3n brillante<\/strong><br \/>\n\u00a1El HERMES E3 conserva 16,8 millones de colores envolventes RGB y 19 efectos de iluminaci\u00f3n crom\u00e1ticos a su disposici\u00f3n con un simple toque de la punta de su dedo!<\/li>\n<li><strong>Peque\u00f1o y elegante<\/strong><br \/>\nEl teclado compacto de 61 teclas no solo es f\u00e1cil de operar y almacenar, sino que tambi\u00e9n cuenta con una s\u00f3lida placa frontal y viene en acabado Classic Black o White para adaptarse perfectamente a todas las estaciones de batalla.<\/li>\n<li><strong>En la rutina<\/strong><br \/>\nAtraviese los campos de batalla con los interruptores mec\u00e1nicos para juegos certificados por GAMDIAS, que ofrecen hasta 50 millones de pulsaciones de teclas y brindan una respuesta t\u00e1ctil y eficiente.<\/li>\n<li><strong>Control superior<\/strong><br \/>\nObtenga un control completo utilizando los interruptores mec\u00e1nicos sensibles con un sensor de percepci\u00f3n LED vertical incorporado y anti-efecto fantasma con N-Key rollover.<\/li>\n<\/ul>\n<\/div>\n","protected":false},"excerpt":{"rendered":"<p>El teclado mec\u00e1nico HERMES E3 RGB de 61 teclas es un teclado peque\u00f1o y potente que viene en un retoque cl\u00e1sico en blanco y negro con la funcionalidad N-Key Rollover<\/p>\n","protected":false},"featured_media":90101,"comment_status":"open","ping_status":"closed","template":"","meta":{"_acf_changed":false,"_joinchat":[]},"product_brand":[],"product_cat":[277,280,434],"product_tag":[],"class_list":{"0":"post-90100","1":"product","2":"type-product","3":"status-publish","4":"has-post-thumbnail","6":"product_cat-zona-gamer","7":"product_cat-pc-gaming","8":"product_cat-mouse-y-teclado-gamer","10":"first","11":"instock","12":"sale","13":"shipping-taxable","14":"purchasable","15":"product-type-simple"},"acf":[],"_links":{"self":[{"href":"https:\/\/defabrica.com.mx\/defabrica\/wp-json\/wp\/v2\/product\/90100","targetHints":{"allow":["GET"]}}],"collection":[{"href":"https:\/\/defabrica.com.mx\/defabrica\/wp-json\/wp\/v2\/product"}],"about":[{"href":"https:\/\/defabrica.com.mx\/defabrica\/wp-json\/wp\/v2\/types\/product"}],"replies":[{"embeddable":true,"href":"https:\/\/defabrica.com.mx\/defabrica\/wp-json\/wp\/v2\/comments?post=90100"}],"wp:featuredmedia":[{"embeddable":true,"href":"https:\/\/defabrica.com.mx\/defabrica\/wp-json\/wp\/v2\/media\/90101"}],"wp:attachment":[{"href":"https:\/\/defabrica.com.mx\/defabrica\/wp-json\/wp\/v2\/media?parent=90100"}],"wp:term":[{"taxonomy":"product_brand","embeddable":true,"href":"https:\/\/defabrica.com.mx\/defabrica\/wp-json\/wp\/v2\/product_brand?post=90100"},{"taxonomy":"product_cat","embeddable":true,"href":"https:\/\/defabrica.com.mx\/defabrica\/wp-json\/wp\/v2\/product_cat?post=90100"},{"taxonomy":"product_tag","embeddable":true,"href":"https:\/\/defabrica.com.mx\/defabrica\/wp-json\/wp\/v2\/product_tag?post=90100"}],"curies":[{"name":"wp","href":"https:\/\/api.w.org\/{rel}","templated":true}]}}