{"id":90093,"date":"2022-07-15T18:44:21","date_gmt":"2022-07-15T23:44:21","guid":{"rendered":"https:\/\/defabrica.com.mx\/defabrica\/?post_type=product&#038;p=90093"},"modified":"2022-07-15T18:44:21","modified_gmt":"2022-07-15T23:44:21","slug":"hp-omen-raton-optico-para-juegos-con-cable-vector-con-peso-ajustable-negro","status":"publish","type":"product","link":"https:\/\/defabrica.com.mx\/defabrica\/producto\/hp-omen-raton-optico-para-juegos-con-cable-vector-con-peso-ajustable-negro\/","title":{"rendered":"HP OMEN &#8211; Rat\u00f3n \u00f3ptico para juegos con cable Vector con peso ajustable &#8211; Negro"},"content":{"rendered":"<div class=\"embedded-component-container lv product-description\">\n<div>\n<div id=\"shop-product-description-98395544\" class=\"_none\" data-version=\"1.3.46\">\n<div class=\"shop-product-description\">\n<section class=\"align-heading-left\" data-reactroot=\"\">\n<div class=\"long-description-container body-copy \">\n<div class=\"html-fragment\"><span>Prep\u00e1rate para experimentar el rendimiento en la palma de tu mano.\u00a0Con el sensor OMEN Radar 3 de grado E-sport que admite hasta 16,000 ppp, su precisi\u00f3n estar\u00e1 en el punto.<\/span><\/div>\n<\/div>\n<\/section>\n<\/div>\n<\/div>\n<\/div>\n<\/div>\n<div class=\"embedded-component-container lv product-features\">\n<h3><\/h3>\n<h3 class=\"heading-5 v-fw-regular feature-heading\"><strong>Caracter\u00edsticas<\/strong><\/h3>\n<ul>\n<li><strong>No puedes ser demasiado sensible<\/strong><br \/>\nAumente su precisi\u00f3n con el sensor OMEN Radar 3 de grado E-sport, desarrollado conjuntamente con PixArt, que admite hasta 16 000 ppp con un 99 % de precisi\u00f3n, 400 IPS, aceleraci\u00f3n y autocalibraci\u00f3n.<\/li>\n<li><strong>Lanza tu peso alrededor<\/strong><br \/>\nExperimente un control optimizado con hasta 25 g de peso para que pueda ajustar el mouse a su forma de jugar.<\/li>\n<li><strong>Tu juego, a tu manera<\/strong><br \/>\nJuega a tu manera con las opciones del centro de comando OMEN que van desde 16,8 millones de colores, 6 botones programables y 100-16 000 ppp.<\/li>\n<li><strong>Solo sigue haciendo clic<\/strong><br \/>\nOptimice sus tiempos de respuesta con interruptores Omron extremadamente confiables y una vida \u00fatil de 50 millones de clics.<\/li>\n<li><strong>Para\u00edso para tus palmas<\/strong><br \/>\nEsculpido para encajar perfectamente en tu mano, disfruta de un juego incre\u00edblemente c\u00f3modo con un agarre de goma texturizado.<\/li>\n<li><strong>Config\u00faralo y olv\u00eddalo<\/strong><br \/>\nJuega est\u00e9s donde est\u00e9s con OMEN Command Center que guarda tu configuraci\u00f3n preferida y perfiles ilimitados, para que nunca pierdas un clic.<\/li>\n<li><strong>No te dejes atrapar por un giro<\/strong><br \/>\nutilizando un cable trenzado suave a prueba de enganches que est\u00e1 dise\u00f1ado para durar.<\/li>\n<\/ul>\n<\/div>\n","protected":false},"excerpt":{"rendered":"<p>Prep\u00e1rate para experimentar el rendimiento en la palma de tu mano.\u00a0Con el sensor OMEN Radar 3 de grado E-sport que admite hasta 16,000 ppp, su precisi\u00f3n estar\u00e1 en el punto.<\/p>\n","protected":false},"featured_media":90094,"comment_status":"open","ping_status":"closed","template":"","meta":{"_acf_changed":false,"_joinchat":[]},"product_brand":[],"product_cat":[277,280,434],"product_tag":[],"class_list":{"0":"post-90093","1":"product","2":"type-product","3":"status-publish","4":"has-post-thumbnail","6":"product_cat-zona-gamer","7":"product_cat-pc-gaming","8":"product_cat-mouse-y-teclado-gamer","10":"first","11":"instock","12":"sale","13":"shipping-taxable","14":"purchasable","15":"product-type-simple"},"acf":[],"_links":{"self":[{"href":"https:\/\/defabrica.com.mx\/defabrica\/wp-json\/wp\/v2\/product\/90093","targetHints":{"allow":["GET"]}}],"collection":[{"href":"https:\/\/defabrica.com.mx\/defabrica\/wp-json\/wp\/v2\/product"}],"about":[{"href":"https:\/\/defabrica.com.mx\/defabrica\/wp-json\/wp\/v2\/types\/product"}],"replies":[{"embeddable":true,"href":"https:\/\/defabrica.com.mx\/defabrica\/wp-json\/wp\/v2\/comments?post=90093"}],"wp:featuredmedia":[{"embeddable":true,"href":"https:\/\/defabrica.com.mx\/defabrica\/wp-json\/wp\/v2\/media\/90094"}],"wp:attachment":[{"href":"https:\/\/defabrica.com.mx\/defabrica\/wp-json\/wp\/v2\/media?parent=90093"}],"wp:term":[{"taxonomy":"product_brand","embeddable":true,"href":"https:\/\/defabrica.com.mx\/defabrica\/wp-json\/wp\/v2\/product_brand?post=90093"},{"taxonomy":"product_cat","embeddable":true,"href":"https:\/\/defabrica.com.mx\/defabrica\/wp-json\/wp\/v2\/product_cat?post=90093"},{"taxonomy":"product_tag","embeddable":true,"href":"https:\/\/defabrica.com.mx\/defabrica\/wp-json\/wp\/v2\/product_tag?post=90093"}],"curies":[{"name":"wp","href":"https:\/\/api.w.org\/{rel}","templated":true}]}}